{"id":3672,"date":"2025-09-19T14:08:38","date_gmt":"2025-09-19T12:08:38","guid":{"rendered":"https:\/\/antiquewhite-alligator-594470.hostingersite.com\/?post_type=product&#038;p=3672"},"modified":"2025-09-19T14:09:02","modified_gmt":"2025-09-19T12:09:02","slug":"robot-tondeuse-miimo-hrm-40-live","status":"publish","type":"product","link":"https:\/\/samaterielagricole.com\/en\/product\/robot-tondeuse-miimo-hrm-40-live\/","title":{"rendered":"Robot Tondeuse MIIMO HRM 40 LIVE"},"content":{"rendered":"<p>Caract\u00e9ristiques du\u00a0robot\u00a0tondeuse Miimo HRM 40 LIVE\u00a0:<br \/>\nJusqu&rsquo;\u00e0 400 m\u00b2<br \/>\nLargeur de coupe 19 cm<br \/>\nPuissance Lithium lon<br \/>\nCycles de charge : 45 min<br \/>\nPoids 8 kg<br \/>\n\ufffc<br \/>\nLa gamme Miimo c&rsquo;est :<br \/>\n\u00e9cran LCD<br \/>\nRoue d&rsquo;entrainement<br \/>\nCoque \u00e9tanche<br \/>\nS\u00e9curit\u00e9<br \/>\nLames<br \/>\nPoign\u00e9e r\u00e9glage de la hauteur de coupe<\/p>\n\n    <div class=\"xs_social_share_widget xs_share_url after_content \t\tmain_content  wslu-style-1 wslu-share-box-shaped wslu-fill-colored wslu-none wslu-share-horizontal wslu-theme-font-no wslu-main_content\">\n\n\t\t\n        <ul>\n\t\t\t        <\/ul>\n    <\/div>","protected":false},"excerpt":{"rendered":"<p>Le\u00a0robot\u00a0tondeuse Miimo HRM 40 LIVE\u00a0est le dernier n\u00e9 de la marque ! Gr\u00e2ce \u00e0 sa coupe de 19 cm, il est id\u00e9al pour les pelouses allant jusqu&rsquo;\u00e0 400 m\u00b2. De plus, il est connect\u00e9 ! Alors offrez vous le top du confort de tonte avec ce robot intelligent.<br \/>\nGarantie 03 ans<\/p>","protected":false},"featured_media":3737,"comment_status":"open","ping_status":"closed","template":"","meta":{"postBodyCss":"","postBodyMargin":[],"postBodyPadding":[],"postBodyBackground":{"backgroundType":"classic","gradient":""}},"product_brand":[],"product_cat":[227],"product_tag":[],"class_list":{"0":"post-3672","1":"product","2":"type-product","3":"status-publish","4":"has-post-thumbnail","6":"product_cat-tondeuses-robots","8":"first","9":"instock","10":"shipping-taxable","11":"purchasable","12":"product-type-simple"},"_links":{"self":[{"href":"https:\/\/samaterielagricole.com\/en\/wp-json\/wp\/v2\/product\/3672","targetHints":{"allow":["GET"]}}],"collection":[{"href":"https:\/\/samaterielagricole.com\/en\/wp-json\/wp\/v2\/product"}],"about":[{"href":"https:\/\/samaterielagricole.com\/en\/wp-json\/wp\/v2\/types\/product"}],"replies":[{"embeddable":true,"href":"https:\/\/samaterielagricole.com\/en\/wp-json\/wp\/v2\/comments?post=3672"}],"version-history":[{"count":1,"href":"https:\/\/samaterielagricole.com\/en\/wp-json\/wp\/v2\/product\/3672\/revisions"}],"predecessor-version":[{"id":3742,"href":"https:\/\/samaterielagricole.com\/en\/wp-json\/wp\/v2\/product\/3672\/revisions\/3742"}],"wp:featuredmedia":[{"embeddable":true,"href":"https:\/\/samaterielagricole.com\/en\/wp-json\/wp\/v2\/media\/3737"}],"wp:attachment":[{"href":"https:\/\/samaterielagricole.com\/en\/wp-json\/wp\/v2\/media?parent=3672"}],"wp:term":[{"taxonomy":"product_brand","embeddable":true,"href":"https:\/\/samaterielagricole.com\/en\/wp-json\/wp\/v2\/product_brand?post=3672"},{"taxonomy":"product_cat","embeddable":true,"href":"https:\/\/samaterielagricole.com\/en\/wp-json\/wp\/v2\/product_cat?post=3672"},{"taxonomy":"product_tag","embeddable":true,"href":"https:\/\/samaterielagricole.com\/en\/wp-json\/wp\/v2\/product_tag?post=3672"}],"curies":[{"name":"wp","href":"https:\/\/api.w.org\/{rel}","templated":true}]}}