{"id":3611,"date":"2025-09-19T14:07:54","date_gmt":"2025-09-19T12:07:54","guid":{"rendered":"https:\/\/antiquewhite-alligator-594470.hostingersite.com\/?post_type=product&#038;p=3611"},"modified":"2025-09-19T14:08:55","modified_gmt":"2025-09-19T12:08:55","slug":"robot-tondeuse-miimo-hrm-3000","status":"publish","type":"product","link":"https:\/\/samaterielagricole.com\/en\/product\/robot-tondeuse-miimo-hrm-3000\/","title":{"rendered":"Robot\u00a0tondeuse Miimo HRM 3000"},"content":{"rendered":"<p>Caract\u00e9ristiques du robot tondeuse Miimo HRM 3000 :<br \/>\nJusqu&rsquo;\u00e0 4000 m\u00b2<br \/>\nLargeur de coupe 25 cm<br \/>\nPuissance Lithium lon<br \/>\nCycles de charge : 90 min (tonte) \/ 60 min (charge)<br \/>\nPente : jusqu&rsquo;\u00e0 24\u00b0 \/ 44.52%<br \/>\nPoids 12 kg<br \/>\nLa gamme Miimo c&rsquo;est :<br \/>\n\u00e9cran LCD<br \/>\nRoue d&rsquo;entrainement<br \/>\nCoque \u00e9tanche<br \/>\nS\u00e9curit\u00e9<br \/>\nLames<br \/>\nPoign\u00e9e r\u00e9glage de la hauteur de coupe<\/p>\n\n    <div class=\"xs_social_share_widget xs_share_url after_content \t\tmain_content  wslu-style-1 wslu-share-box-shaped wslu-fill-colored wslu-none wslu-share-horizontal wslu-theme-font-no wslu-main_content\">\n\n\t\t\n        <ul>\n\t\t\t        <\/ul>\n    <\/div>","protected":false},"excerpt":{"rendered":"<p>Le robot tondeuse Miimo HRM 3000 est le top en mati\u00e8re de confort de tonte puisqu&rsquo;il est connect\u00e9 et poss\u00e8de une hauteur de coupe de 25 cm. C&rsquo;est le robot id\u00e9al pour les pelouses allant jusqu&rsquo;\u00e0 4000 m\u00b2.<br \/>\nGarantie 03 ans<\/p>","protected":false},"featured_media":3707,"comment_status":"open","ping_status":"closed","template":"","meta":{"postBodyCss":"","postBodyMargin":[],"postBodyPadding":[],"postBodyBackground":{"backgroundType":"classic","gradient":""}},"product_brand":[],"product_cat":[227],"product_tag":[],"class_list":{"0":"post-3611","1":"product","2":"type-product","3":"status-publish","4":"has-post-thumbnail","6":"product_cat-tondeuses-robots","8":"first","9":"instock","10":"shipping-taxable","11":"purchasable","12":"product-type-simple"},"_links":{"self":[{"href":"https:\/\/samaterielagricole.com\/en\/wp-json\/wp\/v2\/product\/3611","targetHints":{"allow":["GET"]}}],"collection":[{"href":"https:\/\/samaterielagricole.com\/en\/wp-json\/wp\/v2\/product"}],"about":[{"href":"https:\/\/samaterielagricole.com\/en\/wp-json\/wp\/v2\/types\/product"}],"replies":[{"embeddable":true,"href":"https:\/\/samaterielagricole.com\/en\/wp-json\/wp\/v2\/comments?post=3611"}],"version-history":[{"count":1,"href":"https:\/\/samaterielagricole.com\/en\/wp-json\/wp\/v2\/product\/3611\/revisions"}],"predecessor-version":[{"id":3708,"href":"https:\/\/samaterielagricole.com\/en\/wp-json\/wp\/v2\/product\/3611\/revisions\/3708"}],"wp:featuredmedia":[{"embeddable":true,"href":"https:\/\/samaterielagricole.com\/en\/wp-json\/wp\/v2\/media\/3707"}],"wp:attachment":[{"href":"https:\/\/samaterielagricole.com\/en\/wp-json\/wp\/v2\/media?parent=3611"}],"wp:term":[{"taxonomy":"product_brand","embeddable":true,"href":"https:\/\/samaterielagricole.com\/en\/wp-json\/wp\/v2\/product_brand?post=3611"},{"taxonomy":"product_cat","embeddable":true,"href":"https:\/\/samaterielagricole.com\/en\/wp-json\/wp\/v2\/product_cat?post=3611"},{"taxonomy":"product_tag","embeddable":true,"href":"https:\/\/samaterielagricole.com\/en\/wp-json\/wp\/v2\/product_tag?post=3611"}],"curies":[{"name":"wp","href":"https:\/\/api.w.org\/{rel}","templated":true}]}}