{"id":3609,"date":"2025-09-19T14:07:54","date_gmt":"2025-09-19T12:07:54","guid":{"rendered":"https:\/\/antiquewhite-alligator-594470.hostingersite.com\/?post_type=product&#038;p=3609"},"modified":"2025-09-19T14:08:51","modified_gmt":"2025-09-19T12:08:51","slug":"tondeuse-honda-a-batterie-hrg-466-xb-tractee","status":"publish","type":"product","link":"https:\/\/samaterielagricole.com\/en\/product\/tondeuse-honda-a-batterie-hrg-466-xb-tractee\/","title":{"rendered":"Tondeuse Honda \u00e0 batterie\u00a0HRG 466 XB tract\u00e9e"},"content":{"rendered":"<p>Les caract\u00e9ristiques de la tondeuse \u00e0 batterie HRG 466 XB tract\u00e9e :<br \/>\nSurface maximale conseill\u00e9e : 600 m\u00b2<br \/>\nPuissance nette : 1.8 kW \u00e0 2800 trs\/min<br \/>\nTransmission : &#8211; Avancement : Tract\u00e9e<br \/>\nD\u00e9marrage : Bouton<br \/>\nCarter : Acier<br \/>\nR\u00e9glage de la hauteur de coupe : par essieu &#8211; 6 hauteurs (de 19 \u00e0 73 mm)<br \/>\nLargeur de coupe : 46 cm<br \/>\nNiveau sonore : 91 dB(A)<\/p>\n\n    <div class=\"xs_social_share_widget xs_share_url after_content \t\tmain_content  wslu-style-1 wslu-share-box-shaped wslu-fill-colored wslu-none wslu-share-horizontal wslu-theme-font-no wslu-main_content\">\n\n\t\t\n        <ul>\n\t\t\t        <\/ul>\n    <\/div>","protected":false},"excerpt":{"rendered":"<p>La tondeuse tract\u00e9e \u00e0 batterie HRG 466 XB b\u00e9n\u00e9ficie d&rsquo;une largeur de coupe de 46 cm et d&rsquo;un guidon r\u00e9glable ce qui vous facilite l&rsquo;accessibilit\u00e9 au bac de ramassage pour un travail confortable.<br \/>\nGarantie 05 ans<\/p>","protected":false},"featured_media":3701,"comment_status":"open","ping_status":"closed","template":"","meta":{"postBodyCss":"","postBodyMargin":[],"postBodyPadding":[],"postBodyBackground":{"backgroundType":"classic","gradient":""}},"product_brand":[],"product_cat":[230],"product_tag":[],"class_list":{"0":"post-3609","1":"product","2":"type-product","3":"status-publish","4":"has-post-thumbnail","6":"product_cat-tondeuse-a-gazon","8":"first","9":"instock","10":"shipping-taxable","11":"purchasable","12":"product-type-simple"},"_links":{"self":[{"href":"https:\/\/samaterielagricole.com\/en\/wp-json\/wp\/v2\/product\/3609","targetHints":{"allow":["GET"]}}],"collection":[{"href":"https:\/\/samaterielagricole.com\/en\/wp-json\/wp\/v2\/product"}],"about":[{"href":"https:\/\/samaterielagricole.com\/en\/wp-json\/wp\/v2\/types\/product"}],"replies":[{"embeddable":true,"href":"https:\/\/samaterielagricole.com\/en\/wp-json\/wp\/v2\/comments?post=3609"}],"version-history":[{"count":1,"href":"https:\/\/samaterielagricole.com\/en\/wp-json\/wp\/v2\/product\/3609\/revisions"}],"predecessor-version":[{"id":3702,"href":"https:\/\/samaterielagricole.com\/en\/wp-json\/wp\/v2\/product\/3609\/revisions\/3702"}],"wp:featuredmedia":[{"embeddable":true,"href":"https:\/\/samaterielagricole.com\/en\/wp-json\/wp\/v2\/media\/3701"}],"wp:attachment":[{"href":"https:\/\/samaterielagricole.com\/en\/wp-json\/wp\/v2\/media?parent=3609"}],"wp:term":[{"taxonomy":"product_brand","embeddable":true,"href":"https:\/\/samaterielagricole.com\/en\/wp-json\/wp\/v2\/product_brand?post=3609"},{"taxonomy":"product_cat","embeddable":true,"href":"https:\/\/samaterielagricole.com\/en\/wp-json\/wp\/v2\/product_cat?post=3609"},{"taxonomy":"product_tag","embeddable":true,"href":"https:\/\/samaterielagricole.com\/en\/wp-json\/wp\/v2\/product_tag?post=3609"}],"curies":[{"name":"wp","href":"https:\/\/api.w.org\/{rel}","templated":true}]}}