{"id":3608,"date":"2025-09-19T14:07:54","date_gmt":"2025-09-19T12:07:54","guid":{"rendered":"https:\/\/antiquewhite-alligator-594470.hostingersite.com\/?post_type=product&#038;p=3608"},"modified":"2025-09-19T14:08:49","modified_gmt":"2025-09-19T12:08:49","slug":"tondeuse-a-gazon-honda-hrx-476-hye","status":"publish","type":"product","link":"https:\/\/samaterielagricole.com\/en\/product\/tondeuse-a-gazon-honda-hrx-476-hye\/","title":{"rendered":"Tondeuse \u00e0 gazon Honda HRX 476 HYE"},"content":{"rendered":"<p>Caract\u00e9ristiques de la tondeuse \u00e0 gazon Honda HRX 476 HYEA :<br \/>\nMoteur GCVx 170<br \/>\nLargeur de coupe 47 cm<br \/>\nTransmission hydrostatique<br \/>\nBac de ramassage 69 litres<br \/>\nFrein de lame Rotostop<br \/>\nCarter en polystrong<br \/>\nMulching : Versamow (s\u00e9lecteur de mulching int\u00e9gr\u00e9)<\/p>\n\n    <div class=\"xs_social_share_widget xs_share_url after_content \t\tmain_content  wslu-style-1 wslu-share-box-shaped wslu-fill-colored wslu-none wslu-share-horizontal wslu-theme-font-no wslu-main_content\">\n\n\t\t\n        <ul>\n\t\t\t        <\/ul>\n    <\/div>","protected":false},"excerpt":{"rendered":"<p>Cette tondeuse \u00e0 gazon thermique Honda HRX 476 HYEA est un mod\u00e8le robuste, dot\u00e9e d&rsquo;un carter de coupe de 47 cm et de la fonction Rotostop<br \/>\nGarantie 05 ans<\/p>","protected":false},"featured_media":3698,"comment_status":"open","ping_status":"closed","template":"","meta":{"postBodyCss":"","postBodyMargin":[],"postBodyPadding":[],"postBodyBackground":{"backgroundType":"classic","gradient":""}},"product_brand":[],"product_cat":[230],"product_tag":[],"class_list":{"0":"post-3608","1":"product","2":"type-product","3":"status-publish","4":"has-post-thumbnail","6":"product_cat-tondeuse-a-gazon","8":"first","9":"instock","10":"shipping-taxable","11":"purchasable","12":"product-type-simple"},"_links":{"self":[{"href":"https:\/\/samaterielagricole.com\/en\/wp-json\/wp\/v2\/product\/3608","targetHints":{"allow":["GET"]}}],"collection":[{"href":"https:\/\/samaterielagricole.com\/en\/wp-json\/wp\/v2\/product"}],"about":[{"href":"https:\/\/samaterielagricole.com\/en\/wp-json\/wp\/v2\/types\/product"}],"replies":[{"embeddable":true,"href":"https:\/\/samaterielagricole.com\/en\/wp-json\/wp\/v2\/comments?post=3608"}],"version-history":[{"count":1,"href":"https:\/\/samaterielagricole.com\/en\/wp-json\/wp\/v2\/product\/3608\/revisions"}],"predecessor-version":[{"id":3699,"href":"https:\/\/samaterielagricole.com\/en\/wp-json\/wp\/v2\/product\/3608\/revisions\/3699"}],"wp:featuredmedia":[{"embeddable":true,"href":"https:\/\/samaterielagricole.com\/en\/wp-json\/wp\/v2\/media\/3698"}],"wp:attachment":[{"href":"https:\/\/samaterielagricole.com\/en\/wp-json\/wp\/v2\/media?parent=3608"}],"wp:term":[{"taxonomy":"product_brand","embeddable":true,"href":"https:\/\/samaterielagricole.com\/en\/wp-json\/wp\/v2\/product_brand?post=3608"},{"taxonomy":"product_cat","embeddable":true,"href":"https:\/\/samaterielagricole.com\/en\/wp-json\/wp\/v2\/product_cat?post=3608"},{"taxonomy":"product_tag","embeddable":true,"href":"https:\/\/samaterielagricole.com\/en\/wp-json\/wp\/v2\/product_tag?post=3608"}],"curies":[{"name":"wp","href":"https:\/\/api.w.org\/{rel}","templated":true}]}}