{"id":3607,"date":"2025-09-19T14:07:54","date_gmt":"2025-09-19T12:07:54","guid":{"rendered":"https:\/\/antiquewhite-alligator-594470.hostingersite.com\/?post_type=product&#038;p=3607"},"modified":"2025-09-19T14:08:47","modified_gmt":"2025-09-19T12:08:47","slug":"tondeuse-a-gazon-honda-hrd-c-536-hxea","status":"publish","type":"product","link":"https:\/\/samaterielagricole.com\/en\/product\/tondeuse-a-gazon-honda-hrd-c-536-hxea\/","title":{"rendered":"Tondeuse \u00e0 Gazon Honda\u00a0HRD C 536 HXEA"},"content":{"rendered":"<p>CARACT\u00c9RISTIQUES DE LA TONDEUSE \u00c0 GAZON HONDA HRD C 536 HXEA :<br \/>\nMoteur GCV 160 &#8211; 160 cm3<br \/>\nTransmission hydrostatique<br \/>\nD\u00e9marrage Lanceur<br \/>\nLargeur de coupe 53 cm<br \/>\nCapacit\u00e9 du bac de ramassage 80 litres<br \/>\nKit mulching en option<\/p>\n\n    <div class=\"xs_social_share_widget xs_share_url after_content \t\tmain_content  wslu-style-1 wslu-share-box-shaped wslu-fill-colored wslu-none wslu-share-horizontal wslu-theme-font-no wslu-main_content\">\n\n\t\t\n        <ul>\n\t\t\t        <\/ul>\n    <\/div>","protected":false},"excerpt":{"rendered":"<p>La tondeuse \u00e0 gazon HONDA HRD 536 C HXEA est une tondeuse semi-pros, id\u00e9ale pour les usages fr\u00e9quents sur des terrains inf\u00e9rieurs \u00e0 2200m\u00b2<br \/>\nGarantie 05 ans<\/p>","protected":false},"featured_media":3696,"comment_status":"open","ping_status":"closed","template":"","meta":{"postBodyCss":"","postBodyMargin":[],"postBodyPadding":[],"postBodyBackground":{"backgroundType":"classic","gradient":""}},"product_brand":[],"product_cat":[230],"product_tag":[],"class_list":{"0":"post-3607","1":"product","2":"type-product","3":"status-publish","4":"has-post-thumbnail","6":"product_cat-tondeuse-a-gazon","8":"first","9":"instock","10":"shipping-taxable","11":"purchasable","12":"product-type-simple"},"_links":{"self":[{"href":"https:\/\/samaterielagricole.com\/en\/wp-json\/wp\/v2\/product\/3607","targetHints":{"allow":["GET"]}}],"collection":[{"href":"https:\/\/samaterielagricole.com\/en\/wp-json\/wp\/v2\/product"}],"about":[{"href":"https:\/\/samaterielagricole.com\/en\/wp-json\/wp\/v2\/types\/product"}],"replies":[{"embeddable":true,"href":"https:\/\/samaterielagricole.com\/en\/wp-json\/wp\/v2\/comments?post=3607"}],"version-history":[{"count":1,"href":"https:\/\/samaterielagricole.com\/en\/wp-json\/wp\/v2\/product\/3607\/revisions"}],"predecessor-version":[{"id":3697,"href":"https:\/\/samaterielagricole.com\/en\/wp-json\/wp\/v2\/product\/3607\/revisions\/3697"}],"wp:featuredmedia":[{"embeddable":true,"href":"https:\/\/samaterielagricole.com\/en\/wp-json\/wp\/v2\/media\/3696"}],"wp:attachment":[{"href":"https:\/\/samaterielagricole.com\/en\/wp-json\/wp\/v2\/media?parent=3607"}],"wp:term":[{"taxonomy":"product_brand","embeddable":true,"href":"https:\/\/samaterielagricole.com\/en\/wp-json\/wp\/v2\/product_brand?post=3607"},{"taxonomy":"product_cat","embeddable":true,"href":"https:\/\/samaterielagricole.com\/en\/wp-json\/wp\/v2\/product_cat?post=3607"},{"taxonomy":"product_tag","embeddable":true,"href":"https:\/\/samaterielagricole.com\/en\/wp-json\/wp\/v2\/product_tag?post=3607"}],"curies":[{"name":"wp","href":"https:\/\/api.w.org\/{rel}","templated":true}]}}