{"id":3606,"date":"2025-09-19T14:07:54","date_gmt":"2025-09-19T12:07:54","guid":{"rendered":"https:\/\/antiquewhite-alligator-594470.hostingersite.com\/?post_type=product&#038;p=3606"},"modified":"2025-09-19T14:08:46","modified_gmt":"2025-09-19T12:08:46","slug":"tondeuse-thermique-honda-hrx-537-hye","status":"publish","type":"product","link":"https:\/\/samaterielagricole.com\/en\/product\/tondeuse-thermique-honda-hrx-537-hye\/","title":{"rendered":"Tondeuse thermique Honda HRX 537 HYE"},"content":{"rendered":"<p>Les caract\u00e9ristiques de la tondeuse thermique Honda HRX 537 HYE :<br \/>\nId\u00e9ale pour les terrains jusqu&rsquo;\u00e0 2000m\u00b2<br \/>\nCoupe 53 cm<br \/>\nAutotract\u00e9e<br \/>\nTransmission hydrostatique<br \/>\nEmbrayage de lames Rotostop<br \/>\nCarter en Polystrong<\/p>\n\n    <div class=\"xs_social_share_widget xs_share_url after_content \t\tmain_content  wslu-style-1 wslu-share-box-shaped wslu-fill-colored wslu-none wslu-share-horizontal wslu-theme-font-no wslu-main_content\">\n\n\t\t\n        <ul>\n\t\t\t        <\/ul>\n    <\/div>","protected":false},"excerpt":{"rendered":"<p>La tondeuse \u00e0 gazon Honda HRX 537 HYEA est un mod\u00e8le thermique, robuste, \u00e0 vitesse variable. Id\u00e9ale pour des surfaces de tonte jusqu&rsquo;\u00e0 2000m\u00b2<br \/>\nGarantie 05 ans<\/p>","protected":false},"featured_media":3694,"comment_status":"open","ping_status":"closed","template":"","meta":{"postBodyCss":"","postBodyMargin":[],"postBodyPadding":[],"postBodyBackground":{"backgroundType":"classic","gradient":""}},"product_brand":[],"product_cat":[230],"product_tag":[],"class_list":{"0":"post-3606","1":"product","2":"type-product","3":"status-publish","4":"has-post-thumbnail","6":"product_cat-tondeuse-a-gazon","8":"first","9":"instock","10":"shipping-taxable","11":"purchasable","12":"product-type-simple"},"_links":{"self":[{"href":"https:\/\/samaterielagricole.com\/en\/wp-json\/wp\/v2\/product\/3606","targetHints":{"allow":["GET"]}}],"collection":[{"href":"https:\/\/samaterielagricole.com\/en\/wp-json\/wp\/v2\/product"}],"about":[{"href":"https:\/\/samaterielagricole.com\/en\/wp-json\/wp\/v2\/types\/product"}],"replies":[{"embeddable":true,"href":"https:\/\/samaterielagricole.com\/en\/wp-json\/wp\/v2\/comments?post=3606"}],"version-history":[{"count":1,"href":"https:\/\/samaterielagricole.com\/en\/wp-json\/wp\/v2\/product\/3606\/revisions"}],"predecessor-version":[{"id":3695,"href":"https:\/\/samaterielagricole.com\/en\/wp-json\/wp\/v2\/product\/3606\/revisions\/3695"}],"wp:featuredmedia":[{"embeddable":true,"href":"https:\/\/samaterielagricole.com\/en\/wp-json\/wp\/v2\/media\/3694"}],"wp:attachment":[{"href":"https:\/\/samaterielagricole.com\/en\/wp-json\/wp\/v2\/media?parent=3606"}],"wp:term":[{"taxonomy":"product_brand","embeddable":true,"href":"https:\/\/samaterielagricole.com\/en\/wp-json\/wp\/v2\/product_brand?post=3606"},{"taxonomy":"product_cat","embeddable":true,"href":"https:\/\/samaterielagricole.com\/en\/wp-json\/wp\/v2\/product_cat?post=3606"},{"taxonomy":"product_tag","embeddable":true,"href":"https:\/\/samaterielagricole.com\/en\/wp-json\/wp\/v2\/product_tag?post=3606"}],"curies":[{"name":"wp","href":"https:\/\/api.w.org\/{rel}","templated":true}]}}