{"id":3605,"date":"2025-09-19T14:07:54","date_gmt":"2025-09-19T12:07:54","guid":{"rendered":"https:\/\/antiquewhite-alligator-594470.hostingersite.com\/?post_type=product&#038;p=3605"},"modified":"2025-09-19T14:08:46","modified_gmt":"2025-09-19T12:08:46","slug":"tondeuse-thermique-stihl-rm-756-gs-stihl","status":"publish","type":"product","link":"https:\/\/samaterielagricole.com\/en\/product\/tondeuse-thermique-stihl-rm-756-gs-stihl\/","title":{"rendered":"Tondeuse thermique Stihl RM 756 GS STIHL\u00a0"},"content":{"rendered":"<p>Ses caract\u00e9ristiques techniques :<br \/>\nEmbrayage\/frein de lame.<br \/>\nLargeur de coupe : 54 cm<br \/>\nMoteur : Kawasaki FJ 180 V KAI OHV<br \/>\nEntra\u00eenement \u00e0 3 vitesses : 2.5 km\/h, 3.7 km\/h et 5 km\/h<br \/>\nBac de ramassage : 80 litres.<br \/>\nGuidon : r\u00e9glable en hauteur avec poign\u00e9e caoutchout\u00e9e ergonomique.<br \/>\nCylindr\u00e9e : 179 cm3<\/p>\n\n    <div class=\"xs_social_share_widget xs_share_url after_content \t\tmain_content  wslu-style-1 wslu-share-box-shaped wslu-fill-colored wslu-none wslu-share-horizontal wslu-theme-font-no wslu-main_content\">\n\n\t\t\n        <ul>\n\t\t\t        <\/ul>\n    <\/div>","protected":false},"excerpt":{"rendered":"<p>La tondeuse thermique Stihl RM 756 GS STIHL est une tondeuse professionnelle puissante et sp\u00e9cialement cr\u00e9\u00e9e pour les jardiniers les plus exigeants.<br \/>\nPour l\u2019achat d\u2019une tondeuse thermique RM 756 GS, profitez de deux ans de garantie et d\u2019un Smart Connector offert !<br \/>\nGarantie 02 ans<\/p>","protected":false},"featured_media":3691,"comment_status":"open","ping_status":"closed","template":"","meta":{"postBodyCss":"","postBodyMargin":[],"postBodyPadding":[],"postBodyBackground":{"backgroundType":"classic","gradient":""}},"product_brand":[],"product_cat":[230],"product_tag":[],"class_list":{"0":"post-3605","1":"product","2":"type-product","3":"status-publish","4":"has-post-thumbnail","6":"product_cat-tondeuse-a-gazon","8":"first","9":"instock","10":"shipping-taxable","11":"purchasable","12":"product-type-simple"},"_links":{"self":[{"href":"https:\/\/samaterielagricole.com\/en\/wp-json\/wp\/v2\/product\/3605","targetHints":{"allow":["GET"]}}],"collection":[{"href":"https:\/\/samaterielagricole.com\/en\/wp-json\/wp\/v2\/product"}],"about":[{"href":"https:\/\/samaterielagricole.com\/en\/wp-json\/wp\/v2\/types\/product"}],"replies":[{"embeddable":true,"href":"https:\/\/samaterielagricole.com\/en\/wp-json\/wp\/v2\/comments?post=3605"}],"version-history":[{"count":1,"href":"https:\/\/samaterielagricole.com\/en\/wp-json\/wp\/v2\/product\/3605\/revisions"}],"predecessor-version":[{"id":3692,"href":"https:\/\/samaterielagricole.com\/en\/wp-json\/wp\/v2\/product\/3605\/revisions\/3692"}],"wp:featuredmedia":[{"embeddable":true,"href":"https:\/\/samaterielagricole.com\/en\/wp-json\/wp\/v2\/media\/3691"}],"wp:attachment":[{"href":"https:\/\/samaterielagricole.com\/en\/wp-json\/wp\/v2\/media?parent=3605"}],"wp:term":[{"taxonomy":"product_brand","embeddable":true,"href":"https:\/\/samaterielagricole.com\/en\/wp-json\/wp\/v2\/product_brand?post=3605"},{"taxonomy":"product_cat","embeddable":true,"href":"https:\/\/samaterielagricole.com\/en\/wp-json\/wp\/v2\/product_cat?post=3605"},{"taxonomy":"product_tag","embeddable":true,"href":"https:\/\/samaterielagricole.com\/en\/wp-json\/wp\/v2\/product_tag?post=3605"}],"curies":[{"name":"wp","href":"https:\/\/api.w.org\/{rel}","templated":true}]}}