{"id":3604,"date":"2025-09-19T14:07:54","date_gmt":"2025-09-19T12:07:54","guid":{"rendered":"https:\/\/antiquewhite-alligator-594470.hostingersite.com\/?post_type=product&#038;p=3604"},"modified":"2025-09-19T14:08:44","modified_gmt":"2025-09-19T12:08:44","slug":"tondeuse-a-gazon-honda-hrh-536-hxe-pro","status":"publish","type":"product","link":"https:\/\/samaterielagricole.com\/en\/product\/tondeuse-a-gazon-honda-hrh-536-hxe-pro\/","title":{"rendered":"Tondeuse \u00e0 Gazon Honda HRH 536 HXE PRO"},"content":{"rendered":"<p>Caract\u00e9ristiques de la tondeuse \u00e0 gazon Honda HRH 536 HXE :<br \/>\nMoteur GXV 160, 4 temps, OHC &#8211; Cylindr\u00e9e 163 cc &#8211; Puissance nette 3.2 Kw\/3600 &#8211; D\u00e9marrage Lanceur &#8211; Transmission hydrostatique &#8211; Rotostop (embrayage de lame) &#8211; Largeur de coupe 53 cm &#8211; Carter en aluminium renforc\u00e9 &#8211; 6 hauteurs de coupe de 22 \u00e0 77 mm &#8211; Capacit\u00e9 du bac de ramassage 83 Litres en toile anti-poussi\u00e8re &#8211; Poids \u00e0 vide 60 kg &#8211; Niveau sonore 98 dB(A)<\/p>\n\n    <div class=\"xs_social_share_widget xs_share_url after_content \t\tmain_content  wslu-style-1 wslu-share-box-shaped wslu-fill-colored wslu-none wslu-share-horizontal wslu-theme-font-no wslu-main_content\">\n\n\t\t\n        <ul>\n\t\t\t        <\/ul>\n    <\/div>","protected":false},"excerpt":{"rendered":"<p>La tondeuse \u00e0 gazon Honda HRH 536 HXE PRO a tout d&rsquo;une grande ! Coupe 53 cm pour les surfaces inf\u00e9rieures \u00e0 2500m\u00b2, transmission hydro, Rotostop, carter alu renforc\u00e9 !<br \/>\nGarantie 05 ans<\/p>","protected":false},"featured_media":3689,"comment_status":"open","ping_status":"closed","template":"","meta":{"postBodyCss":"","postBodyMargin":[],"postBodyPadding":[],"postBodyBackground":{"backgroundType":"classic","gradient":""}},"product_brand":[],"product_cat":[230],"product_tag":[],"class_list":{"0":"post-3604","1":"product","2":"type-product","3":"status-publish","4":"has-post-thumbnail","6":"product_cat-tondeuse-a-gazon","8":"first","9":"instock","10":"shipping-taxable","11":"purchasable","12":"product-type-simple"},"_links":{"self":[{"href":"https:\/\/samaterielagricole.com\/en\/wp-json\/wp\/v2\/product\/3604","targetHints":{"allow":["GET"]}}],"collection":[{"href":"https:\/\/samaterielagricole.com\/en\/wp-json\/wp\/v2\/product"}],"about":[{"href":"https:\/\/samaterielagricole.com\/en\/wp-json\/wp\/v2\/types\/product"}],"replies":[{"embeddable":true,"href":"https:\/\/samaterielagricole.com\/en\/wp-json\/wp\/v2\/comments?post=3604"}],"version-history":[{"count":1,"href":"https:\/\/samaterielagricole.com\/en\/wp-json\/wp\/v2\/product\/3604\/revisions"}],"predecessor-version":[{"id":3690,"href":"https:\/\/samaterielagricole.com\/en\/wp-json\/wp\/v2\/product\/3604\/revisions\/3690"}],"wp:featuredmedia":[{"embeddable":true,"href":"https:\/\/samaterielagricole.com\/en\/wp-json\/wp\/v2\/media\/3689"}],"wp:attachment":[{"href":"https:\/\/samaterielagricole.com\/en\/wp-json\/wp\/v2\/media?parent=3604"}],"wp:term":[{"taxonomy":"product_brand","embeddable":true,"href":"https:\/\/samaterielagricole.com\/en\/wp-json\/wp\/v2\/product_brand?post=3604"},{"taxonomy":"product_cat","embeddable":true,"href":"https:\/\/samaterielagricole.com\/en\/wp-json\/wp\/v2\/product_cat?post=3604"},{"taxonomy":"product_tag","embeddable":true,"href":"https:\/\/samaterielagricole.com\/en\/wp-json\/wp\/v2\/product_tag?post=3604"}],"curies":[{"name":"wp","href":"https:\/\/api.w.org\/{rel}","templated":true}]}}