{"id":3564,"date":"2025-09-19T14:07:32","date_gmt":"2025-09-19T12:07:32","guid":{"rendered":"https:\/\/antiquewhite-alligator-594470.hostingersite.com\/?post_type=product&#038;p=3564"},"modified":"2025-09-19T14:08:43","modified_gmt":"2025-09-19T12:08:43","slug":"tondeuse-autoportee-kubota-gr1600-iii","status":"publish","type":"product","link":"https:\/\/samaterielagricole.com\/en\/product\/tondeuse-autoportee-kubota-gr1600-iii\/","title":{"rendered":"Tondeuse autoport\u00e9e KUBOTA GR1600 III"},"content":{"rendered":"<p>Caract\u00e9ristiques de la tondeuse Kubota\u00a0GR 1600\u00a0autoport\u00e9e<\/p>\n<p>Moteur de la\u00a0tondeuse autoport\u00e9e\u00a0Kubota\u00a013,5 CV diesel,\u00a02 cylindres\u00a0479 cm3<br \/>\nTransmission hydrostatique\u00a02 Roues Motrices<br \/>\nDirection m\u00e9canique<br \/>\nRelevage tringlerie<br \/>\nEjection arri\u00e8re plateau 1,07 m<br \/>\nBac de ramassage\u00a0370 litres<br \/>\narceau de s\u00e9curit\u00e9<br \/>\nKit mulching en option<\/p>\n<p>&nbsp;<\/p>\n\n    <div class=\"xs_social_share_widget xs_share_url after_content \t\tmain_content  wslu-style-1 wslu-share-box-shaped wslu-fill-colored wslu-none wslu-share-horizontal wslu-theme-font-no wslu-main_content\">\n\n\t\t\n        <ul>\n\t\t\t        <\/ul>\n    <\/div>","protected":false},"excerpt":{"rendered":"<p>Ce tracteur tondeuse Kubota GR1600 II facilite les travaux d&rsquo;entretien de la pelouse sur de vastes espaces. Avec\u00a0la fonction \u00e9jection arri\u00e8re plateau et la direction m\u00e9canique de cette tondeuse, entretenez votre ext\u00e9rieur ais\u00e9ment.<\/p>\n<p>Garantie 2 ans<br \/>\nFrais de livraison offert<br \/>\nNous livrons dans les DOM-TOM en HT<\/p>","protected":false},"featured_media":3687,"comment_status":"open","ping_status":"closed","template":"","meta":{"postBodyCss":"","postBodyMargin":[],"postBodyPadding":[],"postBodyBackground":{"backgroundType":"classic","gradient":""}},"product_brand":[],"product_cat":[228],"product_tag":[],"class_list":{"0":"post-3564","1":"product","2":"type-product","3":"status-publish","4":"has-post-thumbnail","6":"product_cat-tondeuses-autoportees","8":"first","9":"instock","10":"sale","11":"shipping-taxable","12":"purchasable","13":"product-type-simple"},"_links":{"self":[{"href":"https:\/\/samaterielagricole.com\/en\/wp-json\/wp\/v2\/product\/3564","targetHints":{"allow":["GET"]}}],"collection":[{"href":"https:\/\/samaterielagricole.com\/en\/wp-json\/wp\/v2\/product"}],"about":[{"href":"https:\/\/samaterielagricole.com\/en\/wp-json\/wp\/v2\/types\/product"}],"replies":[{"embeddable":true,"href":"https:\/\/samaterielagricole.com\/en\/wp-json\/wp\/v2\/comments?post=3564"}],"version-history":[{"count":1,"href":"https:\/\/samaterielagricole.com\/en\/wp-json\/wp\/v2\/product\/3564\/revisions"}],"predecessor-version":[{"id":3688,"href":"https:\/\/samaterielagricole.com\/en\/wp-json\/wp\/v2\/product\/3564\/revisions\/3688"}],"wp:featuredmedia":[{"embeddable":true,"href":"https:\/\/samaterielagricole.com\/en\/wp-json\/wp\/v2\/media\/3687"}],"wp:attachment":[{"href":"https:\/\/samaterielagricole.com\/en\/wp-json\/wp\/v2\/media?parent=3564"}],"wp:term":[{"taxonomy":"product_brand","embeddable":true,"href":"https:\/\/samaterielagricole.com\/en\/wp-json\/wp\/v2\/product_brand?post=3564"},{"taxonomy":"product_cat","embeddable":true,"href":"https:\/\/samaterielagricole.com\/en\/wp-json\/wp\/v2\/product_cat?post=3564"},{"taxonomy":"product_tag","embeddable":true,"href":"https:\/\/samaterielagricole.com\/en\/wp-json\/wp\/v2\/product_tag?post=3564"}],"curies":[{"name":"wp","href":"https:\/\/api.w.org\/{rel}","templated":true}]}}