{"id":3563,"date":"2025-09-19T14:07:32","date_gmt":"2025-09-19T12:07:32","guid":{"rendered":"https:\/\/antiquewhite-alligator-594470.hostingersite.com\/?post_type=product&#038;p=3563"},"modified":"2025-09-19T14:08:41","modified_gmt":"2025-09-19T12:08:41","slug":"tondeuse-autoportee-husqvarna-tc342t","status":"publish","type":"product","link":"https:\/\/samaterielagricole.com\/en\/product\/tondeuse-autoportee-husqvarna-tc342t\/","title":{"rendered":"Tondeuse autoport\u00e9e HUSQVARNA TC342T"},"content":{"rendered":"<p>CARACT\u00c9RISTIQUES DE LA\u00a0TONDEUSE AUTOPORT\u00c9E\u00a0HUSQVARNA TC 342<\/p>\n<p>Remplace le\u00a0TC342T<br \/>\nBac de ramassage :\u00a0320L<br \/>\nMoteur\u00a0Kawaski FR651V Twin<\/p>\n<p>Cylindr\u00e9e 726 cm3<br \/>\nTondeuse\u00a0avec largeur de coupe\u00a0de 107 cm<br \/>\nMulching au si\u00e8ge<br \/>\nD\u00e9flecteur arri\u00e8re en option<br \/>\nTransmission\u00a0Hydrostatique au pied<\/p>\n<p>Embrayage de lame :\u00a0Electromagn\u00e9tique.<br \/>\nPhares \u00e0 LED<br \/>\nCompteur horaire avec rappel de maintenance<br \/>\nPare-chocs renforc\u00e9<br \/>\nCarter renforc\u00e9<br \/>\nSi\u00e8ge premium avec accoudoirs.<\/p>\n\n    <div class=\"xs_social_share_widget xs_share_url after_content \t\tmain_content  wslu-style-1 wslu-share-box-shaped wslu-fill-colored wslu-none wslu-share-horizontal wslu-theme-font-no wslu-main_content\">\n\n\t\t\n        <ul>\n\t\t\t        <\/ul>\n    <\/div>","protected":false},"excerpt":{"rendered":"<p>Avec son puissant moteur Husqvarna Endurance bicylindre la\u00a0tondeuse Husqvarna\u00a0TC342T.<br \/>\nAvec la transmission hydrostatique command\u00e9e par p\u00e9dales, la fonction BioClip contr\u00f4lable du si\u00e8ge conducteur, la tonte devient un plaisir.<\/p>\n<p>Garantie 2 ans<br \/>\nFrais de livraison offert<br \/>\nNous livrons dans les DOM-TOM en HT<\/p>\n<p>&nbsp;<\/p>","protected":false},"featured_media":3685,"comment_status":"open","ping_status":"closed","template":"","meta":{"postBodyCss":"","postBodyMargin":[],"postBodyPadding":[],"postBodyBackground":{"backgroundType":"classic","gradient":""}},"product_brand":[],"product_cat":[228],"product_tag":[],"class_list":{"0":"post-3563","1":"product","2":"type-product","3":"status-publish","4":"has-post-thumbnail","6":"product_cat-tondeuses-autoportees","8":"first","9":"instock","10":"sale","11":"shipping-taxable","12":"purchasable","13":"product-type-simple"},"_links":{"self":[{"href":"https:\/\/samaterielagricole.com\/en\/wp-json\/wp\/v2\/product\/3563","targetHints":{"allow":["GET"]}}],"collection":[{"href":"https:\/\/samaterielagricole.com\/en\/wp-json\/wp\/v2\/product"}],"about":[{"href":"https:\/\/samaterielagricole.com\/en\/wp-json\/wp\/v2\/types\/product"}],"replies":[{"embeddable":true,"href":"https:\/\/samaterielagricole.com\/en\/wp-json\/wp\/v2\/comments?post=3563"}],"version-history":[{"count":1,"href":"https:\/\/samaterielagricole.com\/en\/wp-json\/wp\/v2\/product\/3563\/revisions"}],"predecessor-version":[{"id":3686,"href":"https:\/\/samaterielagricole.com\/en\/wp-json\/wp\/v2\/product\/3563\/revisions\/3686"}],"wp:featuredmedia":[{"embeddable":true,"href":"https:\/\/samaterielagricole.com\/en\/wp-json\/wp\/v2\/media\/3685"}],"wp:attachment":[{"href":"https:\/\/samaterielagricole.com\/en\/wp-json\/wp\/v2\/media?parent=3563"}],"wp:term":[{"taxonomy":"product_brand","embeddable":true,"href":"https:\/\/samaterielagricole.com\/en\/wp-json\/wp\/v2\/product_brand?post=3563"},{"taxonomy":"product_cat","embeddable":true,"href":"https:\/\/samaterielagricole.com\/en\/wp-json\/wp\/v2\/product_cat?post=3563"},{"taxonomy":"product_tag","embeddable":true,"href":"https:\/\/samaterielagricole.com\/en\/wp-json\/wp\/v2\/product_tag?post=3563"}],"curies":[{"name":"wp","href":"https:\/\/api.w.org\/{rel}","templated":true}]}}