{"id":3535,"date":"2025-09-19T14:07:10","date_gmt":"2025-09-19T12:07:10","guid":{"rendered":"https:\/\/antiquewhite-alligator-594470.hostingersite.com\/?post_type=product&#038;p=3535"},"modified":"2025-09-19T14:08:41","modified_gmt":"2025-09-19T12:08:41","slug":"tondeuse-autoportee-husqvarna-ts348xd","status":"publish","type":"product","link":"https:\/\/samaterielagricole.com\/en\/product\/tondeuse-autoportee-husqvarna-ts348xd\/","title":{"rendered":"Tondeuse autoport\u00e9e HUSQVARNA TS348XD"},"content":{"rendered":"<p>CARACT\u00c9RISTIQUES DE LA\u00a0TONDEUSE AUTOPORT\u00c9E\u00a0HUSQVARNA TS 348 XD<\/p>\n<p>Moteur\u00a0Husqvarna 8270 V-Twin Endurance<br \/>\nCylindr\u00e9e : 721 cm3<br \/>\nLargeur de coupe 122 cm<br \/>\nEjection lat\u00e9rale.<br \/>\nBac de ramassage en option<br \/>\nkit mulching<br \/>\nTransmission\u00a0Hydrostatique au pied avec blocage de diff\u00e9rentiel<\/p>\n<p>Embrayage de lame : Electromagn\u00e9tique.<br \/>\nSmartSwitch : d\u00e9marrage sans clef<br \/>\nPhares \u00e0 LED<br \/>\nNouveau plateau de coupe\u00a0ClearCut<br \/>\nPare-chocs<br \/>\nSi\u00e8ge premium avec accoudoirs<br \/>\nBraquage court U-Cut<\/p>\n\n    <div class=\"xs_social_share_widget xs_share_url after_content \t\tmain_content  wslu-style-1 wslu-share-box-shaped wslu-fill-colored wslu-none wslu-share-horizontal wslu-theme-font-no wslu-main_content\">\n\n\t\t\n        <ul>\n\t\t\t        <\/ul>\n    <\/div>","protected":false},"excerpt":{"rendered":"<p>La\u00a0tondeuse\u00a0autoport\u00e9e \u00e0 \u00e9jection lat\u00e9rale\u00a0TS 348 XD est un mini tracteur de jardin sp\u00e9cialis\u00e9 avec une grande capacit\u00e9 pour les propri\u00e9taires de terrains<br \/>\nLe puissant moteur Husqvarna Endurance bicylindre d\u00e9marre sur pression d&rsquo;un bouton. Forte acc\u00e9l\u00e9ration pour vitesse de transport \u00e9lev\u00e9e.<br \/>\nLe TS 348XD est \u00e9quip\u00e9 du nouveau carter soud\u00e9 haute r\u00e9sistance ClearCut et de la connectivit\u00e9 Husqvarna.<\/p>\n<p>Garantie 2 ans<br \/>\nFrais de livraison offert<br \/>\nNous livrons dans les DOM-TOM en HT<\/p>","protected":false},"featured_media":3683,"comment_status":"open","ping_status":"closed","template":"","meta":{"postBodyCss":"","postBodyMargin":[],"postBodyPadding":[],"postBodyBackground":{"backgroundType":"classic","gradient":""}},"product_brand":[],"product_cat":[228],"product_tag":[],"class_list":{"0":"post-3535","1":"product","2":"type-product","3":"status-publish","4":"has-post-thumbnail","6":"product_cat-tondeuses-autoportees","8":"first","9":"instock","10":"sale","11":"shipping-taxable","12":"purchasable","13":"product-type-simple"},"_links":{"self":[{"href":"https:\/\/samaterielagricole.com\/en\/wp-json\/wp\/v2\/product\/3535","targetHints":{"allow":["GET"]}}],"collection":[{"href":"https:\/\/samaterielagricole.com\/en\/wp-json\/wp\/v2\/product"}],"about":[{"href":"https:\/\/samaterielagricole.com\/en\/wp-json\/wp\/v2\/types\/product"}],"replies":[{"embeddable":true,"href":"https:\/\/samaterielagricole.com\/en\/wp-json\/wp\/v2\/comments?post=3535"}],"version-history":[{"count":1,"href":"https:\/\/samaterielagricole.com\/en\/wp-json\/wp\/v2\/product\/3535\/revisions"}],"predecessor-version":[{"id":3684,"href":"https:\/\/samaterielagricole.com\/en\/wp-json\/wp\/v2\/product\/3535\/revisions\/3684"}],"wp:featuredmedia":[{"embeddable":true,"href":"https:\/\/samaterielagricole.com\/en\/wp-json\/wp\/v2\/media\/3683"}],"wp:attachment":[{"href":"https:\/\/samaterielagricole.com\/en\/wp-json\/wp\/v2\/media?parent=3535"}],"wp:term":[{"taxonomy":"product_brand","embeddable":true,"href":"https:\/\/samaterielagricole.com\/en\/wp-json\/wp\/v2\/product_brand?post=3535"},{"taxonomy":"product_cat","embeddable":true,"href":"https:\/\/samaterielagricole.com\/en\/wp-json\/wp\/v2\/product_cat?post=3535"},{"taxonomy":"product_tag","embeddable":true,"href":"https:\/\/samaterielagricole.com\/en\/wp-json\/wp\/v2\/product_tag?post=3535"}],"curies":[{"name":"wp","href":"https:\/\/api.w.org\/{rel}","templated":true}]}}