{"id":3534,"date":"2025-09-19T14:07:10","date_gmt":"2025-09-19T12:07:10","guid":{"rendered":"https:\/\/antiquewhite-alligator-594470.hostingersite.com\/?post_type=product&#038;p=3534"},"modified":"2025-09-19T14:08:35","modified_gmt":"2025-09-19T12:08:35","slug":"robot-tondeuse-automower-105-pack-s-inclus","status":"publish","type":"product","link":"https:\/\/samaterielagricole.com\/en\/product\/robot-tondeuse-automower-105-pack-s-inclus\/","title":{"rendered":"Robot Tondeuse Automower 105 + PACK S INCLUS"},"content":{"rendered":"<p>Robot tondeuse totalement\u00a0automatique 0-1000m2\u00a0 ( \/- 20 %)<br \/>\nTravaille m\u00eame sous la pluie<br \/>\nS\u00e9curit\u00e9 code PIN et alarme<br \/>\n1 Batterie Ion-Lithium 18V \/ 2.1Ah<br \/>\nTemps moyen de recharge : 60 mn<br \/>\nTemps moyen de tonte par charge : 70 mn<br \/>\nNombre de fil guide : 1<br \/>\nLargeur de coupe de l&rsquo;Automower : 22 cm<br \/>\nVitesse d&rsquo;avancement : 38 cm\/s<br \/>\nsurface tondue : 56 m2\/h<br \/>\nHauteur de coupe : 2 \u00e0 6 cm<br \/>\nPente 40% max en milieu de terrain<br \/>\nNiveau sonore 60 dB(A)<br \/>\nPoids : 9 kg<br \/>\nNouveaut\u00e9 2018\u00a0: kit connect Lite inclus<br \/>\nKIT INSTALLATION PACK S\u00a0:\u00a0Inclus<\/p>\n\n    <div class=\"xs_social_share_widget xs_share_url after_content \t\tmain_content  wslu-style-1 wslu-share-box-shaped wslu-fill-colored wslu-none wslu-share-horizontal wslu-theme-font-no wslu-main_content\">\n\n\t\t\n        <ul>\n\t\t\t        <\/ul>\n    <\/div>","protected":false},"excerpt":{"rendered":"<p>Robot de tonte compact con\u00e7u pour les petits jardins jusqu&rsquo;\u00e0 600 m\u00b2. Il concentre l&rsquo;ADN Husqvarna avec un syst\u00e8me de navigation al\u00e9atoire, une recharge automatique, la gestion des passages \u00e9troits et un mode ECO. Sa taille compacte et son poids r\u00e9duit augmentent sa maniabilit\u00e9 sur de petites zones. Il est id\u00e9al pour les jardins ouverts et plats pr\u00e9sentant peu d\u2019obstacles. Il op\u00e8re sur les pentes plus douces jusqu&rsquo;\u00e0 25% d&rsquo;inclinaison.<\/p>","protected":false},"featured_media":3669,"comment_status":"open","ping_status":"closed","template":"","meta":{"postBodyCss":"","postBodyMargin":[],"postBodyPadding":[],"postBodyBackground":{"backgroundType":"classic","gradient":""}},"product_brand":[],"product_cat":[227],"product_tag":[],"class_list":{"0":"post-3534","1":"product","2":"type-product","3":"status-publish","4":"has-post-thumbnail","6":"product_cat-tondeuses-robots","8":"first","9":"instock","10":"sale","11":"shipping-taxable","12":"purchasable","13":"product-type-simple"},"_links":{"self":[{"href":"https:\/\/samaterielagricole.com\/en\/wp-json\/wp\/v2\/product\/3534","targetHints":{"allow":["GET"]}}],"collection":[{"href":"https:\/\/samaterielagricole.com\/en\/wp-json\/wp\/v2\/product"}],"about":[{"href":"https:\/\/samaterielagricole.com\/en\/wp-json\/wp\/v2\/types\/product"}],"replies":[{"embeddable":true,"href":"https:\/\/samaterielagricole.com\/en\/wp-json\/wp\/v2\/comments?post=3534"}],"version-history":[{"count":1,"href":"https:\/\/samaterielagricole.com\/en\/wp-json\/wp\/v2\/product\/3534\/revisions"}],"predecessor-version":[{"id":3670,"href":"https:\/\/samaterielagricole.com\/en\/wp-json\/wp\/v2\/product\/3534\/revisions\/3670"}],"wp:featuredmedia":[{"embeddable":true,"href":"https:\/\/samaterielagricole.com\/en\/wp-json\/wp\/v2\/media\/3669"}],"wp:attachment":[{"href":"https:\/\/samaterielagricole.com\/en\/wp-json\/wp\/v2\/media?parent=3534"}],"wp:term":[{"taxonomy":"product_brand","embeddable":true,"href":"https:\/\/samaterielagricole.com\/en\/wp-json\/wp\/v2\/product_brand?post=3534"},{"taxonomy":"product_cat","embeddable":true,"href":"https:\/\/samaterielagricole.com\/en\/wp-json\/wp\/v2\/product_cat?post=3534"},{"taxonomy":"product_tag","embeddable":true,"href":"https:\/\/samaterielagricole.com\/en\/wp-json\/wp\/v2\/product_tag?post=3534"}],"curies":[{"name":"wp","href":"https:\/\/api.w.org\/{rel}","templated":true}]}}