{"id":3474,"date":"2025-09-19T14:06:26","date_gmt":"2025-09-19T12:06:26","guid":{"rendered":"https:\/\/antiquewhite-alligator-594470.hostingersite.com\/?post_type=product&#038;p=3474"},"modified":"2025-09-19T14:08:27","modified_gmt":"2025-09-19T12:08:27","slug":"tondeuse-autoportee-kubota-t1880","status":"publish","type":"product","link":"https:\/\/samaterielagricole.com\/en\/product\/tondeuse-autoportee-kubota-t1880\/","title":{"rendered":"Tondeuse autoport\u00e9e KUBOTA T1880"},"content":{"rendered":"<p>Tondeuse Kubota\u00a0autoport\u00e9e T1880<\/p>\n<p>Moteur GH540V-EU Essence refroidissement \u00e0 air 597cm3<br \/>\nTransmission hydrostatique<br \/>\nLargeur de coupe : 107cm<br \/>\nFreins \u00e0 disque<br \/>\nNouveau plateau, \u00e9jection lat\u00e9rale et mulching.<br \/>\nR\u00e9gulateur de vitesse pour une tonte encore plus simple<br \/>\nBac de ramassage GCK42 disponible en option.<\/p>\n\n    <div class=\"xs_social_share_widget xs_share_url after_content \t\tmain_content  wslu-style-1 wslu-share-box-shaped wslu-fill-colored wslu-none wslu-share-horizontal wslu-theme-font-no wslu-main_content\">\n\n\t\t\n        <ul>\n\t\t\t        <\/ul>\n    <\/div>","protected":false},"excerpt":{"rendered":"<p>Cette\u00a0Tondeuse autoport\u00e9e\u00a0essence Kubota T1880 est appr\u00e9ci\u00e9e pour sa largeur de coupe de 107 cm et son r\u00e9gulateur de vitesse qui permet une tonte efficace sans effort. Opter pour une\u00a0tondeuse autoport\u00e9e Kubota, c&rsquo;est choisir la simplicit\u00e9 et la performance.<\/p>\n<p>Garantie 2 ans<br \/>\nFrais de livraison offert<br \/>\nNous livrons dans les DOM-TOM en HT<\/p>","protected":false},"featured_media":3665,"comment_status":"open","ping_status":"closed","template":"","meta":{"postBodyCss":"","postBodyMargin":[],"postBodyPadding":[],"postBodyBackground":{"backgroundType":"classic","gradient":""}},"product_brand":[],"product_cat":[228],"product_tag":[],"class_list":{"0":"post-3474","1":"product","2":"type-product","3":"status-publish","4":"has-post-thumbnail","6":"product_cat-tondeuses-autoportees","8":"first","9":"instock","10":"sale","11":"shipping-taxable","12":"purchasable","13":"product-type-simple"},"_links":{"self":[{"href":"https:\/\/samaterielagricole.com\/en\/wp-json\/wp\/v2\/product\/3474","targetHints":{"allow":["GET"]}}],"collection":[{"href":"https:\/\/samaterielagricole.com\/en\/wp-json\/wp\/v2\/product"}],"about":[{"href":"https:\/\/samaterielagricole.com\/en\/wp-json\/wp\/v2\/types\/product"}],"replies":[{"embeddable":true,"href":"https:\/\/samaterielagricole.com\/en\/wp-json\/wp\/v2\/comments?post=3474"}],"version-history":[{"count":1,"href":"https:\/\/samaterielagricole.com\/en\/wp-json\/wp\/v2\/product\/3474\/revisions"}],"predecessor-version":[{"id":3666,"href":"https:\/\/samaterielagricole.com\/en\/wp-json\/wp\/v2\/product\/3474\/revisions\/3666"}],"wp:featuredmedia":[{"embeddable":true,"href":"https:\/\/samaterielagricole.com\/en\/wp-json\/wp\/v2\/media\/3665"}],"wp:attachment":[{"href":"https:\/\/samaterielagricole.com\/en\/wp-json\/wp\/v2\/media?parent=3474"}],"wp:term":[{"taxonomy":"product_brand","embeddable":true,"href":"https:\/\/samaterielagricole.com\/en\/wp-json\/wp\/v2\/product_brand?post=3474"},{"taxonomy":"product_cat","embeddable":true,"href":"https:\/\/samaterielagricole.com\/en\/wp-json\/wp\/v2\/product_cat?post=3474"},{"taxonomy":"product_tag","embeddable":true,"href":"https:\/\/samaterielagricole.com\/en\/wp-json\/wp\/v2\/product_tag?post=3474"}],"curies":[{"name":"wp","href":"https:\/\/api.w.org\/{rel}","templated":true}]}}