{"id":3436,"date":"2025-09-19T14:06:00","date_gmt":"2025-09-19T12:06:00","guid":{"rendered":"https:\/\/antiquewhite-alligator-594470.hostingersite.com\/?post_type=product&#038;p=3436"},"modified":"2025-09-19T14:08:26","modified_gmt":"2025-09-19T12:08:26","slug":"tondeuse-autoportee-husqvarna-tc138","status":"publish","type":"product","link":"https:\/\/samaterielagricole.com\/en\/product\/tondeuse-autoportee-husqvarna-tc138\/","title":{"rendered":"Tondeuse autoport\u00e9e HUSQVARNA TC138"},"content":{"rendered":"<p>TONDEUSE AUTOPORT\u00c9E\u00a0HUSQVARNA TC 138<\/p>\n<p>Bac de ramassage :\u00a0220L<br \/>\nMoteur\u00a0Husqvarna 4155 Intek<br \/>\nCylindr\u00e9e : 508 cm3<br \/>\nLargeur de coupe : 97 cm<br \/>\nInsert broyeurs en option<br \/>\nD\u00e9flecteur arri\u00e8re en option<br \/>\nTransmission\u00a0Hydrostatique au pied<\/p>\n<p>Embrayage de lame :\u00a0Manuel.<br \/>\nSi\u00e8ge dosseret bas.<br \/>\nIndicateur de niveau de charge batterie.<br \/>\nConnexion pour chargeur.<br \/>\nLubrification sous pression avec filtre \u00e0 huile.<br \/>\nNouveau carter plus robuste moins de vibrations<br \/>\nTracteur livr\u00e9 chez vous et pr\u00eat \u00e0 tondre<\/p>\n\n    <div class=\"xs_social_share_widget xs_share_url after_content \t\tmain_content  wslu-style-1 wslu-share-box-shaped wslu-fill-colored wslu-none wslu-share-horizontal wslu-theme-font-no wslu-main_content\">\n\n\t\t\n        <ul>\n\t\t\t        <\/ul>\n    <\/div>","protected":false},"excerpt":{"rendered":"<p>Id\u00e9al pour les jardins de petites et moyennes surfaces.<br \/>\nFacile et simple d&rsquo;utilisation, cette\u00a0tondeuse Husqvarna\u00a0vous offre le choix entre 3 modes de tonte : ramassage avec un bac de 220 L, mulching ou \u00e9jection arri\u00e8re avec la mise en place d&rsquo;un insert ou d&rsquo;un d\u00e9flecteur disponibles en option.<br \/>\nTondeuse\u00a0\u00e9quip\u00e9e d&rsquo;un indicateur de charge de la batterie avec connexion pour chargeur Husqvarna.<\/p>\n<p>Garantie 2 ans<br \/>\nFrais de livraison offert<br \/>\nNous livrons dans les DOM-TOM en HT<\/p>","protected":false},"featured_media":3663,"comment_status":"open","ping_status":"closed","template":"","meta":{"postBodyCss":"","postBodyMargin":[],"postBodyPadding":[],"postBodyBackground":{"backgroundType":"classic","gradient":""}},"product_brand":[],"product_cat":[228],"product_tag":[],"class_list":{"0":"post-3436","1":"product","2":"type-product","3":"status-publish","4":"has-post-thumbnail","6":"product_cat-tondeuses-autoportees","8":"first","9":"instock","10":"sale","11":"shipping-taxable","12":"purchasable","13":"product-type-simple"},"_links":{"self":[{"href":"https:\/\/samaterielagricole.com\/en\/wp-json\/wp\/v2\/product\/3436","targetHints":{"allow":["GET"]}}],"collection":[{"href":"https:\/\/samaterielagricole.com\/en\/wp-json\/wp\/v2\/product"}],"about":[{"href":"https:\/\/samaterielagricole.com\/en\/wp-json\/wp\/v2\/types\/product"}],"replies":[{"embeddable":true,"href":"https:\/\/samaterielagricole.com\/en\/wp-json\/wp\/v2\/comments?post=3436"}],"version-history":[{"count":1,"href":"https:\/\/samaterielagricole.com\/en\/wp-json\/wp\/v2\/product\/3436\/revisions"}],"predecessor-version":[{"id":3664,"href":"https:\/\/samaterielagricole.com\/en\/wp-json\/wp\/v2\/product\/3436\/revisions\/3664"}],"wp:featuredmedia":[{"embeddable":true,"href":"https:\/\/samaterielagricole.com\/en\/wp-json\/wp\/v2\/media\/3663"}],"wp:attachment":[{"href":"https:\/\/samaterielagricole.com\/en\/wp-json\/wp\/v2\/media?parent=3436"}],"wp:term":[{"taxonomy":"product_brand","embeddable":true,"href":"https:\/\/samaterielagricole.com\/en\/wp-json\/wp\/v2\/product_brand?post=3436"},{"taxonomy":"product_cat","embeddable":true,"href":"https:\/\/samaterielagricole.com\/en\/wp-json\/wp\/v2\/product_cat?post=3436"},{"taxonomy":"product_tag","embeddable":true,"href":"https:\/\/samaterielagricole.com\/en\/wp-json\/wp\/v2\/product_tag?post=3436"}],"curies":[{"name":"wp","href":"https:\/\/api.w.org\/{rel}","templated":true}]}}