{"id":3432,"date":"2025-09-19T14:06:00","date_gmt":"2025-09-19T12:06:00","guid":{"rendered":"https:\/\/antiquewhite-alligator-594470.hostingersite.com\/?post_type=product&#038;p=3432"},"modified":"2025-09-19T14:08:21","modified_gmt":"2025-09-19T12:08:21","slug":"tondeuse-autoportee-husqvarna-ts138m","status":"publish","type":"product","link":"https:\/\/samaterielagricole.com\/en\/product\/tondeuse-autoportee-husqvarna-ts138m\/","title":{"rendered":"Tondeuse autoport\u00e9e HUSQVARNA TS138M"},"content":{"rendered":"<p>CARACT\u00c9RISTIQUES DE LA\u00a0TONDEUSE AUTOPORT\u00c9E\u00a0HUSQVARNA TS 138M :<\/p>\n<p>Remplace le\u00a0TS38<br \/>\nEjection lat\u00e9rale<br \/>\nMoteur\u00a0Briggs &amp; Stratton\u00a0 3125 pour cette\u00a0tondeuse Husqvarna<br \/>\nCylindr\u00e9e : 344 cm3<br \/>\nPuissance : 5.7kW \u00e0 2600 tr\/min<br \/>\nLargeur de coupe : 97 cm<br \/>\nobturateur mulching en option :\u00a0960710003<br \/>\n6 vitesses Av \/ 1 Ar<br \/>\nTransmission m\u00e9canique<\/p>\n\n    <div class=\"xs_social_share_widget xs_share_url after_content \t\tmain_content  wslu-style-1 wslu-share-box-shaped wslu-fill-colored wslu-none wslu-share-horizontal wslu-theme-font-no wslu-main_content\">\n\n\t\t\n        <ul>\n\t\t\t        <\/ul>\n    <\/div>","protected":false},"excerpt":{"rendered":"<p>Le TS138M est un\u00a0tracteur tondeuse\u00a0\u00e0 \u00e9jection lat\u00e9rale \u00e9quip\u00e9 d&rsquo;un carter de coupe de 97 cm et d&rsquo;une bo\u00eete manuelle. C&rsquo;est l&rsquo;outil indispensable pour tondre des jardins de petites et moyennes surfaces.<br \/>\nCette\u00a0tondeuse peut \u00eatre \u00e9quip\u00e9e d&rsquo;un bac de ramassage et d&rsquo;un kit\u00a0mulching.<br \/>\nGarantie 2 ans<br \/>\nLIVRAISON \u00c0 DOMICILE OFFERTE<br \/>\n&nbsp;<\/p>","protected":false},"featured_media":3654,"comment_status":"open","ping_status":"closed","template":"","meta":{"postBodyCss":"","postBodyMargin":[],"postBodyPadding":[],"postBodyBackground":{"backgroundType":"classic","gradient":""}},"product_brand":[],"product_cat":[228],"product_tag":[],"class_list":{"0":"post-3432","1":"product","2":"type-product","3":"status-publish","4":"has-post-thumbnail","6":"product_cat-tondeuses-autoportees","8":"first","9":"instock","10":"sale","11":"shipping-taxable","12":"purchasable","13":"product-type-simple"},"_links":{"self":[{"href":"https:\/\/samaterielagricole.com\/en\/wp-json\/wp\/v2\/product\/3432","targetHints":{"allow":["GET"]}}],"collection":[{"href":"https:\/\/samaterielagricole.com\/en\/wp-json\/wp\/v2\/product"}],"about":[{"href":"https:\/\/samaterielagricole.com\/en\/wp-json\/wp\/v2\/types\/product"}],"replies":[{"embeddable":true,"href":"https:\/\/samaterielagricole.com\/en\/wp-json\/wp\/v2\/comments?post=3432"}],"version-history":[{"count":1,"href":"https:\/\/samaterielagricole.com\/en\/wp-json\/wp\/v2\/product\/3432\/revisions"}],"predecessor-version":[{"id":3655,"href":"https:\/\/samaterielagricole.com\/en\/wp-json\/wp\/v2\/product\/3432\/revisions\/3655"}],"wp:featuredmedia":[{"embeddable":true,"href":"https:\/\/samaterielagricole.com\/en\/wp-json\/wp\/v2\/media\/3654"}],"wp:attachment":[{"href":"https:\/\/samaterielagricole.com\/en\/wp-json\/wp\/v2\/media?parent=3432"}],"wp:term":[{"taxonomy":"product_brand","embeddable":true,"href":"https:\/\/samaterielagricole.com\/en\/wp-json\/wp\/v2\/product_brand?post=3432"},{"taxonomy":"product_cat","embeddable":true,"href":"https:\/\/samaterielagricole.com\/en\/wp-json\/wp\/v2\/product_cat?post=3432"},{"taxonomy":"product_tag","embeddable":true,"href":"https:\/\/samaterielagricole.com\/en\/wp-json\/wp\/v2\/product_tag?post=3432"}],"curies":[{"name":"wp","href":"https:\/\/api.w.org\/{rel}","templated":true}]}}