{"id":3431,"date":"2025-09-19T14:06:00","date_gmt":"2025-09-19T12:06:00","guid":{"rendered":"https:\/\/antiquewhite-alligator-594470.hostingersite.com\/?post_type=product&#038;p=3431"},"modified":"2025-09-19T14:08:20","modified_gmt":"2025-09-19T12:08:20","slug":"tondeuse-thermique-tractee-wolf-n42b","status":"publish","type":"product","link":"https:\/\/samaterielagricole.com\/en\/product\/tondeuse-thermique-tractee-wolf-n42b\/","title":{"rendered":"Tondeuse thermique tract\u00e9e Wolf N42B"},"content":{"rendered":"<p>Tondeuse thermique tract\u00e9e 42 cm Outils Wolf N42B<br \/>\nCompacte, facile \u00e0 manier et \u00e0 transporter, la tondeuse N42B est id\u00e9ale pour les surfaces allant jusque 1200 m\u00b2.<\/p>\n<p>Caract\u00e9ristiques\u00a0:<br \/>\n&#8211; Moteur : Briggs &amp; Stratton 450E series.<br \/>\n&#8211; Puissance : 1700W \/ 125cm\u00b3.<br \/>\n&#8211; 1 vitesse: 3.6 km\/h.<br \/>\n&#8211; Poids : 30 Kg.<br \/>\n&#8211; Dimensions en mm: 153x49x111<br \/>\n&#8211; Diam\u00e8tre des roues avant et arri\u00e8re : 180 et 280mm.<br \/>\n&#8211; 6 hauteurs de coupe: De 28 \u00e0 92mm.<br \/>\n&#8211; Mati\u00e8re du carter : Acier embouti.<br \/>\n&#8211; Livr\u00e9 avec bac : Oui.<br \/>\n&#8211; Bac rigide en polypropyl\u00e8ne \u00e9quip\u00e9 d&rsquo;un t\u00e9moin de remplissage 60 L.<br \/>\n&#8211; Largeur de coupe : 42 cm.<br \/>\n&#8211; R\u00e9servoir d&rsquo;essence: 0.8 L.<br \/>\nPerformances\u00a0:<br \/>\n&#8211; Moyennes surfaces jusqu&rsquo;\u00e0 1200 m\u00b2.<br \/>\n&#8211; Capacit\u00e9 maximum de tonte : 1500 m\u00b2\/H.<br \/>\n&#8211; Plat ou en pente : Max. 10\u00b0.<br \/>\nPlus produit:<br \/>\nEquip\u00e9e d&rsquo;un carter en acier embouti, d&rsquo;un kit recyclage (inclus) pour une tonte sans ramassage et d&rsquo;une turbine sous le carter qui g\u00e9n\u00e8re un flux d&rsquo;air : les brins d&rsquo;herbe sont redress\u00e9s pour une coupe transversale bien homog\u00e8ne et la circulation de l&rsquo;herbe est optimis\u00e9e pour un meilleur remplissage du sac de ramassage. Tout l&rsquo;\u00e9quipement n\u00e9cessaire \u00e0 une tonte de qualit\u00e9 sans compromis sur le confort pour garantir l&rsquo;essentiel accessible \u00e0 tous.<br \/>\nAccessoires conseill\u00e9s\u00a0:<br \/>\n&#8211; Lame : NZ42<br \/>\nMoteur garantie 2 ans<br \/>\nCarter garantie 3 ans<\/p>\n\n    <div class=\"xs_social_share_widget xs_share_url after_content \t\tmain_content  wslu-style-1 wslu-share-box-shaped wslu-fill-colored wslu-none wslu-share-horizontal wslu-theme-font-no wslu-main_content\">\n\n\t\t\n        <ul>\n\t\t\t        <\/ul>\n    <\/div>","protected":false},"excerpt":{"rendered":"<p>Tondeuse thermique tract\u00e9e 42 cm Outils Wolf N42B<br \/>\nCompacte, facile \u00e0 manier et \u00e0 transporter, la tondeuse N42B est id\u00e9ale pour les surfaces allant jusque 1200 m\u00b2.<br \/>\nGarantie 2 ans<br \/>\nLIVRAISON \u00c0 DOMICILE OFFERTE<\/p>","protected":false},"featured_media":3652,"comment_status":"open","ping_status":"closed","template":"","meta":{"postBodyCss":"","postBodyMargin":[],"postBodyPadding":[],"postBodyBackground":{"backgroundType":"classic","gradient":""}},"product_brand":[],"product_cat":[229],"product_tag":[],"class_list":{"0":"post-3431","1":"product","2":"type-product","3":"status-publish","4":"has-post-thumbnail","6":"product_cat-tondeuses-thermiques","8":"first","9":"instock","10":"shipping-taxable","11":"purchasable","12":"product-type-simple"},"_links":{"self":[{"href":"https:\/\/samaterielagricole.com\/en\/wp-json\/wp\/v2\/product\/3431","targetHints":{"allow":["GET"]}}],"collection":[{"href":"https:\/\/samaterielagricole.com\/en\/wp-json\/wp\/v2\/product"}],"about":[{"href":"https:\/\/samaterielagricole.com\/en\/wp-json\/wp\/v2\/types\/product"}],"replies":[{"embeddable":true,"href":"https:\/\/samaterielagricole.com\/en\/wp-json\/wp\/v2\/comments?post=3431"}],"version-history":[{"count":1,"href":"https:\/\/samaterielagricole.com\/en\/wp-json\/wp\/v2\/product\/3431\/revisions"}],"predecessor-version":[{"id":3653,"href":"https:\/\/samaterielagricole.com\/en\/wp-json\/wp\/v2\/product\/3431\/revisions\/3653"}],"wp:featuredmedia":[{"embeddable":true,"href":"https:\/\/samaterielagricole.com\/en\/wp-json\/wp\/v2\/media\/3652"}],"wp:attachment":[{"href":"https:\/\/samaterielagricole.com\/en\/wp-json\/wp\/v2\/media?parent=3431"}],"wp:term":[{"taxonomy":"product_brand","embeddable":true,"href":"https:\/\/samaterielagricole.com\/en\/wp-json\/wp\/v2\/product_brand?post=3431"},{"taxonomy":"product_cat","embeddable":true,"href":"https:\/\/samaterielagricole.com\/en\/wp-json\/wp\/v2\/product_cat?post=3431"},{"taxonomy":"product_tag","embeddable":true,"href":"https:\/\/samaterielagricole.com\/en\/wp-json\/wp\/v2\/product_tag?post=3431"}],"curies":[{"name":"wp","href":"https:\/\/api.w.org\/{rel}","templated":true}]}}