{"id":3430,"date":"2025-09-19T14:06:00","date_gmt":"2025-09-19T12:06:00","guid":{"rendered":"https:\/\/antiquewhite-alligator-594470.hostingersite.com\/?post_type=product&#038;p=3430"},"modified":"2025-09-19T14:08:19","modified_gmt":"2025-09-19T12:08:19","slug":"tondeuse-a-gazon-thermique-autotractee-coupe-46cm","status":"publish","type":"product","link":"https:\/\/samaterielagricole.com\/en\/product\/tondeuse-a-gazon-thermique-autotractee-coupe-46cm\/","title":{"rendered":"Tondeuse \u00e0 gazon thermique autotract\u00e9e &#8211; coupe 46cm"},"content":{"rendered":"<p>Caract\u00e9ristiques techniques :<br \/>\n\u2022 Syst\u00e8me d&rsquo;entra\u00eenement : Autotract\u00e9e, vitesse simple<br \/>\n\u2022 Hauteur de coupe, min-max : 30-80 mm<br \/>\n\u2022 Mat\u00e9riau du carter de coupe : Acier<br \/>\n\u2022 Largeur de coupe : 46 cm<br \/>\n\u2022 R\u00e9glage de la hauteur de coupe : Centralis\u00e9<br \/>\n\u2022 Nombre de paliers de r\u00e9glage de la hauteur de coupe : 6<br \/>\n\u2022 Contenance du bac de ramassage : 50 l<br \/>\n\u2022 Kit Mulching : En \u00e9quipement standard<br \/>\n\u2022 Raccord pour tuyau d&rsquo;arrosage : Non<br \/>\n\u2022 Poign\u00e9e souple : Oui<br \/>\n\u2022 Dimensions des roues, avant\/arri\u00e8re Front : 190 mm<br \/>\n\u2022 Dimensions des roues, avant\/arri\u00e8re Rear : 280 mm<br \/>\n\u2022 Nom du moteur : GCVX-145<br \/>\n\u2022 Cylindr\u00e9e : 145 cm\u00b3<br \/>\n\u2022 Poids : 29,8 kg<br \/>\nGarantie : 2 ans pour une utilisation priv\u00e9e et 1 an pour une utilisation professionnelle.<\/p>\n\n    <div class=\"xs_social_share_widget xs_share_url after_content \t\tmain_content  wslu-style-1 wslu-share-box-shaped wslu-fill-colored wslu-none wslu-share-horizontal wslu-theme-font-no wslu-main_content\">\n\n\t\t\n        <ul>\n\t\t\t        <\/ul>\n    <\/div>","protected":false},"excerpt":{"rendered":"<p>Id\u00e9ale pour tondre des pelouses d&rsquo;une superficie maximale de 1 100 m\u00b2, la tondeuse \u00e0 gazon thermique autotract\u00e9e M46-145WRP Classic  \u00e0 vitesse simple dispose d&rsquo;un carter de coupe en acier de 46 cm et d&rsquo;un puissant moteur Honda \u00e0 d\u00e9marrage facile de 145 cm3. Cette tondeuse \u00e0 gazon thermique autotract\u00e9e est dot\u00e9e de la fonction d&rsquo;\u00e9jection arri\u00e8re, de broyage et de ramassage avec un bac de ramassage d&rsquo;une capacit\u00e9 de 50 L. Elle est \u00e9quip\u00e9e de larges roues arri\u00e8re.<br \/>\nGarantie 2 ans<br \/>\nLIVRAISON \u00c0 DOMICILE OFFERTE<\/p>","protected":false},"featured_media":3647,"comment_status":"open","ping_status":"closed","template":"","meta":{"postBodyCss":"","postBodyMargin":[],"postBodyPadding":[],"postBodyBackground":{"backgroundType":"classic","gradient":""}},"product_brand":[],"product_cat":[229],"product_tag":[],"class_list":{"0":"post-3430","1":"product","2":"type-product","3":"status-publish","4":"has-post-thumbnail","6":"product_cat-tondeuses-thermiques","8":"first","9":"instock","10":"shipping-taxable","11":"purchasable","12":"product-type-simple"},"_links":{"self":[{"href":"https:\/\/samaterielagricole.com\/en\/wp-json\/wp\/v2\/product\/3430","targetHints":{"allow":["GET"]}}],"collection":[{"href":"https:\/\/samaterielagricole.com\/en\/wp-json\/wp\/v2\/product"}],"about":[{"href":"https:\/\/samaterielagricole.com\/en\/wp-json\/wp\/v2\/types\/product"}],"replies":[{"embeddable":true,"href":"https:\/\/samaterielagricole.com\/en\/wp-json\/wp\/v2\/comments?post=3430"}],"version-history":[{"count":1,"href":"https:\/\/samaterielagricole.com\/en\/wp-json\/wp\/v2\/product\/3430\/revisions"}],"predecessor-version":[{"id":3648,"href":"https:\/\/samaterielagricole.com\/en\/wp-json\/wp\/v2\/product\/3430\/revisions\/3648"}],"wp:featuredmedia":[{"embeddable":true,"href":"https:\/\/samaterielagricole.com\/en\/wp-json\/wp\/v2\/media\/3647"}],"wp:attachment":[{"href":"https:\/\/samaterielagricole.com\/en\/wp-json\/wp\/v2\/media?parent=3430"}],"wp:term":[{"taxonomy":"product_brand","embeddable":true,"href":"https:\/\/samaterielagricole.com\/en\/wp-json\/wp\/v2\/product_brand?post=3430"},{"taxonomy":"product_cat","embeddable":true,"href":"https:\/\/samaterielagricole.com\/en\/wp-json\/wp\/v2\/product_cat?post=3430"},{"taxonomy":"product_tag","embeddable":true,"href":"https:\/\/samaterielagricole.com\/en\/wp-json\/wp\/v2\/product_tag?post=3430"}],"curies":[{"name":"wp","href":"https:\/\/api.w.org\/{rel}","templated":true}]}}