{"id":3429,"date":"2025-09-19T14:06:00","date_gmt":"2025-09-19T12:06:00","guid":{"rendered":"https:\/\/antiquewhite-alligator-594470.hostingersite.com\/?post_type=product&#038;p=3429"},"modified":"2025-09-19T14:08:17","modified_gmt":"2025-09-19T12:08:17","slug":"tondeuse-a-gazon-thermique-m46-160awrpx","status":"publish","type":"product","link":"https:\/\/samaterielagricole.com\/en\/product\/tondeuse-a-gazon-thermique-m46-160awrpx\/","title":{"rendered":"Tondeuse \u00e0 gazon thermique M46-160AWRPX"},"content":{"rendered":"<p>Caract\u00e9ristiques: entra\u00eenement de roue arri\u00e8re variable; Haute Wheeler; Couteau PX3; syst\u00e8me de paillage<br \/>\nRENSEIGNEMENTS SUR LE PRODUIT:<br \/>\nNum\u00e9ro d&rsquo;article: 7393080443397<br \/>\nLa groupe: M46-160AWRPX<br \/>\nNum\u00e9ro de travail: 00096-71.948.01<br \/>\nPour les pelouses jusqu&rsquo;\u00e0 1400 m\u00b2<br \/>\nLargeur de coupe: 46 cm<br \/>\nMoteur: Honda GCV160<br \/>\nPuissance: 2,9 kW \/ 2900 U \/ min<br \/>\nD\u00e9placement: 160 cc<br \/>\nRoue: arri\u00e8re variable<br \/>\nBo\u00eetier: acier<br \/>\nR\u00e9glage de la hauteur: 6 fois, de mani\u00e8re centrale<br \/>\nHauteur de coupe: 30-70 mm<br \/>\nLes roues (v \/ h): 190\/280 mm<br \/>\nl 50: capacit\u00e9 receveur<br \/>\nPoids: 37,9 kg<br \/>\nUtilisez Kz: i.<\/p>\n\n    <div class=\"xs_social_share_widget xs_share_url after_content \t\tmain_content  wslu-style-1 wslu-share-box-shaped wslu-fill-colored wslu-none wslu-share-horizontal wslu-theme-font-no wslu-main_content\">\n\n\t\t\n        <ul>\n\t\t\t        <\/ul>\n    <\/div>","protected":false},"excerpt":{"rendered":"<p>Tondeuses \u00e0 essence<br \/>\n\u2022 Pour les jardins de taille moyenne<br \/>\n\u2022 Avec une vitesse de transmission variable, la largeur de coupe de 46 cm, le sac \u00e0 herbe, le paillage et le raccordement du tuyau d&rsquo;eau GARDENA<br \/>\n\u2022 Avec un couteau PX3<br \/>\n\u2022 Avec le d\u00e9marrage automatique de saut, le pont de coupe robuste en acier et des roues arri\u00e8re grand suppl\u00e9mentaires pour faciliter les man\u0153uvres<br \/>\n\u2022 Adaptation des lames de rechange: EAN 7393080451033<br \/>\nGarantie 2 ans<br \/>\nLIVRAISON \u00c0 DOMICILE OFFERTE<\/p>","protected":false},"featured_media":3645,"comment_status":"open","ping_status":"closed","template":"","meta":{"postBodyCss":"","postBodyMargin":[],"postBodyPadding":[],"postBodyBackground":{"backgroundType":"classic","gradient":""}},"product_brand":[],"product_cat":[229],"product_tag":[],"class_list":{"0":"post-3429","1":"product","2":"type-product","3":"status-publish","4":"has-post-thumbnail","6":"product_cat-tondeuses-thermiques","8":"first","9":"instock","10":"sale","11":"shipping-taxable","12":"purchasable","13":"product-type-simple"},"_links":{"self":[{"href":"https:\/\/samaterielagricole.com\/en\/wp-json\/wp\/v2\/product\/3429","targetHints":{"allow":["GET"]}}],"collection":[{"href":"https:\/\/samaterielagricole.com\/en\/wp-json\/wp\/v2\/product"}],"about":[{"href":"https:\/\/samaterielagricole.com\/en\/wp-json\/wp\/v2\/types\/product"}],"replies":[{"embeddable":true,"href":"https:\/\/samaterielagricole.com\/en\/wp-json\/wp\/v2\/comments?post=3429"}],"version-history":[{"count":1,"href":"https:\/\/samaterielagricole.com\/en\/wp-json\/wp\/v2\/product\/3429\/revisions"}],"predecessor-version":[{"id":3646,"href":"https:\/\/samaterielagricole.com\/en\/wp-json\/wp\/v2\/product\/3429\/revisions\/3646"}],"wp:featuredmedia":[{"embeddable":true,"href":"https:\/\/samaterielagricole.com\/en\/wp-json\/wp\/v2\/media\/3645"}],"wp:attachment":[{"href":"https:\/\/samaterielagricole.com\/en\/wp-json\/wp\/v2\/media?parent=3429"}],"wp:term":[{"taxonomy":"product_brand","embeddable":true,"href":"https:\/\/samaterielagricole.com\/en\/wp-json\/wp\/v2\/product_brand?post=3429"},{"taxonomy":"product_cat","embeddable":true,"href":"https:\/\/samaterielagricole.com\/en\/wp-json\/wp\/v2\/product_cat?post=3429"},{"taxonomy":"product_tag","embeddable":true,"href":"https:\/\/samaterielagricole.com\/en\/wp-json\/wp\/v2\/product_tag?post=3429"}],"curies":[{"name":"wp","href":"https:\/\/api.w.org\/{rel}","templated":true}]}}