{"id":3428,"date":"2025-09-19T14:06:00","date_gmt":"2025-09-19T12:06:00","guid":{"rendered":"https:\/\/antiquewhite-alligator-594470.hostingersite.com\/?post_type=product&#038;p=3428"},"modified":"2025-09-19T14:08:16","modified_gmt":"2025-09-19T12:08:16","slug":"minirider-mtd-a-ejection-laterale-smart-60-sde","status":"publish","type":"product","link":"https:\/\/samaterielagricole.com\/en\/product\/minirider-mtd-a-ejection-laterale-smart-60-sde\/","title":{"rendered":"Minirider Mtd \u00e0 \u00e9jection laterale SMART 60 SDE"},"content":{"rendered":"<p>Ce\u00a0Minirider Smart 60 SDE MTD\u00a0pour 1000 m\u00b2 poss\u00e8de un excellent rapport\/qualit\u00e9 prix. Vous b\u00e9n\u00e9ficiez de la transmission transmatic exclusive MTD avec sa boite automatique \u00e0 commande manuelle, d&rsquo;un ch\u00e2ssis compact \u00e0 faible encombrement et du d\u00e9marrage \u00e9lectrique.<br \/>\nCaract\u00e9ristiques techniques\u00a0:<br \/>\n&#8211; Sa largeur de coupe de 60 cm vous permet de tondre 1000 m\u00b2 en 37 mn, cela d\u00e9pend des conditions de tonte et du terrain (arbor\u00e9 ou non).<br \/>\n&#8211; Ce Rider b\u00e9n\u00e9ficie d&rsquo;une transmission Transmatic brevet\u00e9e MTD. Il s&rsquo;agit d&rsquo;une transmission automatique \u00e0 commande au pied qui permet de faire varier la vitesse en continu.<br \/>\n&#8211; Le moteur est situ\u00e9 \u00e0 l&rsquo;arri\u00e8re, ce qui vous permet d&rsquo;avoir une excellente visibilit\u00e9. Ses faibles dimensions (83 cm de large) vous permettront d&rsquo;acc\u00e9der \u00e0 pratiquement tous les endroits de votre jardin en empruntant les petites all\u00e9es.<br \/>\n&#8211; Les pneus larges permettront plus de stabilit\u00e9 afin de mieux s&rsquo;adapter au terrain.<br \/>\n&#8211; Le ch\u00e2ssis compact et la plateforme d\u00e9gag\u00e9e du conducteur ont \u00e9t\u00e9 revu pour plus d\u2019&rsquo;ergonomie :<br \/>\n&#8211; Acc\u00e8s facilit\u00e9 de l&rsquo;utilisateur et une conduite sans effort.<br \/>\n&#8211; Ch\u00e2ssis compact et plus rigide pour un moindre encombrement. En acier 2.5 mm d\u2019\u00e9paisseur.<br \/>\n&#8211; Position de conduite ajust\u00e9e au mieux gr\u00e2ce au si\u00e8ge r\u00e9glable.<br \/>\n&#8211; Lubrification : Barbotage<br \/>\n&#8211; Filtre \u00e0 huile : Non<br \/>\n&#8211; Transmission : Transmatic 6V<br \/>\n&#8211; Bac de ramassage : non<br \/>\n&#8211; Diam\u00e8tre roues avant et arri\u00e8re : 13&Prime; x 5&Prime; \/ 16&Prime; x 6,5&Prime;<br \/>\n&#8211; R\u00e9glage hauteur de coupe : 5 positions, 38 &#8211; 95mm.<br \/>\n&#8211; T\u00e9moin de r\u00e9servoir.<br \/>\n&#8211; Attelage standard.<br \/>\n&#8211; Poids : 111 kg<br \/>\n&#8211; Rayon de braquage : 46 cm<br \/>\n&#8211; Cette tondeuse autoport\u00e9e Smart 60 SDE est \u00e9quip\u00e9e d&rsquo;un moteur MTD ThorX 65 ES, monocylindre de 196 cc \u00e0 d\u00e9marrage \u00e9lectrique. Cette technologie r\u00e9duit les \u00e9missions sonores et polluantes et permet une plus faible consommation de carburant.<br \/>\n&#8211; R\u00e9servoir essence : 1.2 L.<br \/>\n&#8211; Si\u00e8ge avec suspension.<br \/>\nMTD produit la gamme la plus compl\u00e8te d\u2019\u00e9quipements motoris\u00e9s pour le jardin et ce pour toutes les utilisations possibles. Les jardiniers amateurs peuvent choisir parmi une vaste gamme de produits diff\u00e9rents qui ont tous une chose en commun : faciles \u00e0 utiliser, robustes et r\u00e9sistants.<br \/>\nGarantie 2 ans\u00a0Pi\u00e8ces et main d&rsquo;\u0153uvre. Les interventions en garantie doivent \u00eatre effectu\u00e9es au sein du r\u00e9seau de r\u00e9parateurs agr\u00e9\u00e9s MTD France qui compte 450 points de service.<br \/>\nInformations sur la r\u00e9glementation en vigueur:<br \/>\n&#8211; MTD met \u00e0 disposition toutes les pi\u00e8ces d\u00e9tach\u00e9es sur une p\u00e9riode de 5 ans \u00e0 compter de l&rsquo;arr\u00eat de la production du produit.<br \/>\n&#8211; Une tondeuse \u00e0 gazon autoport\u00e9e \u00e9quip\u00e9e d&rsquo;un si\u00e8ge pour le conducteur et d&rsquo;un volant constitue un v\u00e9hicule terrestre \u00e0 moteur soumis \u00e0 l&rsquo;assurance automobile obligatoire.<\/p>\n\n    <div class=\"xs_social_share_widget xs_share_url after_content \t\tmain_content  wslu-style-1 wslu-share-box-shaped wslu-fill-colored wslu-none wslu-share-horizontal wslu-theme-font-no wslu-main_content\">\n\n\t\t\n        <ul>\n\t\t\t        <\/ul>\n    <\/div>","protected":false},"excerpt":{"rendered":"<p>Surface de tonte conseill\u00e9e 1000m2<br \/>\nMoteur : MTD ThorX 65 ES<br \/>\nLargeur de coupe 60 cm<br \/>\nGarantie 2 ans<br \/>\nLIVRAISON \u00c0 DOMICILE OFFERTE<\/p>","protected":false},"featured_media":3643,"comment_status":"open","ping_status":"closed","template":"","meta":{"postBodyCss":"","postBodyMargin":[],"postBodyPadding":[],"postBodyBackground":{"backgroundType":"classic","gradient":""}},"product_brand":[],"product_cat":[228],"product_tag":[],"class_list":{"0":"post-3428","1":"product","2":"type-product","3":"status-publish","4":"has-post-thumbnail","6":"product_cat-tondeuses-autoportees","8":"first","9":"instock","10":"sale","11":"shipping-taxable","12":"purchasable","13":"product-type-simple"},"_links":{"self":[{"href":"https:\/\/samaterielagricole.com\/en\/wp-json\/wp\/v2\/product\/3428","targetHints":{"allow":["GET"]}}],"collection":[{"href":"https:\/\/samaterielagricole.com\/en\/wp-json\/wp\/v2\/product"}],"about":[{"href":"https:\/\/samaterielagricole.com\/en\/wp-json\/wp\/v2\/types\/product"}],"replies":[{"embeddable":true,"href":"https:\/\/samaterielagricole.com\/en\/wp-json\/wp\/v2\/comments?post=3428"}],"version-history":[{"count":1,"href":"https:\/\/samaterielagricole.com\/en\/wp-json\/wp\/v2\/product\/3428\/revisions"}],"predecessor-version":[{"id":3644,"href":"https:\/\/samaterielagricole.com\/en\/wp-json\/wp\/v2\/product\/3428\/revisions\/3644"}],"wp:featuredmedia":[{"embeddable":true,"href":"https:\/\/samaterielagricole.com\/en\/wp-json\/wp\/v2\/media\/3643"}],"wp:attachment":[{"href":"https:\/\/samaterielagricole.com\/en\/wp-json\/wp\/v2\/media?parent=3428"}],"wp:term":[{"taxonomy":"product_brand","embeddable":true,"href":"https:\/\/samaterielagricole.com\/en\/wp-json\/wp\/v2\/product_brand?post=3428"},{"taxonomy":"product_cat","embeddable":true,"href":"https:\/\/samaterielagricole.com\/en\/wp-json\/wp\/v2\/product_cat?post=3428"},{"taxonomy":"product_tag","embeddable":true,"href":"https:\/\/samaterielagricole.com\/en\/wp-json\/wp\/v2\/product_tag?post=3428"}],"curies":[{"name":"wp","href":"https:\/\/api.w.org\/{rel}","templated":true}]}}