{"id":3426,"date":"2025-09-19T14:06:00","date_gmt":"2025-09-19T12:06:00","guid":{"rendered":"https:\/\/antiquewhite-alligator-594470.hostingersite.com\/?post_type=product&#038;p=3426"},"modified":"2025-09-19T14:08:12","modified_gmt":"2025-09-19T12:08:12","slug":"tondeuse-autoportee-mc-culloch-m125-97tc-powerdrive","status":"publish","type":"product","link":"https:\/\/samaterielagricole.com\/en\/product\/tondeuse-autoportee-mc-culloch-m125-97tc-powerdrive\/","title":{"rendered":"Tondeuse autoport\u00e9e MC culloch M125-97TC POWERDRIVE"},"content":{"rendered":"<p>Cette\u00a0tondeuse autoport\u00e9e\u00a0McCulloch M125-97TC Powerdrive avec bac de ramassage offre une conduite facile et agr\u00e9able avec vitesse variable et freinage automatique. Id\u00e9al pour les surfaces moyennes.<br \/>\nCaract\u00e9ristiques techniques\u00a0:<br \/>\n&#8211; Moteur Briggs and Stratton Powerbuilt 3125<br \/>\n&#8211; Puissance : 5.7 kW<br \/>\n&#8211; Cylindr\u00e9e : 344 cm3<br \/>\n&#8211; R\u00e9gime nominal : 2600 tr\/min<br \/>\n&#8211; 6 hauteurs de coupe de 38 \u00e0 102 mm<br \/>\n&#8211; Pente maximum conseill\u00e9e : 10%<br \/>\n&#8211; Transmission : CVT commande au pied<br \/>\n&#8211; Batterie : 12 V \/ 14 Ah<br \/>\n&#8211; Puissance sonore : 100 dB<br \/>\nCaract\u00e9ristiques produit\u00a0:<br \/>\n&#8211; 2 lames haute performance<br \/>\n&#8211; Bac de ramassage de 220 L<br \/>\n&#8211; Largeur de coupe de 97 cm<br \/>\n&#8211; Superficie conseill\u00e9e de 3 000 m\u00b2<br \/>\n&#8211; Poids maximum de l\u2019utilisateur : 150 kg<br \/>\n&#8211; Type de carburant : essence<br \/>\n&#8211; Commande de la bo\u00eete de vitesses : au pied<br \/>\n&#8211; Filtre \u00e0 air papier<br \/>\n&#8211; Poids : 197 kg<br \/>\nCette autoport\u00e9e poss\u00e8de une vitesse de d\u00e9placement de 40% plus rapide, combin\u00e9e au confort de la bo\u00eete automatique CVT \u00e0 p\u00e9dale.<br \/>\nLe syst\u00e8me de soufflerie Aircut permet de redresser l&rsquo;herbe avant de la couper pour un r\u00e9sultat de tonde impeccable.<br \/>\nLe carter de coupe est facilement accessible et est assist\u00e9 par ressorts, il permet un r\u00e9glage ais\u00e9 de la hauteur de coupe.<br \/>\nLa direction \u00e0 double biellette r\u00e9duit l&rsquo;angle de braquage et permet une meilleure man\u0153uvrabilit\u00e9.<br \/>\nLe ch\u00e2ssis monobloc est en acier.<br \/>\nMcCulloch est une marque sp\u00e9cialis\u00e9e dans les outils motoris\u00e9s d&rsquo;entretiens du jardin. McCulloch propose une gamme compl\u00e8te d\u2019outils de jardinage : tron\u00e7onneuses thermiques, d\u00e9broussailleuses sans fil, tondeuses \u00e0 gazon ou encore taille-haies. Quiconque a d\u00e9j\u00e0 utilis\u00e9 un produit McCulloch en conna\u00eet probablement les b\u00e9n\u00e9fices. McCulloch, ce sont des produits robustes \u00e0 moteurs puissants avec une technologie de pointe, facile d&rsquo;utilisation et ergonomiques.<br \/>\nBriggs &amp; Stratton est l&rsquo;un des plus importants producteurs de moteur \u00e0 essence pour le plein air. De conception et de fabrication am\u00e9ricaine, les moteurs Briggs &amp; Stratton sont des produits fiables et puissants.<br \/>\nGarantie :<br \/>\n2 ans dans plus de 250 centres agr\u00e9\u00e9s McCulloch\/Husqvarna couvrant tout le territoire.<\/p>\n\n    <div class=\"xs_social_share_widget xs_share_url after_content \t\tmain_content  wslu-style-1 wslu-share-box-shaped wslu-fill-colored wslu-none wslu-share-horizontal wslu-theme-font-no wslu-main_content\">\n\n\t\t\n        <ul>\n\t\t\t        <\/ul>\n    <\/div>","protected":false},"excerpt":{"rendered":"<p>Superficie conseill\u00e9e de 3 000 m\u00b2<br \/>\nMoteur Briggs and Stratton Powerbuilt 3125<br \/>\nTransmission : CVT commande au pied<br \/>\nGarantie 2 ans<br \/>\nLIVRAISON \u00c0 DOMICILE OFFERTE<\/p>","protected":false},"featured_media":3632,"comment_status":"open","ping_status":"closed","template":"","meta":{"postBodyCss":"","postBodyMargin":[],"postBodyPadding":[],"postBodyBackground":{"backgroundType":"classic","gradient":""}},"product_brand":[],"product_cat":[228],"product_tag":[],"class_list":{"0":"post-3426","1":"product","2":"type-product","3":"status-publish","4":"has-post-thumbnail","6":"product_cat-tondeuses-autoportees","8":"first","9":"instock","10":"sale","11":"shipping-taxable","12":"purchasable","13":"product-type-simple"},"_links":{"self":[{"href":"https:\/\/samaterielagricole.com\/en\/wp-json\/wp\/v2\/product\/3426","targetHints":{"allow":["GET"]}}],"collection":[{"href":"https:\/\/samaterielagricole.com\/en\/wp-json\/wp\/v2\/product"}],"about":[{"href":"https:\/\/samaterielagricole.com\/en\/wp-json\/wp\/v2\/types\/product"}],"replies":[{"embeddable":true,"href":"https:\/\/samaterielagricole.com\/en\/wp-json\/wp\/v2\/comments?post=3426"}],"version-history":[{"count":1,"href":"https:\/\/samaterielagricole.com\/en\/wp-json\/wp\/v2\/product\/3426\/revisions"}],"predecessor-version":[{"id":3633,"href":"https:\/\/samaterielagricole.com\/en\/wp-json\/wp\/v2\/product\/3426\/revisions\/3633"}],"wp:featuredmedia":[{"embeddable":true,"href":"https:\/\/samaterielagricole.com\/en\/wp-json\/wp\/v2\/media\/3632"}],"wp:attachment":[{"href":"https:\/\/samaterielagricole.com\/en\/wp-json\/wp\/v2\/media?parent=3426"}],"wp:term":[{"taxonomy":"product_brand","embeddable":true,"href":"https:\/\/samaterielagricole.com\/en\/wp-json\/wp\/v2\/product_brand?post=3426"},{"taxonomy":"product_cat","embeddable":true,"href":"https:\/\/samaterielagricole.com\/en\/wp-json\/wp\/v2\/product_cat?post=3426"},{"taxonomy":"product_tag","embeddable":true,"href":"https:\/\/samaterielagricole.com\/en\/wp-json\/wp\/v2\/product_tag?post=3426"}],"curies":[{"name":"wp","href":"https:\/\/api.w.org\/{rel}","templated":true}]}}