{"id":3425,"date":"2025-09-19T14:06:00","date_gmt":"2025-09-19T12:06:00","guid":{"rendered":"https:\/\/antiquewhite-alligator-594470.hostingersite.com\/?post_type=product&#038;p=3425"},"modified":"2025-09-19T14:08:11","modified_gmt":"2025-09-19T12:08:11","slug":"tondeuse-autoportee-outils-wold-a80h","status":"publish","type":"product","link":"https:\/\/samaterielagricole.com\/en\/product\/tondeuse-autoportee-outils-wold-a80h\/","title":{"rendered":"Tondeuse autoport\u00e9e outils wold A80H"},"content":{"rendered":"<p>Cette\u00a0tondeuse autoport\u00e9e\u00a0de chez Outils Wolf poss\u00e8de une largeur de coupe de 80 cm. Avec son puissant moteur Honda, elle sera l\u2019autoport\u00e9e id\u00e9ale pour les grands terrains. Son bac de 240 L peut se vider par v\u00e9rin \u00e0 gaz, une importante aide quand le bac sera rempli.<br \/>\nCaract\u00e9ristiques techniques\u00a0:<br \/>\n&#8211; Moteur Honda GXV390 OHV<br \/>\n&#8211; Cylindr\u00e9e : 389 cm\u00b3<br \/>\n&#8211; Puissance nette au r\u00e9gime nominal: 7.1 kW<br \/>\n&#8211; R\u00e9gime nominal : 2 850 tr\/min<br \/>\n&#8211; R\u00e9servoir 12 l (autonomie : 5 h)<br \/>\n&#8211; Transmission hydrostatique<br \/>\n&#8211; Rayon de braquage 85 cm<br \/>\n&#8211; Poids : 230 kg<br \/>\n&#8211; Encombrement : 197,5 x 82,5 x 111 cm<br \/>\n&#8211; \u00d8 des roues : AV 300 mm, AR 400 mm<br \/>\n&#8211; Carter acier largeur 85,5 cm<br \/>\n&#8211; Bac en toile 240 L &#8211; vidage assist\u00e9 par un v\u00e9rin \u00e0 gaz<br \/>\n&#8211; Lame 80 cm<br \/>\n&#8211; Avance progressive : AV de 0 \u00e0 9 km\/h, AR de 0 \u00e0 8 km\/h<br \/>\n&#8211; 5 hauteurs de coupe : 44, 60, 75, 88 et 102 mm<br \/>\n&#8211; Superficie conseill\u00e9e jusqu\u2019\u00e0 3000 m\u00b2<br \/>\n&#8211; Capacit\u00e9 th\u00e9orique de tonte de 7200 m\u00b2\/h<br \/>\n&#8211; Pentes &lt; 10\u00b0 ou 18 %<br \/>\nAvantages produits\u00a0:<br \/>\n&#8211; D\u00e9marrage \u00e0 la cl\u00e9<br \/>\n&#8211; Lame d\u00e9brayable par syst\u00e8me \u00e9lectromagn\u00e9tique<br \/>\n&#8211; R\u00e9glage centralis\u00e9 des hauteurs de coupe<br \/>\n&#8211; Levier de vidage du bac assist\u00e9 d\u2019un v\u00e9rin \u00e0 gaz<br \/>\n&#8211; Avertisseur sonore du remplissage du bac.<br \/>\n&#8211; Nombreux \u00e9l\u00e9ments de s\u00e9curit\u00e9<br \/>\n&#8211; Insert mulching<br \/>\n&#8211; Moteur \u00e0 l\u2019arri\u00e8re pour une visibilit\u00e9 parfaite<br \/>\n&#8211; Autoport\u00e9e tr\u00e8s compacte : 80 cm de largeur de coupe, et, 85,5 cm de largeur hors tout.<br \/>\n&#8211; Moteur, batterie et fusibles accessibles sans outil.<br \/>\n&#8211; Insert mulching inclus : pour tondre sans ramasser l\u2019herbe. Installation facile sans outil.<br \/>\nOutils Wolf est une marque fran\u00e7aise de tondeuses \u00e0 gazon et d&rsquo;outils de jardin depuis 1958. Outils Wolf cherche toujours \u00e0 innover et \u00e0 rendre ses outils toujours plus performants m\u00eame dans des conditions les plus difficiles. Les produits Outils Wolf sont robustes qui durent dans le temps et \u00e0 la fois confortables, s\u00fbrs et ergonomiques pour l&rsquo;utilisateur.<\/p>\n\n    <div class=\"xs_social_share_widget xs_share_url after_content \t\tmain_content  wslu-style-1 wslu-share-box-shaped wslu-fill-colored wslu-none wslu-share-horizontal wslu-theme-font-no wslu-main_content\">\n\n\t\t\n        <ul>\n\t\t\t        <\/ul>\n    <\/div>","protected":false},"excerpt":{"rendered":"<p>Moteur \u00e0 l\u2019arri\u00e8re pour une visibilit\u00e9 parfaite<br \/>\nMoteur, batterie et fusibles accessibles sans outil.<br \/>\nInsert mulching inclus : pour tondre sans ramasser l\u2019herbe. Installation facile sans outil<br \/>\nGarantie 3 ans<br \/>\nLIVRAISON \u00c0 DOMICILE OFFERTE<\/p>","protected":false},"featured_media":3627,"comment_status":"open","ping_status":"closed","template":"","meta":{"postBodyCss":"","postBodyMargin":[],"postBodyPadding":[],"postBodyBackground":{"backgroundType":"classic","gradient":""}},"product_brand":[],"product_cat":[228],"product_tag":[],"class_list":{"0":"post-3425","1":"product","2":"type-product","3":"status-publish","4":"has-post-thumbnail","6":"product_cat-tondeuses-autoportees","8":"first","9":"instock","10":"sale","11":"shipping-taxable","12":"purchasable","13":"product-type-simple"},"_links":{"self":[{"href":"https:\/\/samaterielagricole.com\/en\/wp-json\/wp\/v2\/product\/3425","targetHints":{"allow":["GET"]}}],"collection":[{"href":"https:\/\/samaterielagricole.com\/en\/wp-json\/wp\/v2\/product"}],"about":[{"href":"https:\/\/samaterielagricole.com\/en\/wp-json\/wp\/v2\/types\/product"}],"replies":[{"embeddable":true,"href":"https:\/\/samaterielagricole.com\/en\/wp-json\/wp\/v2\/comments?post=3425"}],"version-history":[{"count":1,"href":"https:\/\/samaterielagricole.com\/en\/wp-json\/wp\/v2\/product\/3425\/revisions"}],"predecessor-version":[{"id":3628,"href":"https:\/\/samaterielagricole.com\/en\/wp-json\/wp\/v2\/product\/3425\/revisions\/3628"}],"wp:featuredmedia":[{"embeddable":true,"href":"https:\/\/samaterielagricole.com\/en\/wp-json\/wp\/v2\/media\/3627"}],"wp:attachment":[{"href":"https:\/\/samaterielagricole.com\/en\/wp-json\/wp\/v2\/media?parent=3425"}],"wp:term":[{"taxonomy":"product_brand","embeddable":true,"href":"https:\/\/samaterielagricole.com\/en\/wp-json\/wp\/v2\/product_brand?post=3425"},{"taxonomy":"product_cat","embeddable":true,"href":"https:\/\/samaterielagricole.com\/en\/wp-json\/wp\/v2\/product_cat?post=3425"},{"taxonomy":"product_tag","embeddable":true,"href":"https:\/\/samaterielagricole.com\/en\/wp-json\/wp\/v2\/product_tag?post=3425"}],"curies":[{"name":"wp","href":"https:\/\/api.w.org\/{rel}","templated":true}]}}