{"id":3424,"date":"2025-09-19T14:06:00","date_gmt":"2025-09-19T12:06:00","guid":{"rendered":"https:\/\/antiquewhite-alligator-594470.hostingersite.com\/?post_type=product&#038;p=3424"},"modified":"2025-09-19T14:08:05","modified_gmt":"2025-09-19T12:08:05","slug":"tondeuse-autoportee-ejection-arriere-at1-66-hcb-alpina","status":"publish","type":"product","link":"https:\/\/samaterielagricole.com\/en\/product\/tondeuse-autoportee-ejection-arriere-at1-66-hcb-alpina\/","title":{"rendered":"Tondeuse autoport\u00e9e \u00e9jection arri\u00e8re AT1 66 HCB &#8211; ALPINA"},"content":{"rendered":"<p>Cette\u00a0autoport\u00e9e\u00a0de chez Alpina convient pour des zones allant jusqu&rsquo;\u00e0 1500 m\u00b2. Elle est capable de contourner sans probl\u00e8me les obstacles, le Alpina AT1 66 HCB est un tracteur compact et est equip\u00e9 d\u2019un collecteur d\u2019herbe de 150 L. Avec un volant ergonomique et un si\u00e8ge de dossier haut, vous serez assis confortablement lors de son utilisation.<br \/>\nCaract\u00e9ristiques techniques\u00a0:<br \/>\n&#8211; Moteur Briggs &amp; Stratton Series 950 E-Series ES de 223 cc<br \/>\n&#8211; Puissance moteur : 3.3 kW<br \/>\n&#8211; 1 cylindre<br \/>\n&#8211; Syst\u00e8me de refroidissement : \u00e0 air<br \/>\n&#8211; R\u00e9gime moteur en tour\/minute (rpm) : 2450 rpm<br \/>\n&#8211; R\u00e9servoir essence : 3.8 L<br \/>\n&#8211; Tension de la batterie : 12 V<br \/>\n&#8211; Capacit\u00e9 de la batterie : 9 Ah<br \/>\n&#8211; Etrangleur : manuel<br \/>\n&#8211; Syst\u00e8me de refroidissement du moteur : air<br \/>\n&#8211; Niveau sonore : 98 dB<br \/>\n&#8211; Transmission : contr\u00f4le hydrostatique<br \/>\n&#8211; Mode de transmission : par bouton<br \/>\n&#8211; Traction : roues arri\u00e8re motrices<br \/>\n&#8211; Vitesse maximale : 6.2 km\/h<br \/>\n&#8211; Dimensions roues avant\/arri\u00e8re : 13&#215;5.00-6 \/ 15&#215;5.50-8<br \/>\n&#8211; Angle de braquage : 155 cm<br \/>\n&#8211; Dimensions autoport\u00e9e : L 183 x l 72.5 x h 108.5 cm<br \/>\n&#8211; Poids : 129 kg<br \/>\nCaract\u00e9ristiques produit\u00a0:<br \/>\n&#8211; Syst\u00e8me de coupe : ramassage et mulching<br \/>\n&#8211; Bac de ramassage textile 150 L<br \/>\n&#8211; Vidage du bac : manuel<br \/>\n&#8211; Volant ergonomique<br \/>\n&#8211; Embout de nettoyage<br \/>\n&#8211; Chargeur de batterie inclus<br \/>\n&#8211; Largeur de coupe : 66 cm<br \/>\n&#8211; Coupe inverse : oui<br \/>\n&#8211; 6 hauteurs de coupe de 30 \u00e0 80 mm<br \/>\n&#8211; R\u00e9glage hauteur de coupe : manuel avec levier<br \/>\n&#8211; Volant : Alpina ergonomique<br \/>\n&#8211; Type de si\u00e8ge : Alpina classique<br \/>\n&#8211; R\u00e9glage du si\u00e8ge par vis<br \/>\n&#8211; Syst\u00e8me de s\u00e9curit\u00e9 : si\u00e8ge avec disjoncteur de s\u00e9curit\u00e9 (Safety Contact Breaker)<br \/>\n&#8211; 1 lame<br \/>\n&#8211; Kit mulching : optionnel<br \/>\n&#8211; Enclenchement des lames : manuel<br \/>\n&#8211; Surface de tonte conseill\u00e9e : jusqu\u2019\u00e0 1 500 m\u00b2<br \/>\nCette autoport\u00e9e est compacte et simple d&rsquo;utilisation. La tondeuse Alpina AT1 66 HCB est \u00e9quip\u00e9e d&rsquo;un moteur thermique Briggs &amp; Stratton 950 d&rsquo;une puissance nette de 3,3 kW \u00e0 2 450 tr\/min. Elle est \u00e9galement \u00e9quip\u00e9e d\u2019un carter de 66 cm pouvant \u00eatre facilement r\u00e9gl\u00e9 \u00e0 l\u2019aide d\u2019un levier sur 6 hauteurs de coupe allant de 30 \u00e0 76 mm.<br \/>\nLa tondeuse AT1 66 HCB peut \u00eatre utilis\u00e9e pour r\u00e9cup\u00e9rer l\u2019herbe coup\u00e9e dans le bac de ramassage arri\u00e8re de 150 litres ou pour broyer l\u2019herbe ramass\u00e9e en mode mulching gr\u00e2ce au kit mulching en option. Chargeur de batterie inclus.<br \/>\nBriggs &amp; Stratton est l&rsquo;un des plus importants producteurs de moteur \u00e0 essence pour le plein air. De conception et de fabrication am\u00e9ricaine, les moteurs Briggs &amp; Stratton sont des produits fiables et puissants.<br \/>\nAlpina, marque italienne, propose une gamme compl\u00e8te de tondeuses \u00e0 gazon et de tracteurs de jardin, ainsi que des produits de jardinage compl\u00e9mentaires tels que tron\u00e7onneuses, d\u00e9broussailleuses, taille-haies, coupe-bordures, souffleurs, scarificateurs, motoculteurs et fraises \u00e0 neige. Fond\u00e9e en 1960 \u00e0 Santa Lucia di Piave (Tr\u00e9vise), Alpina se consacre depuis pr\u00e8s de 60 ans au march\u00e9 du jardin afin de proposer aux consommateurs des produits fiables et aux performances exceptionnelles.<\/p>\n\n    <div class=\"xs_social_share_widget xs_share_url after_content \t\tmain_content  wslu-style-1 wslu-share-box-shaped wslu-fill-colored wslu-none wslu-share-horizontal wslu-theme-font-no wslu-main_content\">\n\n\t\t\n        <ul>\n\t\t\t        <\/ul>\n    <\/div>","protected":false},"excerpt":{"rendered":"<p>Surface conseill\u00e9e entre 1000-2000 m2<br \/>\nMoteur BRIGGS&amp;STRATTON<br \/>\nBac de ramassage 150 L<br \/>\nGarantie 2 ans<br \/>\nLIVRAISON \u00c0 DOMICILE OFFERTE<\/p>","protected":false},"featured_media":3621,"comment_status":"open","ping_status":"closed","template":"","meta":{"postBodyCss":"","postBodyMargin":[],"postBodyPadding":[],"postBodyBackground":{"backgroundType":"classic","gradient":""}},"product_brand":[],"product_cat":[228],"product_tag":[],"class_list":{"0":"post-3424","1":"product","2":"type-product","3":"status-publish","4":"has-post-thumbnail","6":"product_cat-tondeuses-autoportees","8":"first","9":"instock","10":"sale","11":"shipping-taxable","12":"purchasable","13":"product-type-simple"},"_links":{"self":[{"href":"https:\/\/samaterielagricole.com\/en\/wp-json\/wp\/v2\/product\/3424","targetHints":{"allow":["GET"]}}],"collection":[{"href":"https:\/\/samaterielagricole.com\/en\/wp-json\/wp\/v2\/product"}],"about":[{"href":"https:\/\/samaterielagricole.com\/en\/wp-json\/wp\/v2\/types\/product"}],"replies":[{"embeddable":true,"href":"https:\/\/samaterielagricole.com\/en\/wp-json\/wp\/v2\/comments?post=3424"}],"version-history":[{"count":1,"href":"https:\/\/samaterielagricole.com\/en\/wp-json\/wp\/v2\/product\/3424\/revisions"}],"predecessor-version":[{"id":3622,"href":"https:\/\/samaterielagricole.com\/en\/wp-json\/wp\/v2\/product\/3424\/revisions\/3622"}],"wp:featuredmedia":[{"embeddable":true,"href":"https:\/\/samaterielagricole.com\/en\/wp-json\/wp\/v2\/media\/3621"}],"wp:attachment":[{"href":"https:\/\/samaterielagricole.com\/en\/wp-json\/wp\/v2\/media?parent=3424"}],"wp:term":[{"taxonomy":"product_brand","embeddable":true,"href":"https:\/\/samaterielagricole.com\/en\/wp-json\/wp\/v2\/product_brand?post=3424"},{"taxonomy":"product_cat","embeddable":true,"href":"https:\/\/samaterielagricole.com\/en\/wp-json\/wp\/v2\/product_cat?post=3424"},{"taxonomy":"product_tag","embeddable":true,"href":"https:\/\/samaterielagricole.com\/en\/wp-json\/wp\/v2\/product_tag?post=3424"}],"curies":[{"name":"wp","href":"https:\/\/api.w.org\/{rel}","templated":true}]}}