{"id":3423,"date":"2025-09-19T14:05:59","date_gmt":"2025-09-19T12:05:59","guid":{"rendered":"https:\/\/antiquewhite-alligator-594470.hostingersite.com\/?post_type=product&#038;p=3423"},"modified":"2025-09-19T14:07:59","modified_gmt":"2025-09-19T12:07:59","slug":"autoportee-mtd-a-ejection-laterale-smart-rg-145","status":"publish","type":"product","link":"https:\/\/samaterielagricole.com\/en\/product\/autoportee-mtd-a-ejection-laterale-smart-rg-145\/","title":{"rendered":"Autoport\u00e9e MTD \u00e0 \u00e9jection laterale smart RG 145"},"content":{"rendered":"<p>Cette\u00a0tondeuse autoport\u00e9e\u00a0RG 145 MTD Smart \u00e0 \u00e9jection lat\u00e9rale vous permettra de tondre de grandes surfaces avec sa largeur de coupe de 107 cm et son puissant moteur de 500 cc. Vous b\u00e9n\u00e9ficiez en plus de la transmission automatique Transmatic pour un maximum de confort de conduite. Vous pouvez enfin compl\u00e9ter votre \u00e9quipement avec le kit mulching et le bac de ramassage arri\u00e8re.<br \/>\nAvantages produit\u00a0:<br \/>\n&#8211; La tondeuse autoport\u00e9e RG 145 MTD Smart (fabriqu\u00e9e en Allemagne) est \u00e9quip\u00e9e d&rsquo;un moteur Briggs&amp;Stratton PB 4145 Series de 500 cc \u00e0 soupapes en t\u00eate. Cette technologie r\u00e9duit les \u00e9missions sonores et polluantes et est \u00e9conomique en carburant comparativement aux moteurs ordinaires \u00e0 soupapes lat\u00e9rales.<br \/>\n-Cette autoport\u00e9e b\u00e9n\u00e9ficie d&rsquo;une transmission Transmatic 6 Vitesses exclusive MTD :<br \/>\n&#8211; Bo\u00eete automatique \u00e0 commande de s\u00e9lection des vitesses par d\u00e9placement de levier<br \/>\n&#8211; R\u00e9gulateur et variateur de vitesse au pied<br \/>\n&#8211; Pour passer \u00e0 la vitesse sup\u00e9rieure, actionner d&rsquo;une main la manette du poste de conduite sans embrayer.<br \/>\n&#8211; De plus le ch\u00e2ssis poutre \u00e0 plateforme d\u00e9gag\u00e9e du conducteur a \u00e9t\u00e9 revu pour plus d&rsquo;ergonomie :<br \/>\n&#8211; Acc\u00e8s facilit\u00e9 de l&rsquo;utilisateur et une conduite sans effort.<br \/>\n&#8211; Le ch\u00e2ssis compact et plus rigide et un moindre encombrement.<br \/>\nLa tondeuse autoport\u00e9e est \u00e9quip\u00e9e d&rsquo;un syst\u00e8me de coupe et est constitu\u00e9e d\u2019un carter flottant performant.<br \/>\nPour une meilleure facilit\u00e9 d&rsquo;utilisation, vous avez la descente et la mont\u00e9e assist\u00e9es du plateau par c\u00e2bles et ressorts.<br \/>\nLe faible rayon de braquage de 46 cm et le train avant pivotant facilite les manoeuvres de contournement et de suivi de terrain.<br \/>\nGr\u00e2ce au syst\u00e8me d&rsquo;attelage inclus, vous pourrez adapter tout une s\u00e9rie d&rsquo;accessoires MTD.<br \/>\nCaract\u00e9ristiques techniques\u00a0:<br \/>\n&#8211; Puissance moteur : 9,1 Kw\/2800 min-1<br \/>\n&#8211; D\u00e9marrage \u00e9lectrique pour plus de facilit\u00e9.<br \/>\n&#8211; Transmission automatique Transmatic 6 vitesses.<br \/>\n&#8211; Direction d\u00e9multipli\u00e9e.<br \/>\n&#8211; Si\u00e8ge moyen.<br \/>\n&#8211; Ch\u00e2ssis poutre \u00e0 plate-forme d\u00e9gag\u00e9e.<br \/>\n&#8211; Largeur de coupe : 107 cm.<br \/>\n&#8211; Carter de coupe \u00e9quip\u00e9 de 2 lames.<br \/>\n&#8211; 2 roues anti-scalping.<br \/>\n&#8211; Palier de lame ventil\u00e9.<br \/>\n&#8211; Embrayage des lames ind\u00e9pendant.<br \/>\n&#8211; Descente et mont\u00e9e du plateau assist\u00e9e.<br \/>\n&#8211; Capot avec phare<br \/>\n&#8211; Rayon de braquage : 46 cm.<br \/>\n&#8211; Train avant pivotant.<br \/>\n&#8211; Attelage arri\u00e8re et d\u00e9flecteur inclus.<br \/>\n&#8211; Dimensions totale : L 170 x l 139 x h 100 cm.<br \/>\n&#8211; R\u00e9servoir carburant de 3,8 L.<br \/>\n&#8211; Diam\u00e8tre des roues : avant 15&#215;6&Prime;\/arri\u00e8res 20&#215;8&Prime;.<br \/>\n&#8211; Bac de ramassage, Mulching non inclus.<br \/>\n&#8211; Chargeur de batterie non inclus.<br \/>\nCaract\u00e9ristiques moteur\u00a0:<br \/>\n&#8211; 500 cc.<br \/>\n&#8211; Forte cylindr\u00e9e pour toutes conditions de tonte.<br \/>\n&#8211; Couple moteur important \u00e0 bas r\u00e9gime.<br \/>\n&#8211; Chemise fonte.<br \/>\n&#8211; Filtre \u00e0 air papier type automobile.<br \/>\n&#8211; Moins de vibrations, moteur plus silencieux.<br \/>\nR\u00e9glementation :\u00a0Une tondeuse \u00e0 gazon autoport\u00e9e \u00e9quip\u00e9e d&rsquo;un si\u00e8ge pour le conducteur et d&rsquo;un volant constitue un v\u00e9hicule terrestre \u00e0 moteur soumis \u00e0 l&rsquo;assurance obligatoire.<br \/>\nBriggs &amp; Stratton est l&rsquo;un des plus importants producteurs de moteur \u00e0 essence pour le plein air. De conception et de fabrication am\u00e9ricaine, les moteurs Briggs &amp; Stratton sont des produits fiables et puissants.<br \/>\nMTD produit la gamme la plus compl\u00e8te d\u2019\u00e9quipements motoris\u00e9s pour le jardin et ce pour toutes les utilisations possibles. Les jardiniers amateurs peuvent choisir parmi une vaste gamme de produits diff\u00e9rents qui ont tous une chose en commun : faciles \u00e0 utiliser, robustes et r\u00e9sistants.<br \/>\nGarantie 2 ans\u00a0Pi\u00e8ces et main d&rsquo;\u0153uvre avec assistance \u00e0 domicile pendant 2 ans (SP2). Les interventions en garantie doivent \u00eatre effectu\u00e9es au sein du r\u00e9seau de r\u00e9parateurs agr\u00e9\u00e9s MTD France qui compte 450 points de service.<br \/>\nL\u2019adresse du r\u00e9parateur le plus proche peut \u00eatre obtenue en cliquant sur le lien :\u00a0carte SAV MTD France.<br \/>\nN\u2019oubliez pas d\u2019activer votre garantie qui prendra effet le jour de votre enregistrement sur le site :\u00a0MTD.<\/p>\n\n    <div class=\"xs_social_share_widget xs_share_url after_content \t\tmain_content  wslu-style-1 wslu-share-box-shaped wslu-fill-colored wslu-none wslu-share-horizontal wslu-theme-font-no wslu-main_content\">\n\n\t\t\n        <ul>\n\t\t\t        <\/ul>\n    <\/div>","protected":false},"excerpt":{"rendered":"<p>Surface conseill\u00e9e jusqu&rsquo;\u00e0 2500m2<br \/>\nMoteur Briggs&amp;Stratton PB 4145 Series de 500 cc<br \/>\nTransmission automatique Transmatic 6 vitesses<br \/>\nGarantie 2 ans<br \/>\nLIVRAISON \u00c0 DOMICILE\u00a0OFFERTE<\/p>","protected":false},"featured_media":3619,"comment_status":"open","ping_status":"closed","template":"","meta":{"postBodyCss":"","postBodyMargin":[],"postBodyPadding":[],"postBodyBackground":{"backgroundType":"classic","gradient":""}},"product_brand":[],"product_cat":[228],"product_tag":[],"class_list":{"0":"post-3423","1":"product","2":"type-product","3":"status-publish","4":"has-post-thumbnail","6":"product_cat-tondeuses-autoportees","8":"first","9":"instock","10":"sale","11":"shipping-taxable","12":"purchasable","13":"product-type-simple"},"_links":{"self":[{"href":"https:\/\/samaterielagricole.com\/en\/wp-json\/wp\/v2\/product\/3423","targetHints":{"allow":["GET"]}}],"collection":[{"href":"https:\/\/samaterielagricole.com\/en\/wp-json\/wp\/v2\/product"}],"about":[{"href":"https:\/\/samaterielagricole.com\/en\/wp-json\/wp\/v2\/types\/product"}],"replies":[{"embeddable":true,"href":"https:\/\/samaterielagricole.com\/en\/wp-json\/wp\/v2\/comments?post=3423"}],"version-history":[{"count":1,"href":"https:\/\/samaterielagricole.com\/en\/wp-json\/wp\/v2\/product\/3423\/revisions"}],"predecessor-version":[{"id":3620,"href":"https:\/\/samaterielagricole.com\/en\/wp-json\/wp\/v2\/product\/3423\/revisions\/3620"}],"wp:featuredmedia":[{"embeddable":true,"href":"https:\/\/samaterielagricole.com\/en\/wp-json\/wp\/v2\/media\/3619"}],"wp:attachment":[{"href":"https:\/\/samaterielagricole.com\/en\/wp-json\/wp\/v2\/media?parent=3423"}],"wp:term":[{"taxonomy":"product_brand","embeddable":true,"href":"https:\/\/samaterielagricole.com\/en\/wp-json\/wp\/v2\/product_brand?post=3423"},{"taxonomy":"product_cat","embeddable":true,"href":"https:\/\/samaterielagricole.com\/en\/wp-json\/wp\/v2\/product_cat?post=3423"},{"taxonomy":"product_tag","embeddable":true,"href":"https:\/\/samaterielagricole.com\/en\/wp-json\/wp\/v2\/product_tag?post=3423"}],"curies":[{"name":"wp","href":"https:\/\/api.w.org\/{rel}","templated":true}]}}