{"id":3422,"date":"2025-09-19T14:05:59","date_gmt":"2025-09-19T12:05:59","guid":{"rendered":"https:\/\/antiquewhite-alligator-594470.hostingersite.com\/?post_type=product&#038;p=3422"},"modified":"2025-09-19T14:07:58","modified_gmt":"2025-09-19T12:07:58","slug":"tondeuse-autoportee-husqvarna-ts142l","status":"publish","type":"product","link":"https:\/\/samaterielagricole.com\/en\/product\/tondeuse-autoportee-husqvarna-ts142l\/","title":{"rendered":"Tondeuse autoport\u00e9e HUSQVARNA TS142L"},"content":{"rendered":"<p>CARACT\u00c9RISTIQUES DE LA\u00a0TONDEUSE AUTOPORT\u00c9E\u00a0HUSQVARNA TS 142<\/p>\n<p>Ejection lat\u00e9rale<br \/>\nMoteur\u00a0Husqvarna 4155 Intek\u00a0pour cette\u00a0tondeuse Husqvarna<br \/>\nCylindr\u00e9e 500 cm3<br \/>\nLargeur de coupe 107 cm<br \/>\nobturateur mulching en option<br \/>\nBac de ramassage en option<br \/>\nTransmission :\u00a0hydrostatique par levier<\/p>\n<p>Embrayage de lame : manuel<br \/>\nStarter automatique<br \/>\nIndicateur de niveau de charge batterie.<br \/>\nConnexion pour chargeur.<br \/>\nEssieu avant en fonte<br \/>\nLubrification sous pression avec filtre \u00e0 huile<\/p>\n\n    <div class=\"xs_social_share_widget xs_share_url after_content \t\tmain_content  wslu-style-1 wslu-share-box-shaped wslu-fill-colored wslu-none wslu-share-horizontal wslu-theme-font-no wslu-main_content\">\n\n\t\t\n        <ul>\n\t\t\t        <\/ul>\n    <\/div>","protected":false},"excerpt":{"rendered":"<p>Le TS142L est un\u00a0tracteur tondeuse\u00a0\u00e0 \u00e9jection lat\u00e9rale \u00e9quip\u00e9 d&rsquo;un carter de coupe de 107 cm et d&rsquo;un embrayage hydrostatique par levier<br \/>\nIl est dot\u00e9 d&rsquo;un moteur Husqvarna avec starter automatique et peut \u00eatre \u00e9quip\u00e9 d&rsquo;un bac de ramassage et d&rsquo;un kit mulching.<br \/>\nIl est \u00e9quip\u00e9 d&rsquo;un compteur horaire<\/p>\n<p>Garantie 2 ans<br \/>\nLIVRAISON \u00c0 DOMICILE\u00a0OFFERTE<\/p>","protected":false},"featured_media":3617,"comment_status":"open","ping_status":"closed","template":"","meta":{"postBodyCss":"","postBodyMargin":[],"postBodyPadding":[],"postBodyBackground":{"backgroundType":"classic","gradient":""}},"product_brand":[],"product_cat":[228],"product_tag":[],"class_list":{"0":"post-3422","1":"product","2":"type-product","3":"status-publish","4":"has-post-thumbnail","6":"product_cat-tondeuses-autoportees","8":"first","9":"instock","10":"sale","11":"shipping-taxable","12":"purchasable","13":"product-type-simple"},"_links":{"self":[{"href":"https:\/\/samaterielagricole.com\/en\/wp-json\/wp\/v2\/product\/3422","targetHints":{"allow":["GET"]}}],"collection":[{"href":"https:\/\/samaterielagricole.com\/en\/wp-json\/wp\/v2\/product"}],"about":[{"href":"https:\/\/samaterielagricole.com\/en\/wp-json\/wp\/v2\/types\/product"}],"replies":[{"embeddable":true,"href":"https:\/\/samaterielagricole.com\/en\/wp-json\/wp\/v2\/comments?post=3422"}],"version-history":[{"count":1,"href":"https:\/\/samaterielagricole.com\/en\/wp-json\/wp\/v2\/product\/3422\/revisions"}],"predecessor-version":[{"id":3618,"href":"https:\/\/samaterielagricole.com\/en\/wp-json\/wp\/v2\/product\/3422\/revisions\/3618"}],"wp:featuredmedia":[{"embeddable":true,"href":"https:\/\/samaterielagricole.com\/en\/wp-json\/wp\/v2\/media\/3617"}],"wp:attachment":[{"href":"https:\/\/samaterielagricole.com\/en\/wp-json\/wp\/v2\/media?parent=3422"}],"wp:term":[{"taxonomy":"product_brand","embeddable":true,"href":"https:\/\/samaterielagricole.com\/en\/wp-json\/wp\/v2\/product_brand?post=3422"},{"taxonomy":"product_cat","embeddable":true,"href":"https:\/\/samaterielagricole.com\/en\/wp-json\/wp\/v2\/product_cat?post=3422"},{"taxonomy":"product_tag","embeddable":true,"href":"https:\/\/samaterielagricole.com\/en\/wp-json\/wp\/v2\/product_tag?post=3422"}],"curies":[{"name":"wp","href":"https:\/\/api.w.org\/{rel}","templated":true}]}}