{"id":3421,"date":"2025-09-19T14:05:59","date_gmt":"2025-09-19T12:05:59","guid":{"rendered":"https:\/\/antiquewhite-alligator-594470.hostingersite.com\/?post_type=product&#038;p=3421"},"modified":"2025-09-19T14:07:57","modified_gmt":"2025-09-19T12:07:57","slug":"robot-tondeuse-robomow-rc312-pro-s-avec-gsm","status":"publish","type":"product","link":"https:\/\/samaterielagricole.com\/en\/product\/robot-tondeuse-robomow-rc312-pro-s-avec-gsm\/","title":{"rendered":"Robot tondeuse Robomow RC312 Pro S avec GSM"},"content":{"rendered":"<p>La\u00a0Robomow RC312 Pro S\u00a0\u00a0peut tondre de mani\u00e8re totalement autonome et automatique des surfaces allant jusqu&rsquo;\u00e0 1200 m2. Dot\u00e9es de nombreuses fonctionnalit\u00e9s, elle n&rsquo;en n&rsquo;est pas moins une tondeuse robuste qui saura naviguer dans les jardins les plus complexes et faire face \u00e0 tous les obstacles qu&rsquo;elle rencontrera.<br \/>\nL&rsquo;installation du Robomow RC 312 Pro S<br \/>\nL&rsquo;installation se fait\u00a0simplement et rapidement\u00a0:<\/p>\n<p>Installez la station de charge\u00a0le long de votre terrain \u00e0 l&rsquo;aide des piquets m\u00e9talliques. La station permet \u00e0 la tondeuse de recharger ses batteries, c&rsquo;est l&rsquo;endroit qu&rsquo;elle rejoint lorsqu&rsquo;elle a fini de tondre.<br \/>\nIl suffit ensuite de\u00a0d\u00e9limiter les zones de terrain tondre avec le c\u00e2ble de p\u00e9rim\u00e9tre\u00a0(voir en accessoires). Fixez ce c\u00e2ble dans la pelouse gr\u00e2ce aux piquets. Vous pouvez utiliser la Robor\u00e8gle pour conna\u00eetre la distance id\u00e9ale entre le bord de votre pelouse et l&rsquo;endroit o\u00f9 vous devez fixer le c\u00e2ble.<br \/>\nSi votre terrain comporte des obstacles inf\u00e9rieurs \u00e0 15 cm de hauteur et non rigides (bosquet de fleurs, bac \u00e0 sable, piscine) il vous suffit de les entourer avec le c\u00e2ble afin de les exclure de la zone \u00e0 tondre. Les autres types d&rsquo;obstacles que pourrait rencontrer la tondeuse seront automatiquement d\u00e9tect\u00e9s.<\/p>\n<p>La Robomow\u00a0RC 312 Pro S\u00a0est con\u00e7ue pour \u00eatre install\u00e9e facilement par son propri\u00e9taire :<br \/>\nFonctionnement du Robomow<br \/>\nRC 312 Pro S<br \/>\nIl vous suffit de\u00a0programmer les jours et heures auxquels vous souhaiter que la Robomow tonde. Cela se fait tr\u00e8s facilement depuis le panneau de contr\u00f4le de la tondeuse ou bien depuis l&rsquo;application Robomow App pour tablette et smartphone. Vous pouvez \u00e9galement d\u00e9clencher un cycle de tonte manuellement.<br \/>\nSon syst\u00e8me de navigation al\u00e9atoire garantit une coupe nette et homog\u00e8ne jour apr\u00e8s jour. Les lames robustes viendront \u00e0 bout des petites branches et autres pommes de pin. Le syst\u00e8me de coupe Mulching broie l&rsquo;herbe en particules nourrissantes et extr\u00eamement fines et ne laisse rien de visible derri\u00e8re son passage.\u00a0Ainsi, elle est totalement autonome.<br \/>\nLorsque la tonte est termin\u00e9e ou si les batteries de la tondeuse sont sur le point d&rsquo;\u00eatre \u00ab\u00a0\u00e0 plat\u00a0\u00bb, la Robomow\u00a0retourne de mani\u00e8re automatique\u00a0\u00e0 sa station afin de se recharger. La tondeuse est ainsi autonome et toujours pr\u00eate \u00e0 d\u00e9marrer un nouveau cycle de tonte !<br \/>\n&nbsp;<\/p>\n<p>Les nouveaut\u00e9s de la gamme Pro S de Robomow<br \/>\nLa Robomow App : l&rsquo;application smartphone et tablette de prise contr\u00f4le \u00e0 distance de votre tondeuse<br \/>\nConnect\u00e9 en Bluetooth, vous pourrez gr\u00e2ce \u00e0 votre smartphone ou votre tablette (iOS et Android) prendre le contr\u00f4le de votre tondeuse Robomow ! La connexion est possible jusqu&rsquo;\u00e0 une distance d&rsquo;environ 15 m\u00e8tres.<br \/>\nL&rsquo;application gratuite Robomow App\u00a0vous permettra de :<\/p>\n<p>Lancer un cycle de tonte<br \/>\nProgrammer les jours et horaires de tonte<br \/>\nAjuster les diff\u00e9rents param\u00e8tres (hauteur de coupe, cycles, &#8230;)<br \/>\nFaire revenir la Robomow en base de chargement<br \/>\nAcc\u00e8s direct depuis le smartphone ou tablette au manuel produit, guide utilisateur, vid\u00e9os, outils de d\u00e9marrage rapide<br \/>\nB\u00e9n\u00e9ficier d&rsquo;une assistance produit en direct : ouvrir et suivre des demandes d&rsquo;assistance<br \/>\nAcc\u00e9der \u00e0 de nombreuses informations sur les produits et accessoires : caract\u00e9ristiques, images, vid\u00e9os&#8230;<br \/>\nDiriger la tondeuse d&rsquo;une zone de tonte \u00e0 l&rsquo;autre\u00a0(compatible Bluetooth)<br \/>\nGSM qui permet d&rsquo;anticiper la maintenance en recoltant les donnes technique de votre ROBOMOW.<br \/>\nAbri Robohome inclu<\/p>\n<p>L\u2019application Robomow est compatible avec les mobiles suivants fonctionnant sous iOS7 et\/ou versions ult\u00e9rieures :<br \/>\nApple:<\/p>\n<p>iPhone 4S et ult\u00e9rieur<br \/>\niPad 3 et ult\u00e9rieur (incl. iPad Air)<br \/>\niPod Touch 5<br \/>\niPod mini<\/p>\n<p>Voici une liste non exhaustive des appareils\u00a0Android\u00a0compatibles :\u00a0Samsung Galaxy S3, S4, S5, S6, Note 2 &amp; 3, HTC One X, Nexus 5, LG G2\/3<br \/>\nSAV modulaire :<br \/>\nArticul\u00e9es en modules ind\u00e9pendants, les tondeuses Robomow sont d\u00e9sormais tr\u00e8s simple \u00e0 entretenir. Les d\u00e9marches de montage et remplacement de pi\u00e8ces sont rapides et \u00e0 la port\u00e9e de tous, plus besoin de faire appel \u00e0 un professionnel.<br \/>\nLa nouvelle gamme est \u00e9galement plus silencieuse, tond plus rapidement, plus \u00e9conomiquement et est plus silencieuse que ses pr\u00e9d\u00e9cesseurs.<br \/>\n&nbsp;<\/p>\n<p>Fonctions g\u00e9n\u00e9rales<br \/>\nConfiguration de 1, 2 ou 5 zones de tonte :\u00a0Vous pouvez configurer 5 zones de tonte distinctes qui seront tondues de mani\u00e8re individuelles. Cela est utile pour des jardins dont la configuration n&rsquo;est pas uniforme.<br \/>\nTonte des bordures :\u00a0La\u00a0position d\u00e9cal\u00e9e de la lame du Robomow RC312 Pro S\u00a0permet une tonte des bordures de votre jardin. Un mode de tonte sp\u00e9cial bordure pemet de lancer un cycle de tonte exclusivement d\u00e9di\u00e9 aux bordures de la pelouse pour des finitions parfaites.<br \/>\nProgrammation des jours et des heures de tonte :\u00a0la tondeuse travaille en votre absence et en toute autonomie. Param\u00e9trez les cr\u00e9neaux de tonte directement depuis l&rsquo;\u00e9cran de contr\u00f4le ou depuis l&rsquo;application Robomow, la Robomow App<br \/>\nR\u00e9siste aux terrains pentus :\u00a0Robomow\u00a0RC 312 Pro S est capable de tondre sur des terrains avec des pentes pouvant aller jusqu&rsquo;\u00e0 36% \/ 20\u00b0<br \/>\nEl\u00e9ments de s\u00e9curit\u00e9 :\u00a0Outre une s\u00e9curit\u00e9 enfant emp\u00eachant toute personne non habilit\u00e9e de d\u00e9clencher la tondeuse(code PIN et combinaisons de s\u00e9curit\u00e9), le pare-chocs est dot\u00e9 de capteurs qui entrainent un arr\u00eat de la rotation des lames. De la m\u00eame mani\u00e8re, les lames s&rsquo;arr\u00eateront imm\u00e9diatement de tourner si la tondeuse est soulev\u00e9e (capteurs de soul\u00e8vement). Enfin, le syst\u00e8me d&rsquo;antivol d\u00e9clenche une alarme si la Robomow est d\u00e9plac\u00e9e manuellement sans que le code Pin ait \u00e9t\u00e9 saisi.<br \/>\nHauteur de coupe r\u00e9glable\u00a0de 15 \u00e0 60 mm afin d&rsquo;avoir une hauteur de gazon sur mesures !<br \/>\nCaract\u00e9ristiques techniques<\/p>\n<p>Surface max :\u00a01200 m2<br \/>\nLargeur de coupe : 28 cm<br \/>\nNombre de zones configurables : 3<br \/>\nAutonomie : 70 minutes<br \/>\nTemps de charge : 70 \u00e0 90 min<br \/>\nPentes maximum : 36%<br \/>\nDimensions :\u00a063 x 46 x 21 cm<br \/>\nPoids : 10,3 kg<br \/>\nBatterie :\u00a026V Lithium (LiFePO4)<br \/>\nNiveau sonore : 68 dB mesur\u00e9<br \/>\nPuissance : 200W<br \/>\nCouleur : vert<br \/>\nCapteurs :\u00a0anti-chocs \/ pluie \/ soul\u00e8vement<br \/>\nGarantie 2 ans<\/p>\n<p>La Robomow RC 312 Pro S est\u00a0livr\u00e9e gratuitement\u00a0avec :<\/p>\n<p>1 lame<br \/>\n1 base de chargement (avec 6 piquets, transfo et c\u00e2ble \u00e9lectrique)<br \/>\n1 notice utilisateur<br \/>\n1 boitier de contr\u00f4le<br \/>\n1 Abri Robohome<br \/>\n1 robor\u00e8gle<br \/>\n1 guide de d\u00e9marrage<br \/>\n1 DVD d&rsquo;installation<\/p>\n\n    <div class=\"xs_social_share_widget xs_share_url after_content \t\tmain_content  wslu-style-1 wslu-share-box-shaped wslu-fill-colored wslu-none wslu-share-horizontal wslu-theme-font-no wslu-main_content\">\n\n\t\t\n        <ul>\n\t\t\t        <\/ul>\n    <\/div>","protected":false},"excerpt":{"rendered":"<p>Tonte des bordures, pilotable \u00e0 distance, 5 zones de tonte configurables, retour automatique en station de charge, lames robustes, capteurs multiples, GSM Bluetooth,\u00a0 la Robomow RC312\u00a0 a tout d&rsquo;une grande ! Ce mod\u00e8le convient pour les terrains jusqu&rsquo;\u00e0\u00a01200 m2.\u00a0\u00a0<\/p>\n<p>Garantie 5 ans<br \/>\nLivraison gratuite<\/p>","protected":false},"featured_media":3612,"comment_status":"open","ping_status":"closed","template":"","meta":{"postBodyCss":"","postBodyMargin":[],"postBodyPadding":[],"postBodyBackground":{"backgroundType":"classic","gradient":""}},"product_brand":[],"product_cat":[227],"product_tag":[],"class_list":{"0":"post-3421","1":"product","2":"type-product","3":"status-publish","4":"has-post-thumbnail","6":"product_cat-tondeuses-robots","8":"first","9":"instock","10":"sale","11":"shipping-taxable","12":"purchasable","13":"product-type-simple"},"_links":{"self":[{"href":"https:\/\/samaterielagricole.com\/en\/wp-json\/wp\/v2\/product\/3421","targetHints":{"allow":["GET"]}}],"collection":[{"href":"https:\/\/samaterielagricole.com\/en\/wp-json\/wp\/v2\/product"}],"about":[{"href":"https:\/\/samaterielagricole.com\/en\/wp-json\/wp\/v2\/types\/product"}],"replies":[{"embeddable":true,"href":"https:\/\/samaterielagricole.com\/en\/wp-json\/wp\/v2\/comments?post=3421"}],"version-history":[{"count":1,"href":"https:\/\/samaterielagricole.com\/en\/wp-json\/wp\/v2\/product\/3421\/revisions"}],"predecessor-version":[{"id":3613,"href":"https:\/\/samaterielagricole.com\/en\/wp-json\/wp\/v2\/product\/3421\/revisions\/3613"}],"wp:featuredmedia":[{"embeddable":true,"href":"https:\/\/samaterielagricole.com\/en\/wp-json\/wp\/v2\/media\/3612"}],"wp:attachment":[{"href":"https:\/\/samaterielagricole.com\/en\/wp-json\/wp\/v2\/media?parent=3421"}],"wp:term":[{"taxonomy":"product_brand","embeddable":true,"href":"https:\/\/samaterielagricole.com\/en\/wp-json\/wp\/v2\/product_brand?post=3421"},{"taxonomy":"product_cat","embeddable":true,"href":"https:\/\/samaterielagricole.com\/en\/wp-json\/wp\/v2\/product_cat?post=3421"},{"taxonomy":"product_tag","embeddable":true,"href":"https:\/\/samaterielagricole.com\/en\/wp-json\/wp\/v2\/product_tag?post=3421"}],"curies":[{"name":"wp","href":"https:\/\/api.w.org\/{rel}","templated":true}]}}