{"id":3420,"date":"2025-09-19T14:05:59","date_gmt":"2025-09-19T12:05:59","guid":{"rendered":"https:\/\/antiquewhite-alligator-594470.hostingersite.com\/?post_type=product&#038;p=3420"},"modified":"2025-09-19T14:07:53","modified_gmt":"2025-09-19T12:07:53","slug":"robot-tondeuse-techline-b3","status":"publish","type":"product","link":"https:\/\/samaterielagricole.com\/en\/product\/robot-tondeuse-techline-b3\/","title":{"rendered":"Robot tondeuse TechLine B3"},"content":{"rendered":"<p>Le Techline B3 est la plus compacte de la gamme. Agile et performante, elle retourne automatiquement en station de recharge faire le plein de sa batteries 2.5Ah.<br \/>\nL&rsquo;installation de la B3 est facile et rapide : il suffit de d\u00e9limiter les contours de votre jardin avec le c\u00e2ble fourni, fixer celui-ci avec les piquets fournis.\u00a0 Ensuite, la tondeuse est pr\u00eate \u00e0 tondre.<br \/>\nLe techline B3 dispose du dectecteur de pluie, ce qui lui permet de revenir automatiquement sur sa base en cas de pluie.<br \/>\n&nbsp;<br \/>\nCaract\u00e9ristiques techniques du Techline B3<\/p>\n<p>Surface max : 500 m2<br \/>\nBatterie : 2,5 Ah<br \/>\nDisplay de programmation<br \/>\nAutonomie : 50 minutes<br \/>\nRecharge automatique<br \/>\nHauteur de coupe : 25 &#8211; 65 mm<br \/>\nPente max : 45%<br \/>\nLargeur de coupe : 25 mm<br \/>\nNiveau sonore : 72 db<br \/>\nPoids : 9,5 kg<\/p>\n<p>&nbsp;<br \/>\nLe techline B3 est livr\u00e9e avec :<\/p>\n<p>1 station de charge<br \/>\n1 alimentation<br \/>\n1 lame<br \/>\n100 piquets<br \/>\n100 m de c\u00e2ble<\/p>\n\n    <div class=\"xs_social_share_widget xs_share_url after_content \t\tmain_content  wslu-style-1 wslu-share-box-shaped wslu-fill-colored wslu-none wslu-share-horizontal wslu-theme-font-no wslu-main_content\">\n\n\t\t\n        <ul>\n\t\t\t        <\/ul>\n    <\/div>","protected":false},"excerpt":{"rendered":"<p>Le Techline B3 est destin\u00e9 aux moyenne surfaces puisqu&rsquo;elle peut tondre jusqu&rsquo;\u00e0 500 m2 de terrain sur des pentes allant jusqu&rsquo;\u00e0 45%.<br \/>\nEnti\u00e8rement autonome et automatique, elle peut g\u00e9rer 2 zones de tontes distinctes. Ce robot Tondeur se connecte \u00e0 votre smartphone en Bluetooth.<br \/>\nD\u00e9tecteur de pluie d&rsquo;origine.<br \/>\nlivr\u00e9 avec 100 Piquets et 100m de C\u00e2ble<\/p>\n<p>Garantie 2 ans<br \/>\nLivraison gratuite<\/p>","protected":false},"featured_media":3600,"comment_status":"open","ping_status":"closed","template":"","meta":{"postBodyCss":"","postBodyMargin":[],"postBodyPadding":[],"postBodyBackground":{"backgroundType":"classic","gradient":""}},"product_brand":[],"product_cat":[227],"product_tag":[],"class_list":{"0":"post-3420","1":"product","2":"type-product","3":"status-publish","4":"has-post-thumbnail","6":"product_cat-tondeuses-robots","8":"first","9":"instock","10":"shipping-taxable","11":"purchasable","12":"product-type-simple"},"_links":{"self":[{"href":"https:\/\/samaterielagricole.com\/en\/wp-json\/wp\/v2\/product\/3420","targetHints":{"allow":["GET"]}}],"collection":[{"href":"https:\/\/samaterielagricole.com\/en\/wp-json\/wp\/v2\/product"}],"about":[{"href":"https:\/\/samaterielagricole.com\/en\/wp-json\/wp\/v2\/types\/product"}],"replies":[{"embeddable":true,"href":"https:\/\/samaterielagricole.com\/en\/wp-json\/wp\/v2\/comments?post=3420"}],"version-history":[{"count":1,"href":"https:\/\/samaterielagricole.com\/en\/wp-json\/wp\/v2\/product\/3420\/revisions"}],"predecessor-version":[{"id":3601,"href":"https:\/\/samaterielagricole.com\/en\/wp-json\/wp\/v2\/product\/3420\/revisions\/3601"}],"wp:featuredmedia":[{"embeddable":true,"href":"https:\/\/samaterielagricole.com\/en\/wp-json\/wp\/v2\/media\/3600"}],"wp:attachment":[{"href":"https:\/\/samaterielagricole.com\/en\/wp-json\/wp\/v2\/media?parent=3420"}],"wp:term":[{"taxonomy":"product_brand","embeddable":true,"href":"https:\/\/samaterielagricole.com\/en\/wp-json\/wp\/v2\/product_brand?post=3420"},{"taxonomy":"product_cat","embeddable":true,"href":"https:\/\/samaterielagricole.com\/en\/wp-json\/wp\/v2\/product_cat?post=3420"},{"taxonomy":"product_tag","embeddable":true,"href":"https:\/\/samaterielagricole.com\/en\/wp-json\/wp\/v2\/product_tag?post=3420"}],"curies":[{"name":"wp","href":"https:\/\/api.w.org\/{rel}","templated":true}]}}