{"id":3419,"date":"2025-09-19T14:05:59","date_gmt":"2025-09-19T12:05:59","guid":{"rendered":"https:\/\/antiquewhite-alligator-594470.hostingersite.com\/?post_type=product&#038;p=3419"},"modified":"2025-09-19T14:07:51","modified_gmt":"2025-09-19T12:07:51","slug":"robot-tondeuse-robomow-rx50u","status":"publish","type":"product","link":"https:\/\/samaterielagricole.com\/en\/product\/robot-tondeuse-robomow-rx50u\/","title":{"rendered":"Robot tondeuse Robomow RX50u"},"content":{"rendered":"<p>D\u00e9couvrez les tondeuses Robomow 2019<br \/>\nInstaller et utiliser la Robomow RX50<br \/>\nL&rsquo;installation simplifi\u00e9 de ce robot tondeur vous permet de profiter pleinement de votre jardin rapidement. Pour commencer vous devez poser la station de charge sur la pelouse et de la brancher au courant. Il vous faut ensuite\u00a0poser le c\u00e2ble tout le long de votre gazon et de le fixer gr\u00e2ce aux piquets. Vous devez former une boucle qui part et revient de la base en suivant les contours du jardin.<br \/>\nVous pouvez\u00a0proteger une partie de votre terrain\u00a0(bosquet de fleurs, bac \u00e0 sable, etc) en cr\u00e9ant un ilot avec le c\u00e2ble.<br \/>\nVous pouvez facilement depuis l&rsquo;application Robomow depuis\u00a0 votre smartphone\u00a0programmer les jours et heures auxquels vous souhaitez que la Robomow RX50 tonde. Avant que la batteries ne s&rsquo;\u00e9puisent, il retournera automatiquement se recharger \u00e0 la station. Il est ainsi totalement autonome et toujours pr\u00eate pour recommencer \u00e0 tondre.<br \/>\nVous pouvez\u00a0cr\u00e9er jusqu&rsquo;\u00e0 3 zones,\u00a0si votre jardin poss\u00e8de des zones non accessibles directement par la tondeuse (s\u00e9par\u00e9e par une cloture, un chemin, massif de plantes \/ arbres, etc.) ou lorsqu&rsquo;un passage \u00e9troit les s\u00e9pare (largeur minimum 57 cm). Il vous suffit de tirer le c\u00e2ble de mani\u00e8re \u00e0 ce qu&rsquo;il puisse atteindre la \/ les zone secondaire.<br \/>\nCes configurations sont optionnelles et uniquement \u00e0 mettre en oeuvre si votre jardin est dans l&rsquo;un de ces 2 cas de figure<br \/>\nExemple de cr\u00e9ation d&rsquo;une zone s\u00e9par\u00e9e<\/p>\n<p>Exemple de cr\u00e9ation d&rsquo;une zone secondaire<\/p>\n<p>Focus sur les fonctionnalit\u00e9s<\/p>\n<p>Tonte des bordures\u00a0: Robomow est la seule marque \u00e0 proposer des robots dont la tonte s&rsquo;effectue au plus pr\u00e8s des bords de votre terrain. De plus, un mode sp\u00e9cial bordure permet de lancer la tondeuse pour une tonte le long du c\u00e2ble de p\u00e9rim\u00e8tre et donc des bordures de votre gazon pour des finitions parfaites.<br \/>\nRetour automatique en station de charge\u00a0: la Robomow RX50 retourne seul charger ses batteries \u00e0 la fin de chaque cycle<br \/>\nProgrammation des jours et heures de tonte :\u00a0depuis votre smartphone, vous d\u00e9cidez quels jours et \u00e0 quelles heures le robot doit sortir tondre. Il est ainsi totalement autonome et tond m\u00eame lorsque vous n&rsquo;\u00eates pas la.<br \/>\nGestion des terrains pentus et difficiles\u00a0: elle peut tondre sur des surfaces ayant une inclinaison maximale de 15% (8,5\u00b0) et est con\u00e7ue pour se d\u00e9placer sur des terrains difficiles ou accident\u00e9s gr\u00e2ce \u00e0 son carter flottant<br \/>\nR\u00e9glage de la hauteur de coupe\u00a0: de 15 \u00e0 45 mm pour avoir une pelouse exactement comme vous vous la r\u00eavez !<br \/>\nGestion de 3 zones de tonte :\u00a0pour faciliter le passage d&rsquo;un couloir \u00e9troit vers une zone secondaire.<br \/>\nMulching\u00a0: l&rsquo;herbe est broy\u00e9e en particules tr\u00e8s fines et nourrissantes pour le gazon. Ainsi, l&rsquo;herbe est plus verte, le robot ne laisse rien de visible derri\u00e8re son passage, vous n&rsquo;avez bien \u00e9videmment rien \u00e0 ramasser<br \/>\nLame en acier\u00a0: cette lame robuste permet au robot de ne pas craindre les diff\u00e9rents obstacles qu&rsquo;il pourrait rencontrer : pomme de pin, petites branches, etc. ainsi qu&rsquo;en d\u00e9but de saison la tonte des hautes herbes<br \/>\nS\u00e9curit\u00e9\u00a0: dot\u00e9 de capteur de soul\u00e8vement, les lames s&rsquo;arr\u00eatent imm\u00e9diatemment de tourner si le robot est soulev\u00e9. L&rsquo;antivol emp\u00eache toute utilisation ou pilotage de la RX50 tant qu&rsquo;elle n&rsquo;a pas \u00e9t\u00e9 d\u00e9v\u00e9rouill\u00e9e par le biais d&rsquo;une connexion depuis un appareil mobile enregistr\u00e9. \u00a0La RX50 est s\u00e9curis\u00e9e par un syst\u00e8me de cl\u00e9 int\u00e9gr\u00e9e au robot qui enclenche son antivol.<br \/>\nApplication smartphone et tablette :\u00a0Connect\u00e9 en Bluetooth, vous pourrez gr\u00e2ce \u00e0 votre smartphone ou votre tablette Android, prendre le contr\u00f4le de votre tondeuse Robomow ! La connexion est possible jusqu&rsquo;\u00e0 une distance d&rsquo;environ 15 m\u00e8tres. Le Kit GSM (en option) vous permet de prendre le contr\u00f4le du robot ou que vous soyez en 3G.<\/p>\n<p>La Robomow App\u00a0vous permet de :<\/p>\n<p>Lancer la tonte<br \/>\nProgrammer les jours et heures de tonte<br \/>\nR\u00e9gler les diff\u00e9rents param\u00e8trages (hauteur de coupe, cycles, &#8230;)<br \/>\nFaire revenir la tondeuse en base de chargement<br \/>\nAcc\u00e8s direct \u00e0 la notice, guide utilisateur, vid\u00e9os, outils de d\u00e9marrage rapide<br \/>\nB\u00e9n\u00e9ficier d&rsquo;une assistance produit en direct : ouvrir et suivre des demandes d&rsquo;assistance<br \/>\nAcc\u00e9der \u00e0 de nombreuses informations sur les produits et accessoires : caract\u00e9ristiques, images, vid\u00e9os&#8230;<br \/>\nDiriger la tondeuse d&rsquo;une zone de tonte \u00e0 l&rsquo;autre<\/p>\n<p>L\u2019application Robomow est compatible avec les syst\u00e8mes suivants :<br \/>\n\u00a0 \u00a0 IOS et Android\u00a0<\/p>\n<p>La Robomow RX50 est livr\u00e9e gratuitement avec :<\/p>\n<p>la station de charge et ses 2 piquets et son alimentation<br \/>\n150 piquets<br \/>\n80 m de c\u00e2ble p\u00e9riph\u00e9rique<br \/>\n2 connecteurs de c\u00e2ble<br \/>\n1 manuel en fran\u00e7ais<br \/>\n1 Robor\u00e8gle<br \/>\n1 RoboTool<\/p>\n\n    <div class=\"xs_social_share_widget xs_share_url after_content \t\tmain_content  wslu-style-1 wslu-share-box-shaped wslu-fill-colored wslu-none wslu-share-horizontal wslu-theme-font-no wslu-main_content\">\n\n\t\t\n        <ul>\n\t\t\t        <\/ul>\n    <\/div>","protected":false},"excerpt":{"rendered":"<p>Le Robomow RX50 est le Nouveau robot 2019 pour un\u00a0 jardin recommand\u00e9 de 400m2 (500m2 Maximum). Programmable et autonome, il est \u00e9galement dot\u00e9 d&rsquo;une application mobile vous permettant de le piloter et le param\u00e9trer \u00e0 distance.(Bluetooth ) Robuste et compacte, il a \u00e9t\u00e9 con\u00e7u pour toutes les pelouses. Tonte des bordures, gestion des pentes, Mulching, programmation des jours de tonte.<\/p>\n<p>Garantie 2 ans<br \/>\nLivraison gratuite<\/p>","protected":false},"featured_media":3594,"comment_status":"open","ping_status":"closed","template":"","meta":{"postBodyCss":"","postBodyMargin":[],"postBodyPadding":[],"postBodyBackground":{"backgroundType":"classic","gradient":""}},"product_brand":[],"product_cat":[227],"product_tag":[],"class_list":{"0":"post-3419","1":"product","2":"type-product","3":"status-publish","4":"has-post-thumbnail","6":"product_cat-tondeuses-robots","8":"first","9":"instock","10":"shipping-taxable","11":"purchasable","12":"product-type-simple"},"_links":{"self":[{"href":"https:\/\/samaterielagricole.com\/en\/wp-json\/wp\/v2\/product\/3419","targetHints":{"allow":["GET"]}}],"collection":[{"href":"https:\/\/samaterielagricole.com\/en\/wp-json\/wp\/v2\/product"}],"about":[{"href":"https:\/\/samaterielagricole.com\/en\/wp-json\/wp\/v2\/types\/product"}],"replies":[{"embeddable":true,"href":"https:\/\/samaterielagricole.com\/en\/wp-json\/wp\/v2\/comments?post=3419"}],"version-history":[{"count":1,"href":"https:\/\/samaterielagricole.com\/en\/wp-json\/wp\/v2\/product\/3419\/revisions"}],"predecessor-version":[{"id":3595,"href":"https:\/\/samaterielagricole.com\/en\/wp-json\/wp\/v2\/product\/3419\/revisions\/3595"}],"wp:featuredmedia":[{"embeddable":true,"href":"https:\/\/samaterielagricole.com\/en\/wp-json\/wp\/v2\/media\/3594"}],"wp:attachment":[{"href":"https:\/\/samaterielagricole.com\/en\/wp-json\/wp\/v2\/media?parent=3419"}],"wp:term":[{"taxonomy":"product_brand","embeddable":true,"href":"https:\/\/samaterielagricole.com\/en\/wp-json\/wp\/v2\/product_brand?post=3419"},{"taxonomy":"product_cat","embeddable":true,"href":"https:\/\/samaterielagricole.com\/en\/wp-json\/wp\/v2\/product_cat?post=3419"},{"taxonomy":"product_tag","embeddable":true,"href":"https:\/\/samaterielagricole.com\/en\/wp-json\/wp\/v2\/product_tag?post=3419"}],"curies":[{"name":"wp","href":"https:\/\/api.w.org\/{rel}","templated":true}]}}