{"id":3418,"date":"2025-09-19T14:05:59","date_gmt":"2025-09-19T12:05:59","guid":{"rendered":"https:\/\/antiquewhite-alligator-594470.hostingersite.com\/?post_type=product&#038;p=3418"},"modified":"2025-09-19T14:07:47","modified_gmt":"2025-09-19T12:07:47","slug":"robot-tondeuse-john-deere-tango-e5-serie-ii","status":"publish","type":"product","link":"https:\/\/samaterielagricole.com\/en\/product\/robot-tondeuse-john-deere-tango-e5-serie-ii\/","title":{"rendered":"Robot tondeuse John Deere Tango E5 serie II"},"content":{"rendered":"<p>Ce robot de tonte robuste et performant est la solution id\u00e9ale, des propri\u00e9taires de jardin jusqu&rsquo;\u00e0 1800m2 souhaitant gagner du temps, dans l&rsquo;entretien de leur pelouse en le confiant \u00e0 un assistant totalement autonome : le John Deere Tango E5<br \/>\n&nbsp;<br \/>\nFonctionnalit\u00e9s du robot Tango E5 de John Deere<\/p>\n<p>Fonctionnement<br \/>\nLa surface \u00e0 tondre doit \u00eatre d\u00e9limit\u00e9e gr\u00e2ce au c\u00e2ble p\u00e9riph\u00e9rique fourni. Le robot se d\u00e9place de mani\u00e8re al\u00e9atoire \u00e0 l&rsquo;int\u00e9rieur de cette zone. D\u00e8s que le robot d\u00e9tecte un obstacle ou le c\u00e2ble, il change de direction. Vous pouvez \u00e9galement choisir de prot\u00e9ger une parcelle (arbre, petit bosquet de fleurs, etc&#8230;) en l&rsquo;excluant gr\u00e2ce au c\u00e2ble de p\u00e9rim\u00e8tre. Le robot tond ainsi de mani\u00e8re autonome votre gazon.<br \/>\nD\u00e8s qu&rsquo;il a fini sa coupe du gazon ou lorsque le robot d\u00e9tecte que sa batterie est faible, il retourne automatiquement recharger ses batteries en station de charge. Les plages horaires de travail sont programmables depuis l&rsquo;\u00e9cran de contr\u00f4le du robot.<br \/>\n&nbsp;<\/p>\n<p>Panneau de contr\u00f4le<br \/>\nL&rsquo;ensemble des param\u00e8tres du John Deere Tango e5 sont g\u00e9rables depuis l&rsquo;interface utilisateur (un \u00e9cran ergonomique, intuitif et \u00a0facile de lecture gr\u00e2ce \u00e0 ses 6 lignes). Ainsi, vous pouvez d\u00e9finir les jours et heures de tonte, lancer un cycle de tonte.<br \/>\nDes commandes de fonctionnement instantan\u00e9e permettent notamment de lancer un cycle de tonte, demander un retour base de chargement ou de stopper le robot.<br \/>\n&nbsp;<\/p>\n<p>S\u00e9curit\u00e9 maximale<br \/>\nJohn Deere garantit une s\u00e9curit\u00e9 maximale aux utilisateurs du Tango e5 et leur entourage avec des capteurs de soul\u00e8vement, capteurs de guidage et capteurs d&rsquo;inclinaison (arr\u00eat instantan\u00e9 des lames si le robot est soulev\u00e9 ou d\u00e9plac\u00e9).<br \/>\nLe bouton STOP, facilement rep\u00e9rable en rouge sur la partie haute du capot permet un arr\u00eat instantan\u00e9 du robot. De plus un capteur est \u00e9galement pr\u00e9sent sur la poign\u00e9e pour assurer l&rsquo;arr\u00eat du robot en cas de d\u00e9placement.<br \/>\nEnfin, le robot est prot\u00e9g\u00e9 par un code d&rsquo;activation.<br \/>\n&nbsp;<\/p>\n<p>Conception robuste<br \/>\nLes lames robustes en acier haute r\u00e9sistance permettent \u00e0 la tondeuse de naviguer sur des terrains pouvant comporter pommes de pin ou petites branches.<br \/>\nDe plus, sa coque \u00e0 double paroi est con\u00e7ue pour r\u00e9sister de mani\u00e8re durable et pour prot\u00e9ger l&rsquo;int\u00e9rieur du robot des poussi\u00e8res, salet\u00e9 ou de l&rsquo;eau.<br \/>\n&nbsp;<br \/>\nCaract\u00e9ristiques techniques :<\/p>\n<p>Pente max : 35%<br \/>\nTemps de charge : 80 min<br \/>\nAutonomie : 90 min<br \/>\nNiveau sonore : 69 db<br \/>\nHauteur de coupe r\u00e9glable de 19 \u00e0 102 mm<br \/>\nBatterie : Li-ion<br \/>\nMoteur de lame sans balais 60W &#8212; 2600 tours \/ minute<br \/>\nPoids : 15 kg<br \/>\nLongueur : 77,5 cm \/ Largeur : 53,5 cm \/ Hauteur : 36 cm<br \/>\nGarantie 2 ans<\/p>\n<p>\u00a0Il est livr\u00e9 avec 150 m de c\u00e2bles et 150 piquets<\/p>\n\n    <div class=\"xs_social_share_widget xs_share_url after_content \t\tmain_content  wslu-style-1 wslu-share-box-shaped wslu-fill-colored wslu-none wslu-share-horizontal wslu-theme-font-no wslu-main_content\">\n\n\t\t\n        <ul>\n\t\t\t        <\/ul>\n    <\/div>","protected":false},"excerpt":{"rendered":"<p>Le Tango E5 serie II tond de mani\u00e8re autonome des surfaces allant jusqu&rsquo;\u00e0 1 800 m2, vous garantissant une pelouse nette et homog\u00e8ne tout au long de l&rsquo;ann\u00e9e. Ses lames robustes en acier haute r\u00e9sistance sont id\u00e9ales pour faire face \u00e0 des terrains susceptibles de comporter des petites branches ou pommes de pin. Totalement autonome et programmable, elle se recharge automatiquement.<\/p>\n<p>Garantie 2 ans<br \/>\nLivraison gratuite<\/p>","protected":false},"featured_media":3589,"comment_status":"open","ping_status":"closed","template":"","meta":{"postBodyCss":"","postBodyMargin":[],"postBodyPadding":[],"postBodyBackground":{"backgroundType":"classic","gradient":""}},"product_brand":[],"product_cat":[227],"product_tag":[],"class_list":{"0":"post-3418","1":"product","2":"type-product","3":"status-publish","4":"has-post-thumbnail","6":"product_cat-tondeuses-robots","8":"first","9":"instock","10":"shipping-taxable","11":"purchasable","12":"product-type-simple"},"_links":{"self":[{"href":"https:\/\/samaterielagricole.com\/en\/wp-json\/wp\/v2\/product\/3418","targetHints":{"allow":["GET"]}}],"collection":[{"href":"https:\/\/samaterielagricole.com\/en\/wp-json\/wp\/v2\/product"}],"about":[{"href":"https:\/\/samaterielagricole.com\/en\/wp-json\/wp\/v2\/types\/product"}],"replies":[{"embeddable":true,"href":"https:\/\/samaterielagricole.com\/en\/wp-json\/wp\/v2\/comments?post=3418"}],"version-history":[{"count":1,"href":"https:\/\/samaterielagricole.com\/en\/wp-json\/wp\/v2\/product\/3418\/revisions"}],"predecessor-version":[{"id":3590,"href":"https:\/\/samaterielagricole.com\/en\/wp-json\/wp\/v2\/product\/3418\/revisions\/3590"}],"wp:featuredmedia":[{"embeddable":true,"href":"https:\/\/samaterielagricole.com\/en\/wp-json\/wp\/v2\/media\/3589"}],"wp:attachment":[{"href":"https:\/\/samaterielagricole.com\/en\/wp-json\/wp\/v2\/media?parent=3418"}],"wp:term":[{"taxonomy":"product_brand","embeddable":true,"href":"https:\/\/samaterielagricole.com\/en\/wp-json\/wp\/v2\/product_brand?post=3418"},{"taxonomy":"product_cat","embeddable":true,"href":"https:\/\/samaterielagricole.com\/en\/wp-json\/wp\/v2\/product_cat?post=3418"},{"taxonomy":"product_tag","embeddable":true,"href":"https:\/\/samaterielagricole.com\/en\/wp-json\/wp\/v2\/product_tag?post=3418"}],"curies":[{"name":"wp","href":"https:\/\/api.w.org\/{rel}","templated":true}]}}