{"id":3417,"date":"2025-09-19T14:05:59","date_gmt":"2025-09-19T12:05:59","guid":{"rendered":"https:\/\/antiquewhite-alligator-594470.hostingersite.com\/?post_type=product&#038;p=3417"},"modified":"2025-09-19T14:07:44","modified_gmt":"2025-09-19T12:07:44","slug":"robot-tondeuse-ambrogio-l60-deluxe-sans-fil","status":"publish","type":"product","link":"https:\/\/samaterielagricole.com\/en\/product\/robot-tondeuse-ambrogio-l60-deluxe-sans-fil\/","title":{"rendered":"Robot tondeuse Ambrogio L60 Deluxe \u00ab\u00a0Sans Fil\u00a0\u00bb"},"content":{"rendered":"<p>La gamme L60 d&rsquo;Ambrogio (Basic\u00a0et Deluxe) ne n\u00e9cessite\u00a0aucune installation. En effet, gr\u00e2ce \u00e0 ses capteurs d&rsquo;herbe brevet\u00e9s, pas besoin de c\u00e2ble p\u00e9rim\u00e9trique,\u00a0Ambrogio L60 DELUXE est imm\u00e9diatement pr\u00eate \u00e0 tondre. Le robot tondeuse rep\u00e8re le sol et d\u00e9tecte l&rsquo;herbe gr\u00e2ce ces capteurs, auxquels s&rsquo;ajoutent les capteurs de vide, 1 capteur de renversement, 1 capteur d&rsquo;impact et 2 capteurs pour les poign\u00e9es.<\/p>\n<p>&nbsp;<br \/>\n&nbsp;<br \/>\nL60 DELUXE \u00a0: la reine des petits terrains<\/p>\n<p>Couvre des terrains jusqu&rsquo;\u00e0\u00a0200 m2<br \/>\nSupporte des pentes jusqu&rsquo;\u00e0\u00a050% d&rsquo;inclinaison\u00a0(27\u00b0)<br \/>\nCharge rapide\u00a0de ses batteries lithium 25V : 3h<br \/>\nLes capteurs de vide\u00a0plac\u00e9s devant chaque roue d\u00e9tectent les contrebas et l&rsquo;absence d&rsquo;herbe<br \/>\nSyst\u00e8me Mulching\u00a0: pas besoin de ramasser l&rsquo;herbe apr\u00e8s la tonte, Ambrogio L60 broie l&rsquo;herbe en tr\u00e8s fines particules qui vont servir d&rsquo;engrais naturel \u00e0 votre pelouse, pour une herbe toujours plus verte !<br \/>\nConnection Bluetooth\u00a0pour piloter votre robot<br \/>\nHauteur de coupe r\u00e9glable entre 34 et 40 mm<br \/>\nLargeur de coupe de la lame : 24cm<br \/>\nPoids : 8,3 kg<br \/>\nExtr\u00eamement silencieux : &#8211; de 65 db<br \/>\nRespectueuse de l&rsquo;environnement : aucune \u00e9mission de Co2<\/p>\n<p>Ambrogio L60 Deluxe est garanti 2 ans (6 mois pour la batterie) et est livr\u00e9 avec une notice en fran\u00e7ais et un c\u00e2ble d&rsquo;alimentation.<\/p>\n\n    <div class=\"xs_social_share_widget xs_share_url after_content \t\tmain_content  wslu-style-1 wslu-share-box-shaped wslu-fill-colored wslu-none wslu-share-horizontal wslu-theme-font-no wslu-main_content\">\n\n\t\t\n        <ul>\n\t\t\t        <\/ul>\n    <\/div>","protected":false},"excerpt":{"rendered":"<p>Gr\u00e2ce \u00e0 ses capteurs d&rsquo;herbe brevet\u00e9s, la tondeuse Ambrogio L60 de Luxe ne n\u00e9cessite aucune installation puisqu&rsquo;il n&rsquo;utilise pas de fil p\u00e9rim\u00e9trique : 2 clics et c&rsquo;est parti pour la tonte. Jusqu&rsquo;\u00e0 200 m2 de pelouse. Connexion Bluetooth et Capteur de vide.<\/p>\n<p>Garantie 2 ans<br \/>\nLivraison gratuite<\/p>","protected":false},"featured_media":3583,"comment_status":"open","ping_status":"closed","template":"","meta":{"postBodyCss":"","postBodyMargin":[],"postBodyPadding":[],"postBodyBackground":{"backgroundType":"classic","gradient":""}},"product_brand":[],"product_cat":[227],"product_tag":[],"class_list":{"0":"post-3417","1":"product","2":"type-product","3":"status-publish","4":"has-post-thumbnail","6":"product_cat-tondeuses-robots","8":"first","9":"instock","10":"shipping-taxable","11":"purchasable","12":"product-type-simple"},"_links":{"self":[{"href":"https:\/\/samaterielagricole.com\/en\/wp-json\/wp\/v2\/product\/3417","targetHints":{"allow":["GET"]}}],"collection":[{"href":"https:\/\/samaterielagricole.com\/en\/wp-json\/wp\/v2\/product"}],"about":[{"href":"https:\/\/samaterielagricole.com\/en\/wp-json\/wp\/v2\/types\/product"}],"replies":[{"embeddable":true,"href":"https:\/\/samaterielagricole.com\/en\/wp-json\/wp\/v2\/comments?post=3417"}],"version-history":[{"count":1,"href":"https:\/\/samaterielagricole.com\/en\/wp-json\/wp\/v2\/product\/3417\/revisions"}],"predecessor-version":[{"id":3584,"href":"https:\/\/samaterielagricole.com\/en\/wp-json\/wp\/v2\/product\/3417\/revisions\/3584"}],"wp:featuredmedia":[{"embeddable":true,"href":"https:\/\/samaterielagricole.com\/en\/wp-json\/wp\/v2\/media\/3583"}],"wp:attachment":[{"href":"https:\/\/samaterielagricole.com\/en\/wp-json\/wp\/v2\/media?parent=3417"}],"wp:term":[{"taxonomy":"product_brand","embeddable":true,"href":"https:\/\/samaterielagricole.com\/en\/wp-json\/wp\/v2\/product_brand?post=3417"},{"taxonomy":"product_cat","embeddable":true,"href":"https:\/\/samaterielagricole.com\/en\/wp-json\/wp\/v2\/product_cat?post=3417"},{"taxonomy":"product_tag","embeddable":true,"href":"https:\/\/samaterielagricole.com\/en\/wp-json\/wp\/v2\/product_tag?post=3417"}],"curies":[{"name":"wp","href":"https:\/\/api.w.org\/{rel}","templated":true}]}}