{"id":3415,"date":"2025-09-19T14:05:59","date_gmt":"2025-09-19T12:05:59","guid":{"rendered":"https:\/\/antiquewhite-alligator-594470.hostingersite.com\/?post_type=product&#038;p=3415"},"modified":"2025-09-19T14:07:39","modified_gmt":"2025-09-19T12:07:39","slug":"robot-tondeuse-ambrogio-l30-basic","status":"publish","type":"product","link":"https:\/\/samaterielagricole.com\/en\/product\/robot-tondeuse-ambrogio-l30-basic\/","title":{"rendered":"Robot tondeuse Ambrogio L30 basic"},"content":{"rendered":"<p>L&rsquo;Ambrogio L30 basic est la plus compacte de la gamme. Agile et performante, elle retourne automatiquement en station de recharge faire le plein de ses batteries.<br \/>\nL&rsquo;installation de la L30 basic est simple et rapide : il faut d\u00e9limiter les contours de votre jardin gr\u00e2ce au c\u00e2ble fixer celui-ci avec les piquets (c\u00e2ble et piquet en accessoire )\u00a0 Ensuite, la tondeuse est pr\u00eate \u00e0 tondre.<\/p>\n<p>Caract\u00e9ristiques techniques de l&rsquo;Ambrogio L30 Basic<\/p>\n<p>Surface max : 500 m2<br \/>\nBatterie : 2,5 Ah<br \/>\nDisplay de programmation<br \/>\nAutonomie : 50 minutes<br \/>\nRecharge automatique<br \/>\nStation de recharge<br \/>\nHauteur de coupe : 25 &#8211; 60 mm<br \/>\nPente max : 45%<br \/>\nLargeur de coupe : 25 mm<br \/>\nNiveau sonore : 72 db<br \/>\nPoids : 9,5 kg<\/p>\n<p>&nbsp;<br \/>\nLa L30 Basic\u00a0 est livr\u00e9e avec :<\/p>\n<p>1 station de charge<\/p>\n<p>20 piquets<\/p>\n\n    <div class=\"xs_social_share_widget xs_share_url after_content \t\tmain_content  wslu-style-1 wslu-share-box-shaped wslu-fill-colored wslu-none wslu-share-horizontal wslu-theme-font-no wslu-main_content\">\n\n\t\t\n        <ul>\n\t\t\t        <\/ul>\n    <\/div>","protected":false},"excerpt":{"rendered":"<p>L&rsquo;Ambrogio L30 Basic est destin\u00e9 aux petites surfaces puisqu&rsquo;elle peut tondre jusqu&rsquo;\u00e0 500 m2 de terrain sur des pentes allant jusqu&rsquo;\u00e0 45%.<br \/>\nEnti\u00e8rement autonome et automatique, elle peut g\u00e9rer 2 zones de tontes distinctes.\u00a0 Le mod\u00e8le 2019 inclu la Fonction Bluetooth.<\/p>\n<p>Garantie 2 ans<br \/>\nLivraison gratuite<\/p>","protected":false},"featured_media":3576,"comment_status":"open","ping_status":"closed","template":"","meta":{"postBodyCss":"","postBodyMargin":[],"postBodyPadding":[],"postBodyBackground":{"backgroundType":"classic","gradient":""}},"product_brand":[],"product_cat":[227],"product_tag":[],"class_list":{"0":"post-3415","1":"product","2":"type-product","3":"status-publish","4":"has-post-thumbnail","6":"product_cat-tondeuses-robots","8":"first","9":"instock","10":"sale","11":"shipping-taxable","12":"purchasable","13":"product-type-simple"},"_links":{"self":[{"href":"https:\/\/samaterielagricole.com\/en\/wp-json\/wp\/v2\/product\/3415","targetHints":{"allow":["GET"]}}],"collection":[{"href":"https:\/\/samaterielagricole.com\/en\/wp-json\/wp\/v2\/product"}],"about":[{"href":"https:\/\/samaterielagricole.com\/en\/wp-json\/wp\/v2\/types\/product"}],"replies":[{"embeddable":true,"href":"https:\/\/samaterielagricole.com\/en\/wp-json\/wp\/v2\/comments?post=3415"}],"version-history":[{"count":1,"href":"https:\/\/samaterielagricole.com\/en\/wp-json\/wp\/v2\/product\/3415\/revisions"}],"predecessor-version":[{"id":3577,"href":"https:\/\/samaterielagricole.com\/en\/wp-json\/wp\/v2\/product\/3415\/revisions\/3577"}],"wp:featuredmedia":[{"embeddable":true,"href":"https:\/\/samaterielagricole.com\/en\/wp-json\/wp\/v2\/media\/3576"}],"wp:attachment":[{"href":"https:\/\/samaterielagricole.com\/en\/wp-json\/wp\/v2\/media?parent=3415"}],"wp:term":[{"taxonomy":"product_brand","embeddable":true,"href":"https:\/\/samaterielagricole.com\/en\/wp-json\/wp\/v2\/product_brand?post=3415"},{"taxonomy":"product_cat","embeddable":true,"href":"https:\/\/samaterielagricole.com\/en\/wp-json\/wp\/v2\/product_cat?post=3415"},{"taxonomy":"product_tag","embeddable":true,"href":"https:\/\/samaterielagricole.com\/en\/wp-json\/wp\/v2\/product_tag?post=3415"}],"curies":[{"name":"wp","href":"https:\/\/api.w.org\/{rel}","templated":true}]}}