{"id":3414,"date":"2025-09-19T14:05:59","date_gmt":"2025-09-19T12:05:59","guid":{"rendered":"https:\/\/antiquewhite-alligator-594470.hostingersite.com\/?post_type=product&#038;p=3414"},"modified":"2025-09-19T14:07:38","modified_gmt":"2025-09-19T12:07:38","slug":"robot-tondeuse-smart-sileno-city-500","status":"publish","type":"product","link":"https:\/\/samaterielagricole.com\/en\/product\/robot-tondeuse-smart-sileno-city-500\/","title":{"rendered":"Robot tondeuse Smart Sileno City 500"},"content":{"rendered":"<p>Le robot tondeur Gardena Smart Sileno City 500 est\u00a0une tondeuse autonome, \u00e9l\u00e9gante, silencieuse et redoutable d&rsquo;efficacit\u00e9. La fiabilit\u00e9 des mod\u00e8les Gardena, elle, n&rsquo;est plus \u00e0 prouver. Pouvant couvrir des terrains jusqu&rsquo;a 500\u00a0m2\u00a0\u00a0en fonction de sa configuration, l&rsquo;inclinaison de votre terrain ne lui fait pas peur puisqu&rsquo;elle\u00a0franchira ais\u00e9ment des pentes jusqu&rsquo;\u00e0 25%. Enfin, vous avez tout loisir de\u00a0r\u00e9gler la hauteur de coupe entre 2 et 5 cm. Con\u00e7ue pour r\u00e9sister \u00e0 la pluie, les conditions climatiques ne seront pas non plus un soucis pour le Smart Sileno City 500.<br \/>\nIl a \u00e9t\u00e9 con\u00e7u pour tondre votre gazon sans l&rsquo;abimer<br \/>\nSon\u00a0design discret et intemporel\u00a0s&rsquo;int\u00e9grera \u00e0 merveille dans votre jardin.<br \/>\nGr\u00e2ce \u00e0 son syst\u00e8me de tonte al\u00e9atoire Sensor Cut, votre robot assurera une tonte compl\u00e8te et uniforme.<br \/>\nSon syst\u00e8me de coupe tr\u00e8s fine permet au robot de ne pas avoir de sac et donc de deposer l&rsquo;herbe coup\u00e9e sur votre gazon pour cr\u00e9er un engrai naturel qui embellira votre gazon.<\/p>\n<p>Grace \u00e0 l&rsquo;application smart App GARDENA (gratuite sur iOS, Android et Web), vous restez en contact avec votre jardin \u00e0 tout moment et ce, m\u00eame si vous vous trouvez \u00e0 l&rsquo;autre bout du monde. En quelques clics vous pouvez param\u00e9trer, piloter et ajuster les fonctionnalit\u00e9s de votre smart sileno city pour la tonte de votre pelouse.<br \/>\nVotre Jardin devient connect\u00e9 grace au boitier Smart Sysr\u00e8me GARDENA<\/p>\n<p>Les fonctionnalit\u00e9s principales de la tondeuse\u00a0Smart Sileno City 500<\/p>\n<p>Retour automatique en base de chargement\u00a0: gr\u00e2ce au cable guide qui sera plac\u00e9 au milieu de votre jardin pour que, lorsque la batterie de votre tondeuse devient faible, elle puisse revenir \u00e0 sa base de recharge directement.<br \/>\nMise en place facile\u00a0: Il vous suffit de d\u00e9limiter la \/ les zones de tonte \u00e0 l&rsquo;aide du c\u00e2ble p\u00e9riph\u00e9rique et des cavaliers livr\u00e9s avec la tondeuse.<br \/>\nEcran de contr\u00f4le\u00a0LCD avec clavier\u00a0: Permet de g\u00e9rer les diff\u00e9rents param\u00e8tres et de programmer les jours et horaires auxquels vous souhaitez que votre tondeuse Smart sileno city tonde.<br \/>\nSyst\u00e8me de coupe unique\u00a0: Coupe nettement et finement votre gazon. La coupe est r\u00e9glable en hauteur de 2 \u00e0 5 cm gr\u00e2ce \u00e0 une molette. Elle est assur\u00e9e par 3 lames pivotantes et aff\u00fbt\u00e9es comme des lames de rasoir. Sa tonte al\u00e9atoire garantit\u00a0l&rsquo;uniformit\u00e9 de votre gazon<br \/>\nCode PIN\u00a0: Le verrouillage par code Pin garantit une protection totale<br \/>\nSilencieux\u00a0: Son syst\u00e8me unique de coupe assure une tonte silencieuse, au maximum jusqu&rsquo;\u00e0 58 db pour une garantie de tranquillit\u00e9 et de respect du voisinage<br \/>\nAucune \u00e9mission polluante\u00a0:\u00a0Smart Sileno City 500 ne produit donc aucune \u00e9mission nocive, elle est 100% \u00e9lectrique<br \/>\nAlarme anti-vol\u00a0: Pour une protection maximale de votre tondeuse<br \/>\nTemporisateur\u00a0:\u00a0Vous d\u00e9cidez des jours et horaires de tonte<br \/>\nCapteurs d&rsquo;inclinaison\u00a0:\u00a0Smart Sileno City 500 s&rsquo;arr\u00eatera automatiquement si elle est retourn\u00e9e ou soulev\u00e9e.<br \/>\nLa smart sil\u00e9no city 500 est le seul mod\u00e8le de Robot Tondeur qui accepte le lavage au jet d&rsquo;eau.<\/p>\n<p>Caract\u00e9ristiques principales<\/p>\n<p>Surface recommand\u00e9e : jusqu&rsquo;\u00e0\u00a0500m2<br \/>\nTemps de charge : 60 min<br \/>\nAutonomie : 65 min<br \/>\nHauteur de coupe : de 2 et 5 cm<br \/>\nNiveau sonore : 58 dB<br \/>\nPoids : 7 kg<br \/>\nCouleur : gris et noir<\/p>\n<p>La\u00a0tondeuse\u00a0smart sil\u00e9no city 500 est garantie 3 ans*\u00a0et livr\u00e9e avec :<\/p>\n<p>1 base de chargement<br \/>\n150 m de cable p\u00e9riph\u00e9rique<br \/>\n200 cavaliers<br \/>\n1 raccords de cable<br \/>\n3 connecteurs<\/p>\n<p>&nbsp;<\/p>\n\n    <div class=\"xs_social_share_widget xs_share_url after_content \t\tmain_content  wslu-style-1 wslu-share-box-shaped wslu-fill-colored wslu-none wslu-share-horizontal wslu-theme-font-no wslu-main_content\">\n\n\t\t\n        <ul>\n\t\t\t        <\/ul>\n    <\/div>","protected":false},"excerpt":{"rendered":"<p>Le robot tondeuse Smart Sileno City 500 est le tout nouveau robot conn\u00e9ct\u00e9 de chez GARDENA. Le Smart Sileno City 500 est un robot autonome, pouvant tondre jusqu&rsquo;\u00e0 une surface de 500 m2. Il a une autonomie de 65 min de tonte, gr\u00e2ce \u00e0 ses 2 roues arri\u00e8res motrices, il peut tondre sur un terrain pentu \u00e0 25%.\u00a0Garantie 3 ans<br \/>\nLivraison gratuite<\/p>","protected":false},"featured_media":3572,"comment_status":"open","ping_status":"closed","template":"","meta":{"postBodyCss":"","postBodyMargin":[],"postBodyPadding":[],"postBodyBackground":{"backgroundType":"classic","gradient":""}},"product_brand":[],"product_cat":[227],"product_tag":[],"class_list":{"0":"post-3414","1":"product","2":"type-product","3":"status-publish","4":"has-post-thumbnail","6":"product_cat-tondeuses-robots","8":"first","9":"instock","10":"sale","11":"shipping-taxable","12":"purchasable","13":"product-type-simple"},"_links":{"self":[{"href":"https:\/\/samaterielagricole.com\/en\/wp-json\/wp\/v2\/product\/3414","targetHints":{"allow":["GET"]}}],"collection":[{"href":"https:\/\/samaterielagricole.com\/en\/wp-json\/wp\/v2\/product"}],"about":[{"href":"https:\/\/samaterielagricole.com\/en\/wp-json\/wp\/v2\/types\/product"}],"replies":[{"embeddable":true,"href":"https:\/\/samaterielagricole.com\/en\/wp-json\/wp\/v2\/comments?post=3414"}],"version-history":[{"count":1,"href":"https:\/\/samaterielagricole.com\/en\/wp-json\/wp\/v2\/product\/3414\/revisions"}],"predecessor-version":[{"id":3573,"href":"https:\/\/samaterielagricole.com\/en\/wp-json\/wp\/v2\/product\/3414\/revisions\/3573"}],"wp:featuredmedia":[{"embeddable":true,"href":"https:\/\/samaterielagricole.com\/en\/wp-json\/wp\/v2\/media\/3572"}],"wp:attachment":[{"href":"https:\/\/samaterielagricole.com\/en\/wp-json\/wp\/v2\/media?parent=3414"}],"wp:term":[{"taxonomy":"product_brand","embeddable":true,"href":"https:\/\/samaterielagricole.com\/en\/wp-json\/wp\/v2\/product_brand?post=3414"},{"taxonomy":"product_cat","embeddable":true,"href":"https:\/\/samaterielagricole.com\/en\/wp-json\/wp\/v2\/product_cat?post=3414"},{"taxonomy":"product_tag","embeddable":true,"href":"https:\/\/samaterielagricole.com\/en\/wp-json\/wp\/v2\/product_tag?post=3414"}],"curies":[{"name":"wp","href":"https:\/\/api.w.org\/{rel}","templated":true}]}}