{"id":3412,"date":"2025-09-19T14:05:59","date_gmt":"2025-09-19T12:05:59","guid":{"rendered":"https:\/\/antiquewhite-alligator-594470.hostingersite.com\/?post_type=product&#038;p=3412"},"modified":"2025-09-19T14:07:31","modified_gmt":"2025-09-19T12:07:31","slug":"mini-pelle-kubota-k008","status":"publish","type":"product","link":"https:\/\/samaterielagricole.com\/en\/product\/mini-pelle-kubota-k008\/","title":{"rendered":"Mini pelle Kubota K008"},"content":{"rendered":"<p>La Kubota K008 est une mini excavatrice particuli\u00e8rement adapt\u00e9e aux chantiers n\u00e9cessitant une machine capable d&rsquo;acc\u00e9der \u00e0 des espaces confin\u00e9s. Ce mod\u00e8le d&rsquo;occasion est con\u00e7u pour offrir une grande maniabilit\u00e9 tout en maintenant une puissance efficace pour les travaux de terrassement et d\u2019am\u00e9nagement paysager. Avec sa compacit\u00e9, elle permet une utilisation optimale m\u00eame dans les zones les plus exig\u00fces. Ce mod\u00e8le est id\u00e9al pour les chantiers urbains ou les projets o\u00f9 la machine doit se faufiler dans des espaces r\u00e9duits. Bien que l&rsquo;historique de la machine ne soit pas fourni, la Kubota K008 est reconnue pour sa durabilit\u00e9 et ses performances fiables.<br \/>\nD\u00e9couvrez la mini-pelle Kubota S\u00e9rie K, con\u00e7ue pour offrir puissance, compacit\u00e9 et maniabilit\u00e9 sur tous vos chantiers.<br \/>\nDot\u00e9e d&rsquo;un moteur Kubota D722BH5 de 7,6 kW, cette mini-pelle garantit des performances optimales pour les travaux de terrassement et de manutention l\u00e9g\u00e8re.<br \/>\nGr\u00e2ce \u00e0 sa largeur de seulement 860 mm et son poids de 980 kg, elle acc\u00e8de facilement aux espaces confin\u00e9s tout en conservant une capacit\u00e9 de dragage de 1,72 m et une port\u00e9e maximale de 3,07 m.<\/p>\n\n    <div class=\"xs_social_share_widget xs_share_url after_content \t\tmain_content  wslu-style-1 wslu-share-box-shaped wslu-fill-colored wslu-none wslu-share-horizontal wslu-theme-font-no wslu-main_content\">\n\n\t\t\n        <ul>\n\t\t\t        <\/ul>\n    <\/div>","protected":false},"excerpt":{"rendered":"<p>Mini excavatrice Kubota K008, mod\u00e8le compact pour les espaces restreints, id\u00e9ale pour des travaux dans des zones \u00e9troites.<\/p>","protected":false},"featured_media":3547,"comment_status":"open","ping_status":"closed","template":"","meta":{"postBodyCss":"","postBodyMargin":[],"postBodyPadding":[],"postBodyBackground":{"backgroundType":"classic","gradient":""}},"product_brand":[],"product_cat":[225],"product_tag":[],"class_list":{"0":"post-3412","1":"product","2":"type-product","3":"status-publish","4":"has-post-thumbnail","6":"product_cat-mini-pelles","8":"first","9":"instock","10":"shipping-taxable","11":"purchasable","12":"product-type-simple"},"_links":{"self":[{"href":"https:\/\/samaterielagricole.com\/en\/wp-json\/wp\/v2\/product\/3412","targetHints":{"allow":["GET"]}}],"collection":[{"href":"https:\/\/samaterielagricole.com\/en\/wp-json\/wp\/v2\/product"}],"about":[{"href":"https:\/\/samaterielagricole.com\/en\/wp-json\/wp\/v2\/types\/product"}],"replies":[{"embeddable":true,"href":"https:\/\/samaterielagricole.com\/en\/wp-json\/wp\/v2\/comments?post=3412"}],"version-history":[{"count":1,"href":"https:\/\/samaterielagricole.com\/en\/wp-json\/wp\/v2\/product\/3412\/revisions"}],"predecessor-version":[{"id":3548,"href":"https:\/\/samaterielagricole.com\/en\/wp-json\/wp\/v2\/product\/3412\/revisions\/3548"}],"wp:featuredmedia":[{"embeddable":true,"href":"https:\/\/samaterielagricole.com\/en\/wp-json\/wp\/v2\/media\/3547"}],"wp:attachment":[{"href":"https:\/\/samaterielagricole.com\/en\/wp-json\/wp\/v2\/media?parent=3412"}],"wp:term":[{"taxonomy":"product_brand","embeddable":true,"href":"https:\/\/samaterielagricole.com\/en\/wp-json\/wp\/v2\/product_brand?post=3412"},{"taxonomy":"product_cat","embeddable":true,"href":"https:\/\/samaterielagricole.com\/en\/wp-json\/wp\/v2\/product_cat?post=3412"},{"taxonomy":"product_tag","embeddable":true,"href":"https:\/\/samaterielagricole.com\/en\/wp-json\/wp\/v2\/product_tag?post=3412"}],"curies":[{"name":"wp","href":"https:\/\/api.w.org\/{rel}","templated":true}]}}