{"id":3411,"date":"2025-09-19T14:05:59","date_gmt":"2025-09-19T12:05:59","guid":{"rendered":"https:\/\/antiquewhite-alligator-594470.hostingersite.com\/?post_type=product&#038;p=3411"},"modified":"2025-09-19T14:07:17","modified_gmt":"2025-09-19T12:07:17","slug":"mini-dumper-a-chenilles-slanetrac-ht1000-essence-2024","status":"publish","type":"product","link":"https:\/\/samaterielagricole.com\/en\/product\/mini-dumper-a-chenilles-slanetrac-ht1000-essence-2024\/","title":{"rendered":"Mini Dumper \u00e0 Chenilles Slanetrac HT1000 Essence 2024"},"content":{"rendered":"<p>Le Slanetrac HT1000 est un mini dumper \u00e0 chenilles, con\u00e7u pour des travaux dans des espaces \u00e9troits. Propuls\u00e9 par un moteur Honda GX390 de 13 chevaux (10,4 kW), ce mod\u00e8le offre une excellente man\u0153uvrabilit\u00e9 gr\u00e2ce \u00e0 sa capacit\u00e9 de rotation sur place. Il est id\u00e9al pour les paysagistes, les travaux d&rsquo;am\u00e9nagement de jardin, ainsi que pour les entreprises de location. Il peut transporter jusqu&rsquo;\u00e0 1 tonne de charge et est \u00e9quip\u00e9 d&rsquo;un r\u00e9servoir de carburant de 5,5 litres et d&rsquo;un r\u00e9servoir d&rsquo;huile hydraulique de 30 litres. Sa pression au sol est faible (0,25 kg\/cm\u00b2), ce qui le rend adapt\u00e9 aux sols sensibles. Il est fabriqu\u00e9 en Irlande et est en stock pour une livraison rapide.<\/p>\n\n    <div class=\"xs_social_share_widget xs_share_url after_content \t\tmain_content  wslu-style-1 wslu-share-box-shaped wslu-fill-colored wslu-none wslu-share-horizontal wslu-theme-font-no wslu-main_content\">\n\n\t\t\n        <ul>\n\t\t\t        <\/ul>\n    <\/div>","protected":false},"excerpt":{"rendered":"<p>Le Slanetrac HT1000 est un mini dumper compact \u00e0 moteur Honda GX390. Id\u00e9al pour les espaces r\u00e9duits, sa capacit\u00e9 de charge est d&rsquo;1 tonne.<\/p>","protected":false},"featured_media":3536,"comment_status":"open","ping_status":"closed","template":"","meta":{"postBodyCss":"","postBodyMargin":[],"postBodyPadding":[],"postBodyBackground":{"backgroundType":"classic","gradient":""}},"product_brand":[],"product_cat":[226],"product_tag":[],"class_list":{"0":"post-3411","1":"product","2":"type-product","3":"status-publish","4":"has-post-thumbnail","6":"product_cat-mini-dumpers","8":"first","9":"instock","10":"shipping-taxable","11":"purchasable","12":"product-type-simple"},"_links":{"self":[{"href":"https:\/\/samaterielagricole.com\/en\/wp-json\/wp\/v2\/product\/3411","targetHints":{"allow":["GET"]}}],"collection":[{"href":"https:\/\/samaterielagricole.com\/en\/wp-json\/wp\/v2\/product"}],"about":[{"href":"https:\/\/samaterielagricole.com\/en\/wp-json\/wp\/v2\/types\/product"}],"replies":[{"embeddable":true,"href":"https:\/\/samaterielagricole.com\/en\/wp-json\/wp\/v2\/comments?post=3411"}],"version-history":[{"count":1,"href":"https:\/\/samaterielagricole.com\/en\/wp-json\/wp\/v2\/product\/3411\/revisions"}],"predecessor-version":[{"id":3537,"href":"https:\/\/samaterielagricole.com\/en\/wp-json\/wp\/v2\/product\/3411\/revisions\/3537"}],"wp:featuredmedia":[{"embeddable":true,"href":"https:\/\/samaterielagricole.com\/en\/wp-json\/wp\/v2\/media\/3536"}],"wp:attachment":[{"href":"https:\/\/samaterielagricole.com\/en\/wp-json\/wp\/v2\/media?parent=3411"}],"wp:term":[{"taxonomy":"product_brand","embeddable":true,"href":"https:\/\/samaterielagricole.com\/en\/wp-json\/wp\/v2\/product_brand?post=3411"},{"taxonomy":"product_cat","embeddable":true,"href":"https:\/\/samaterielagricole.com\/en\/wp-json\/wp\/v2\/product_cat?post=3411"},{"taxonomy":"product_tag","embeddable":true,"href":"https:\/\/samaterielagricole.com\/en\/wp-json\/wp\/v2\/product_tag?post=3411"}],"curies":[{"name":"wp","href":"https:\/\/api.w.org\/{rel}","templated":true}]}}