{"id":3407,"date":"2025-09-19T14:05:58","date_gmt":"2025-09-19T12:05:58","guid":{"rendered":"https:\/\/antiquewhite-alligator-594470.hostingersite.com\/?post_type=product&#038;p=3407"},"modified":"2025-09-19T14:06:14","modified_gmt":"2025-09-19T12:06:14","slug":"mini-pelle-kubota-kx018-4-2023-compacte-puissante-et-confortable","status":"publish","type":"product","link":"https:\/\/samaterielagricole.com\/en\/product\/mini-pelle-kubota-kx018-4-2023-compacte-puissante-et-confortable\/","title":{"rendered":"Mini pelle Kubota KX018-4 2023 \u2013 Compacte, puissante et confortable"},"content":{"rendered":"<p>La mini pelle Kubota KX018-4, mill\u00e9sime 2023, est une machine compacte et robuste de 1,7 tonne, con\u00e7ue pour offrir performance et confort. Dot\u00e9e d\u2019un moteur Kubota D902 de 17 chevaux, elle garantit une force de cavage de 1630 kg et une efficacit\u00e9 optimale, m\u00eame dans les espaces restreints. La cabine spacieuse comprend un nouveau si\u00e8ge \u00e0 suspension et des commandes ergonomiques pour r\u00e9duire la fatigue de l\u2019op\u00e9rateur. Elle int\u00e8gre \u00e9galement un panneau de contr\u00f4le digital, un syst\u00e8me de changement de mode ISO\/SAE, un v\u00e9rin de fl\u00e8che en position sup\u00e9rieure pour plus de durabilit\u00e9, ainsi qu\u2019un syst\u00e8me de translation automatique. Les chenilles extensibles de 990 \u00e0 1300 mm assurent stabilit\u00e9 et adaptabilit\u00e9. Certifi\u00e9e ROPS et FOPS, elle est parfaitement adapt\u00e9e aux environnements de travail exigeants. Avec seulement 2 heures d&rsquo;utilisation, elle est comme neuve et pr\u00eate \u00e0 d\u00e9marrer imm\u00e9diatement.<\/p>\n\n    <div class=\"xs_social_share_widget xs_share_url after_content \t\tmain_content  wslu-style-1 wslu-share-box-shaped wslu-fill-colored wslu-none wslu-share-horizontal wslu-theme-font-no wslu-main_content\">\n\n\t\t\n        <ul>\n\t\t\t        <\/ul>\n    <\/div>","protected":false},"excerpt":{"rendered":"<p>Mini pelle Kubota KX018-4 neuve, 2 heures au compteur. 1,7 tonne, moteur Kubota 17HP, bras ajustable, cabine spacieuse, certifications ROPS\/FOPS.<\/p>","protected":false},"featured_media":3437,"comment_status":"open","ping_status":"closed","template":"","meta":{"postBodyCss":"","postBodyMargin":[],"postBodyPadding":[],"postBodyBackground":{"backgroundType":"classic","gradient":""}},"product_brand":[],"product_cat":[225],"product_tag":[],"class_list":{"0":"post-3407","1":"product","2":"type-product","3":"status-publish","4":"has-post-thumbnail","6":"product_cat-mini-pelles","8":"first","9":"instock","10":"shipping-taxable","11":"purchasable","12":"product-type-simple"},"_links":{"self":[{"href":"https:\/\/samaterielagricole.com\/en\/wp-json\/wp\/v2\/product\/3407","targetHints":{"allow":["GET"]}}],"collection":[{"href":"https:\/\/samaterielagricole.com\/en\/wp-json\/wp\/v2\/product"}],"about":[{"href":"https:\/\/samaterielagricole.com\/en\/wp-json\/wp\/v2\/types\/product"}],"replies":[{"embeddable":true,"href":"https:\/\/samaterielagricole.com\/en\/wp-json\/wp\/v2\/comments?post=3407"}],"version-history":[{"count":1,"href":"https:\/\/samaterielagricole.com\/en\/wp-json\/wp\/v2\/product\/3407\/revisions"}],"predecessor-version":[{"id":3438,"href":"https:\/\/samaterielagricole.com\/en\/wp-json\/wp\/v2\/product\/3407\/revisions\/3438"}],"wp:featuredmedia":[{"embeddable":true,"href":"https:\/\/samaterielagricole.com\/en\/wp-json\/wp\/v2\/media\/3437"}],"wp:attachment":[{"href":"https:\/\/samaterielagricole.com\/en\/wp-json\/wp\/v2\/media?parent=3407"}],"wp:term":[{"taxonomy":"product_brand","embeddable":true,"href":"https:\/\/samaterielagricole.com\/en\/wp-json\/wp\/v2\/product_brand?post=3407"},{"taxonomy":"product_cat","embeddable":true,"href":"https:\/\/samaterielagricole.com\/en\/wp-json\/wp\/v2\/product_cat?post=3407"},{"taxonomy":"product_tag","embeddable":true,"href":"https:\/\/samaterielagricole.com\/en\/wp-json\/wp\/v2\/product_tag?post=3407"}],"curies":[{"name":"wp","href":"https:\/\/api.w.org\/{rel}","templated":true}]}}