{"id":5171,"date":"2025-09-20T18:14:02","date_gmt":"2025-09-20T16:14:02","guid":{"rendered":"https:\/\/antiquewhite-alligator-594470.hostingersite.com\/?page_id=5171"},"modified":"2025-09-20T18:16:03","modified_gmt":"2025-09-20T16:16:03","slug":"charte-de-livraison","status":"publish","type":"page","link":"https:\/\/samaterielagricole.com\/en\/charte-de-livraison\/","title":{"rendered":"Charte de livraison"},"content":{"rendered":"<div data-elementor-type=\"wp-page\" data-elementor-id=\"5171\" class=\"elementor elementor-5171\" data-elementor-post-type=\"page\">\n\t\t\t\t\t\t<section class=\"elementor-section elementor-top-section elementor-element elementor-element-12510682 elementor-section-boxed elementor-section-height-default elementor-section-height-default\" data-id=\"12510682\" data-element_type=\"section\" data-e-type=\"section\">\n\t\t\t\t\t\t<div class=\"elementor-container elementor-column-gap-default\">\n\t\t\t\t\t<div class=\"elementor-column elementor-col-100 elementor-top-column elementor-element elementor-element-761760d9\" data-id=\"761760d9\" data-element_type=\"column\" data-e-type=\"column\">\n\t\t\t<div class=\"elementor-widget-wrap elementor-element-populated\">\n\t\t\t\t\t\t<div class=\"elementor-element elementor-element-37339b49 elementor-widget elementor-widget-text-editor\" data-id=\"37339b49\" data-element_type=\"widget\" data-e-type=\"widget\" data-widget_type=\"text-editor.default\">\n\t\t\t\t\t\t\t\t\t<div><p class=\"\" data-start=\"54\" data-end=\"372\">Les commandes sont, en r\u00e8gle g\u00e9n\u00e9rale, exp\u00e9di\u00e9es dans un d\u00e9lai de sept (07) jours ouvr\u00e9s suivant la r\u00e9ception effective du paiement. Celles-ci sont achemin\u00e9es par l\u2019interm\u00e9diaire d\u2019un transporteur professionnel. Pour les livraisons r\u00e9gionales, l\u2019acheminement peut \u00e9galement \u00eatre assur\u00e9 par notre propre flotte de v\u00e9hicules.<\/p><p class=\"\" data-start=\"374\" data-end=\"606\">Dans tous les cas, nous prenons contact avec vous, ou notre transporteur le fait, afin de convenir d\u2019un cr\u00e9neau de livraison, g\u00e9n\u00e9ralement d\u2019une demi-journ\u00e9e ou d\u2019une journ\u00e9e compl\u00e8te. Toutes nos exp\u00e9ditions s\u2019effectuent par camion.<\/p><p class=\"\" data-start=\"608\" data-end=\"818\">Les frais de livraison comprennent \u00e0 la fois les co\u00fbts de pr\u00e9paration, d\u2019emballage, ainsi que les frais de transport. Les livraisons sont r\u00e9alis\u00e9es tous les jours de la semaine, \u00e0 l\u2019exception des jours f\u00e9ri\u00e9s.<\/p><p class=\"\" data-start=\"820\" data-end=\"964\">Chaque produit est conditionn\u00e9 avec soin afin de garantir sa pr\u00e9servation et d\u2019assurer une livraison dans des conditions optimales de s\u00e9curit\u00e9.<\/p><p class=\"\" data-start=\"966\" data-end=\"1180\">Le chauffeur effectuera la d\u00e9pose des marchandises \u00e0 la limite de votre propri\u00e9t\u00e9, g\u00e9n\u00e9ralement sur le trottoir, sous r\u00e9serve d\u2019une accessibilit\u00e9 suffisante (surface plane, rev\u00eatement en macadam, bitume ou b\u00e9ton).<\/p><p class=\"\" data-start=\"1182\" data-end=\"1421\">Conform\u00e9ment aux termes contractuels, les livraisons s\u2019effectuent strictement au pied du camion.<\/p><p class=\"\" data-start=\"1182\" data-end=\"1421\"><br data-start=\"1278\" data-end=\"1281\" \/><strong data-start=\"1281\" data-end=\"1294\">Important<\/strong>\u00a0: Aucune d\u00e9pose ne pourra \u00eatre effectu\u00e9e en pr\u00e9sence de pente, gravier, pelouse, terre ou tout sol instable ou non praticable.<\/p><\/div><p><!-- \/wp:paragraph --><\/p>\t\t\t\t\t\t\t\t<\/div>\n\t\t\t\t\t<\/div>\n\t\t<\/div>\n\t\t\t\t\t<\/div>\n\t\t<\/section>\n\t\t\t\t<\/div>\n\t\t\n    <div class=\"xs_social_share_widget xs_share_url after_content \t\tmain_content  wslu-style-1 wslu-share-box-shaped wslu-fill-colored wslu-none wslu-share-horizontal wslu-theme-font-no wslu-main_content\">\n\n\t\t\n        <ul>\n\t\t\t        <\/ul>\n    <\/div>","protected":false},"excerpt":{"rendered":"<p>Les commandes sont, en r\u00e8gle g\u00e9n\u00e9rale, exp\u00e9di\u00e9es dans un d\u00e9lai de sept (07) jours ouvr\u00e9s suivant la r\u00e9ception effective du paiement. Celles-ci sont achemin\u00e9es par l\u2019interm\u00e9diaire d\u2019un transporteur professionnel. Pour les livraisons r\u00e9gionales, l\u2019acheminement peut \u00e9galement \u00eatre assur\u00e9 par notre propre flotte de v\u00e9hicules. Dans tous les cas, nous prenons contact avec vous, ou notre&#8230;<\/p>","protected":false},"author":1,"featured_media":0,"parent":0,"menu_order":0,"comment_status":"closed","ping_status":"closed","template":"","meta":{"postBodyCss":"","postBodyMargin":[],"postBodyPadding":[],"postBodyBackground":{"backgroundType":"classic","gradient":""},"footnotes":""},"class_list":["post-5171","page","type-page","status-publish","hentry"],"_hostinger_reach_plugin_has_subscription_block":false,"_hostinger_reach_plugin_is_elementor":false,"_links":{"self":[{"href":"https:\/\/samaterielagricole.com\/en\/wp-json\/wp\/v2\/pages\/5171","targetHints":{"allow":["GET"]}}],"collection":[{"href":"https:\/\/samaterielagricole.com\/en\/wp-json\/wp\/v2\/pages"}],"about":[{"href":"https:\/\/samaterielagricole.com\/en\/wp-json\/wp\/v2\/types\/page"}],"author":[{"embeddable":true,"href":"https:\/\/samaterielagricole.com\/en\/wp-json\/wp\/v2\/users\/1"}],"replies":[{"embeddable":true,"href":"https:\/\/samaterielagricole.com\/en\/wp-json\/wp\/v2\/comments?post=5171"}],"version-history":[{"count":4,"href":"https:\/\/samaterielagricole.com\/en\/wp-json\/wp\/v2\/pages\/5171\/revisions"}],"predecessor-version":[{"id":5175,"href":"https:\/\/samaterielagricole.com\/en\/wp-json\/wp\/v2\/pages\/5171\/revisions\/5175"}],"wp:attachment":[{"href":"https:\/\/samaterielagricole.com\/en\/wp-json\/wp\/v2\/media?parent=5171"}],"curies":[{"name":"wp","href":"https:\/\/api.w.org\/{rel}","templated":true}]}}