{"id":5166,"date":"2025-09-20T18:09:09","date_gmt":"2025-09-20T16:09:09","guid":{"rendered":"https:\/\/antiquewhite-alligator-594470.hostingersite.com\/?page_id=5166"},"modified":"2025-09-20T18:12:05","modified_gmt":"2025-09-20T16:12:05","slug":"charte-de-reglement-de-paiement","status":"publish","type":"page","link":"https:\/\/samaterielagricole.com\/en\/charte-de-reglement-de-paiement\/","title":{"rendered":"Charte de r\u00e8glement de paiement"},"content":{"rendered":"<div data-elementor-type=\"wp-page\" data-elementor-id=\"5166\" class=\"elementor elementor-5166\" data-elementor-post-type=\"page\">\n\t\t\t\t\t\t<section class=\"elementor-section elementor-top-section elementor-element elementor-element-1653fa94 elementor-section-boxed elementor-section-height-default elementor-section-height-default\" data-id=\"1653fa94\" data-element_type=\"section\" data-e-type=\"section\">\n\t\t\t\t\t\t<div class=\"elementor-container elementor-column-gap-default\">\n\t\t\t\t\t<div class=\"elementor-column elementor-col-100 elementor-top-column elementor-element elementor-element-49e5f40c\" data-id=\"49e5f40c\" data-element_type=\"column\" data-e-type=\"column\">\n\t\t\t<div class=\"elementor-widget-wrap elementor-element-populated\">\n\t\t\t\t\t\t<div class=\"elementor-element elementor-element-71b86f1e elementor-widget elementor-widget-text-editor\" data-id=\"71b86f1e\" data-element_type=\"widget\" data-e-type=\"widget\" data-widget_type=\"text-editor.default\">\n\t\t\t\t\t\t\t\t\t<p><\/p>\n<div id=\"wrapper\">\n<div id=\"main\">\n<div class=\"container\">\n<div class=\"vc_row wpb_row vc_row-fluid\">\n<div class=\"wpb_column vc_column_container vc_col-sm-12\">\n<div class=\"vc_column-inner\">\n<div class=\"wpb_wrapper\">\n<div class=\"wpb_text_column wpb_content_element\">\n<div class=\"wpb_wrapper\">\n<h3 class=\"wp-block-heading\" data-start=\"85\" data-end=\"118\">Modes de paiement disponibles<\/h3>\n<h3 data-start=\"120\" data-end=\"526\"><strong data-start=\"120\" data-end=\"180\">Paiement par carte bancaire (via protocole s\u00e9curis\u00e9 SSL)<\/strong><\/h3>\n<p class=\"\" data-start=\"120\" data-end=\"526\"><br data-start=\"180\" data-end=\"183\" \/>Le r\u00e8glement par carte bancaire est instantan\u00e9 et enti\u00e8rement s\u00e9curis\u00e9 gr\u00e2ce au protocole SSL. Veuillez toutefois noter que ce mode de paiement n\u2019est pas disponible pour les produits en promotion. En effet, ces derniers n\u00e9cessitent un r\u00e8glement rapide aupr\u00e8s de nos fournisseurs afin de garantir des d\u00e9lais de livraison optimaux \u00e0 nos clients.<\/p>\n<h3 data-start=\"528\" data-end=\"642\"><strong data-start=\"528\" data-end=\"562\">Paiement par virement bancaire<\/strong><\/h3>\n<p class=\"\" data-start=\"528\" data-end=\"642\"><br data-start=\"562\" data-end=\"565\" \/>Opter pour un paiement par virement bancaire vous offre une double garantie :<\/p>\n<ol data-start=\"644\" data-end=\"883\">\n<li class=\"\" data-start=\"644\" data-end=\"782\">\n<p class=\"\" data-start=\"647\" data-end=\"782\">Vous n\u2019avez pas \u00e0 utiliser votre carte bancaire \u2013 la transaction s\u2019effectue directement entre votre \u00e9tablissement bancaire et le n\u00f4tre.<\/p>\n<\/li>\n<li class=\"\" data-start=\"783\" data-end=\"883\">\n<p class=\"\" data-start=\"786\" data-end=\"883\">En cas de r\u00e9clamation, le remboursement est aussi simple et rapide qu\u2019avec un paiement par carte.<\/p>\n<\/li>\n<\/ol>\n<p class=\"\" data-start=\"885\" data-end=\"1005\">De plus, ce mode de paiement est tout aussi rapide. D\u00e8s r\u00e9ception du virement, votre commande est trait\u00e9e imm\u00e9diatement.<\/p>\n<h3 data-start=\"1007\" data-end=\"1277\"><strong data-start=\"1007\" data-end=\"1054\">Proc\u00e9dure de paiement par virement bancaire<\/strong><\/h3>\n<p class=\"\" data-start=\"1007\" data-end=\"1277\"><br data-start=\"1054\" data-end=\"1057\" \/>Lors de la validation de votre commande, s\u00e9lectionnez l\u2019option \u00ab\u202fVirement bancaire\u202f\u00bb comme mode de paiement. Une fois votre commande confirm\u00e9e, vous recevrez par e-mail les coordonn\u00e9es bancaires n\u00e9cessaires au r\u00e8glement.<\/p>\n<p class=\"\" data-start=\"1279\" data-end=\"1401\">Pour faciliter le traitement de votre commande, veuillez indiquer le num\u00e9ro de commande dans l\u2019intitul\u00e9 de votre virement.<\/p>\n<p class=\"\" data-start=\"1403\" data-end=\"1523\">Votre commande sera d\u00e9finitivement valid\u00e9e d\u00e8s r\u00e9ception du paiement. Un e-mail de confirmation vous sera alors adress\u00e9.<\/p>\n<h3 data-start=\"1525\" data-end=\"1738\"><strong data-start=\"1525\" data-end=\"1538\">Important<\/strong><\/h3>\n<p class=\"\" data-start=\"1525\" data-end=\"1738\"><br data-start=\"1538\" data-end=\"1541\" \/>Les articles command\u00e9s sont r\u00e9serv\u00e9s pendant une dur\u00e9e de 3 jours. Pass\u00e9 ce d\u00e9lai, et en l\u2019absence de r\u00e9ception du paiement, la commande sera automatiquement annul\u00e9e et les produits remis en stock.<\/p>\n<\/div>\n<\/div>\n<\/div>\n<\/div>\n<\/div>\n<\/div>\n<div class=\"vc_row wpb_row vc_row-fluid\">\n<div class=\"wpb_column vc_column_container vc_col-sm-12\">\n<div class=\"vc_column-inner\">\n<div class=\"wpb_wrapper\">\n<div class=\"wpb_text_column wpb_content_element\">\n<div class=\"wpb_wrapper\">\u00a0<\/div>\n<\/div>\n<\/div>\n<\/div>\n<\/div>\n<\/div>\n<div class=\"clearfix\">\u00a0<\/div>\n<\/div>\n<\/div>\n<\/div>\t\t\t\t\t\t\t\t<\/div>\n\t\t\t\t\t<\/div>\n\t\t<\/div>\n\t\t\t\t\t<\/div>\n\t\t<\/section>\n\t\t\t\t<\/div>\n\t\t\n    <div class=\"xs_social_share_widget xs_share_url after_content \t\tmain_content  wslu-style-1 wslu-share-box-shaped wslu-fill-colored wslu-none wslu-share-horizontal wslu-theme-font-no wslu-main_content\">\n\n\t\t\n        <ul>\n\t\t\t        <\/ul>\n    <\/div>","protected":false},"excerpt":{"rendered":"<p>Modes de paiement disponibles Paiement par carte bancaire (via protocole s\u00e9curis\u00e9 SSL) Le r\u00e8glement par carte bancaire est instantan\u00e9 et enti\u00e8rement s\u00e9curis\u00e9 gr\u00e2ce au protocole SSL. Veuillez toutefois noter que ce mode de paiement n\u2019est pas disponible pour les produits en promotion. En effet, ces derniers n\u00e9cessitent un r\u00e8glement rapide aupr\u00e8s de nos fournisseurs afin&#8230;<\/p>","protected":false},"author":1,"featured_media":0,"parent":0,"menu_order":0,"comment_status":"closed","ping_status":"closed","template":"","meta":{"postBodyCss":"","postBodyMargin":[],"postBodyPadding":[],"postBodyBackground":{"backgroundType":"classic","gradient":""},"footnotes":""},"class_list":["post-5166","page","type-page","status-publish","hentry"],"_hostinger_reach_plugin_has_subscription_block":false,"_hostinger_reach_plugin_is_elementor":false,"_links":{"self":[{"href":"https:\/\/samaterielagricole.com\/en\/wp-json\/wp\/v2\/pages\/5166","targetHints":{"allow":["GET"]}}],"collection":[{"href":"https:\/\/samaterielagricole.com\/en\/wp-json\/wp\/v2\/pages"}],"about":[{"href":"https:\/\/samaterielagricole.com\/en\/wp-json\/wp\/v2\/types\/page"}],"author":[{"embeddable":true,"href":"https:\/\/samaterielagricole.com\/en\/wp-json\/wp\/v2\/users\/1"}],"replies":[{"embeddable":true,"href":"https:\/\/samaterielagricole.com\/en\/wp-json\/wp\/v2\/comments?post=5166"}],"version-history":[{"count":4,"href":"https:\/\/samaterielagricole.com\/en\/wp-json\/wp\/v2\/pages\/5166\/revisions"}],"predecessor-version":[{"id":5170,"href":"https:\/\/samaterielagricole.com\/en\/wp-json\/wp\/v2\/pages\/5166\/revisions\/5170"}],"wp:attachment":[{"href":"https:\/\/samaterielagricole.com\/en\/wp-json\/wp\/v2\/media?parent=5166"}],"curies":[{"name":"wp","href":"https:\/\/api.w.org\/{rel}","templated":true}]}}