{"id":3289,"date":"2023-06-22T08:33:51","date_gmt":"2023-06-22T08:33:51","guid":{"rendered":"http:\/\/test.loc\/?page_id=3289"},"modified":"2025-09-21T06:30:12","modified_gmt":"2025-09-21T04:30:12","slug":"vendre-une-machine","status":"publish","type":"page","link":"https:\/\/samaterielagricole.com\/en\/vendre-une-machine\/","title":{"rendered":"Vendre une machine"},"content":{"rendered":"<div data-elementor-type=\"wp-page\" data-elementor-id=\"3289\" class=\"elementor elementor-3289\" data-elementor-post-type=\"page\">\n\t\t\t\t\t\t<section class=\"elementor-section elementor-top-section elementor-element elementor-element-43c3171 elementor-section-boxed elementor-section-height-default elementor-section-height-default\" data-id=\"43c3171\" data-element_type=\"section\" data-e-type=\"section\">\n\t\t\t\t\t\t<div class=\"elementor-container elementor-column-gap-default\">\n\t\t\t\t\t<div class=\"elementor-column elementor-col-50 elementor-top-column elementor-element elementor-element-a4237ea\" data-id=\"a4237ea\" data-element_type=\"column\" data-e-type=\"column\">\n\t\t\t<div class=\"elementor-widget-wrap elementor-element-populated\">\n\t\t\t\t\t\t<div class=\"elementor-element elementor-element-8017d0c elementor-widget elementor-widget-heading\" data-id=\"8017d0c\" data-element_type=\"widget\" data-e-type=\"widget\" data-widget_type=\"heading.default\">\n\t\t\t\t\t<h2 class=\"elementor-heading-title elementor-size-default\">VENDEZ VOTRE MACHINE<\/h2>\t\t\t\t<\/div>\n\t\t\t\t<div class=\"elementor-element elementor-element-a608bb0 elementor-widget elementor-widget-stm-colored-separator\" data-id=\"a608bb0\" data-element_type=\"widget\" data-e-type=\"widget\" data-widget_type=\"stm-colored-separator.default\">\n\t\t\t\t<div class=\"elementor-widget-container\">\n\t\t\t\t\t<div class=\"colored-separator\" style=\"text-align: left;\">\n\t\t\t<div class=\"first-long stm-base-background-color\"><\/div>\n\t\t<div class=\"last-short stm-base-background-color\"><\/div>\n\t<\/div>\n\t\t\t\t<\/div>\n\t\t\t\t<\/div>\n\t\t\t\t<div class=\"elementor-element elementor-element-a8f7d91 elementor-widget elementor-widget-text-editor\" data-id=\"a8f7d91\" data-element_type=\"widget\" data-e-type=\"widget\" data-widget_type=\"text-editor.default\">\n\t\t\t\t\t\t\t\t\t<p><span dir=\"auto\" style=\"vertical-align: inherit;\">Vous souhaitez reprendre votre machine actuel ? Il serait sans doute judicieux d&rsquo;en estimer la valeur au pr\u00e9alable. Apr\u00e8s tout, reprendre une machine est bien plus simple que de le vendre soi-m\u00eame. De plus, vous pouvez souvent r\u00e9duire vos mensualit\u00e9s en le reprenant. Gagnant-gagnant !<\/span><\/p><p><span dir=\"auto\" style=\"vertical-align: inherit;\">Nous sommes l\u00e0 pour vous aider \u00e0 prendre une d\u00e9cision \u00e9clair\u00e9e. Remplissez le formulaire ci-dessous et nous vous enverrons une estimation sous 48 heures. Ensuite, \u00e0 vous de choisir\u00a0!<\/span><\/p>\t\t\t\t\t\t\t\t<\/div>\n\t\t\t\t\t<\/div>\n\t\t<\/div>\n\t\t\t\t<div class=\"elementor-column elementor-col-50 elementor-top-column elementor-element elementor-element-ea6d2bc\" data-id=\"ea6d2bc\" data-element_type=\"column\" data-e-type=\"column\">\n\t\t\t<div class=\"elementor-widget-wrap elementor-element-populated\">\n\t\t\t\t\t\t<div class=\"elementor-element elementor-element-f5deb16 elementor-widget elementor-widget-motors-sell-your-car\" data-id=\"f5deb16\" data-element_type=\"widget\" data-e-type=\"widget\" data-widget_type=\"motors-sell-your-car.default\">\n\t\t\t\t<div class=\"elementor-widget-container\">\n\t\t\t\t\t\t<div class=\"stm-sell-a-car-form stm-sell-a-car-form-69f353c653f3f\" data-form-id=\"69f353c653f3f\">\n\t\t<div class=\"form-navigation\">\n\t\t\t<div class=\"row\">\n\t\t\t\t<div class=\"col-md-4 col-sm-4\">\n\t\t\t\t\t<a href=\"#step-one\" class=\"form-navigation-unit active\" data-tab=\"step-one\">\n\t\t\t\t\t\t<div class=\"number heading-font\">1.<\/div>\n\t\t\t\t\t\t<div class=\"title heading-font\">\n\t\t\t\t\t\t\tCar Information\t\t\t\t\t\t<\/div>\n\t\t\t\t\t\t<div class=\"sub-title\">\n\t\t\t\t\t\t\tAdd your car details\t\t\t\t\t\t<\/div>\n\t\t\t\t\t<\/a>\n\t\t\t\t<\/div>\n\t\t\t\t<div class=\"col-md-4 col-sm-4\">\n\t\t\t\t\t<a href=\"#step-two\" class=\"form-navigation-unit\" data-tab=\"step-two\">\n\t\t\t\t\t\t<div class=\"number heading-font\">2.<\/div>\n\t\t\t\t\t\t<div class=\"title heading-font\">\n\t\t\t\t\t\t\tCar Condition\t\t\t\t\t\t<\/div>\n\t\t\t\t\t\t<div class=\"sub-title\">\n\t\t\t\t\t\t\tAdd your car details\t\t\t\t\t\t<\/div>\n\t\t\t\t\t<\/a>\n\t\t\t\t<\/div>\n\t\t\t\t<div class=\"col-md-4 col-sm-4\">\n\t\t\t\t\t<a href=\"#step-three\" class=\"form-navigation-unit\" data-tab=\"step-three\">\n\t\t\t\t\t\t<div class=\"number heading-font\">3.<\/div>\n\t\t\t\t\t\t<div class=\"title heading-font\">Contact details<\/div>\n\t\t\t\t\t\t<div class=\"sub-title\">Your contact details<\/div>\n\t\t\t\t\t<\/a>\n\t\t\t\t<\/div>\n\t\t\t<\/div>\n\t\t<\/div>\n\t\t<div class=\"form-content\">\n\t\t\t<form method=\"POST\" action=\"\" id=\"trade-in-default\" enctype=\"multipart\/form-data\" data-trp-original-action=\"\">\n\t\t\t\t<!-- STEP ONE -->\n\t\t\t\t<div class=\"form-content-unit active\" id=\"step-one\">\n\t\t\t\t\t<input type=\"hidden\" name=\"trade_in_wpnonce\" value=\"322b2c464f\"\/>\n\t\t\t\t\t<input type=\"hidden\" name=\"trade_in_submitted\" value=\"false\"\/>\n\t\t\t\t\t<input type=\"hidden\" name=\"sell_a_car\" value=\"filled\"\/>\n\t\t\t\t\t<input type=\"hidden\" name=\"car\" value=\"Vendre une machine\"\/>\n\t\t\t\t\t\t\t\t\t\t<div class=\"row\">\n\t\t\t\t\t\t<div class=\"col-md-4 col-sm-4\">\n\t\t\t\t\t\t\t<div class=\"form-group\">\n\t\t\t\t\t\t\t\t<div class=\"contact-us-label\">Make<\/div>\n\t\t\t\t\t\t\t\t<input type=\"text\" value=\"\" name=\"make\"\n\t\t\t\t\t\t\t\t\tdata-need=\"true\" required>\n\t\t\t\t\t\t\t<\/div>\n\t\t\t\t\t\t<\/div>\n\t\t\t\t\t\t<div class=\"col-md-4 col-sm-4\">\n\t\t\t\t\t\t\t<div class=\"form-group\">\n\t\t\t\t\t\t\t\t<div class=\"contact-us-label\">Model<\/div>\n\t\t\t\t\t\t\t\t<input type=\"text\" value=\"\" name=\"model\"\n\t\t\t\t\t\t\t\t\tdata-need=\"true\" required>\n\t\t\t\t\t\t\t<\/div>\n\t\t\t\t\t\t<\/div>\n\t\t\t\t\t\t<div class=\"col-md-4 col-sm-4\">\n\t\t\t\t\t\t\t<div class=\"form-group\">\n\t\t\t\t\t\t\t\t<div class=\"contact-us-label\">Year<\/div>\n\t\t\t\t\t\t\t\t<input type=\"text\" value=\"\"\n\t\t\t\t\t\t\t\t\tname=\"stm_year\"\/>\n\t\t\t\t\t\t\t<\/div>\n\t\t\t\t\t\t<\/div>\n\t\t\t\t\t\t<div class=\"col-md-4 col-sm-4\">\n\t\t\t\t\t\t\t<div class=\"form-group\">\n\t\t\t\t\t\t\t\t<div class=\"contact-us-label\">Transmission<\/div>\n\t\t\t\t\t\t\t\t<input type=\"text\" value=\"\"\n\t\t\t\t\t\t\t\t\tname=\"transmission\"\/>\n\t\t\t\t\t\t\t<\/div>\n\t\t\t\t\t\t<\/div>\n\t\t\t\t\t\t<div class=\"col-md-4 col-sm-4\">\n\t\t\t\t\t\t\t<div class=\"form-group\">\n\t\t\t\t\t\t\t\t<div class=\"contact-us-label\">\n\t\t\t\t\t\t\t\t\tMileage\t\t\t\t\t\t\t\t<\/div>\n\t\t\t\t\t\t\t\t<input type=\"text\" value=\"\"\n\t\t\t\t\t\t\t\t\tname=\"mileage\"\/>\n\t\t\t\t\t\t\t<\/div>\n\t\t\t\t\t\t<\/div>\n\t\t\t\t\t\t<div class=\"col-md-4 col-sm-4\">\n\t\t\t\t\t\t\t<div class=\"form-group\">\n\t\t\t\t\t\t\t\t<div class=\"contact-us-label\">VIN<\/div>\n\t\t\t\t\t\t\t\t<input type=\"text\" value=\"\" name=\"vin\"\/>\n\t\t\t\t\t\t\t<\/div>\n\t\t\t\t\t\t<\/div>\n\t\t\t\t\t<\/div>\n\n\t\t\t\t\t<div class=\"row\">\n\t\t\t\t\t\t<div class=\"col-md-12 col-sm-12\">\n\t\t\t\t\t\t\t\t\t\t\t\t\t\t<div class=\"form-upload-files\">\n\t\t\t\t\t\t\t\t<div class=\"clearfix\">\n\t\t\t\t\t\t\t\t\t<div class=\"stm-unit-photos\">\n\t\t\t\t\t\t\t\t\t\t<h5 class=\"stm-label-type-2\">Upload your car Photos<\/h5>\n\t\t\t\t\t\t\t\t\t\t<div class=\"upload-photos\">\n\t\t\t\t\t\t\t\t\t\t\t<div class=\"stm-pseudo-file-input\" data-placeholder=\"Choose file...\">\n\t\t\t\t\t\t\t\t\t\t\t\t<div class=\"stm-filename\">Choose file...<\/div>\n\t\t\t\t\t\t\t\t\t\t\t\t<div class=\"stm-plus\"><\/div>\n\t\t\t\t\t\t\t\t\t\t\t\t<input class=\"stm-file-realfield\" type=\"file\" name=\"gallery_images_0\"\/>\n\t\t\t\t\t\t\t\t\t\t\t<\/div>\n\t\t\t\t\t\t\t\t\t\t<\/div>\n\t\t\t\t\t\t\t\t\t<\/div>\n\t\t\t\t\t\t\t\t\t<div class=\"stm-unit-url\">\n\t\t\t\t\t\t\t\t\t\t<h5 class=\"stm-label-type-2\">\n\t\t\t\t\t\t\t\t\t\t\tProvide a hosted video url of your car\t\t\t\t\t\t\t\t\t\t<\/h5>\n\t\t\t\t\t\t\t\t\t\t<input type=\"text\" value=\"\"\n\t\t\t\t\t\t\t\t\t\t\tname=\"video_url\"\/>\n\t\t\t\t\t\t\t\t\t<\/div>\n\t\t\t\t\t\t\t\t<\/div>\n\t\t\t\t\t\t\t<\/div>\n\t\t\t\t\t\t\t<img decoding=\"async\" src=\"https:\/\/samaterielagricole.com\/wp-content\/themes\/motors\/assets\/images\/radio.png\"\n\t\t\t\t\t\t\t\tstyle=\"opacity:0; width:0; height:0;\"\/>\n\n\t\t\t\t\t\t<\/div>\n\t\t\t\t\t<\/div>\n\n\t\t\t\t\t<div class=\"row\">\n\t\t\t\t\t\t<div class=\"col-md-4 col-sm-4\">\n\t\t\t\t\t\t\t<div class=\"form-group\">\n\t\t\t\t\t\t\t\t<div class=\"contact-us-label\">Exterior color<\/div>\n\t\t\t\t\t\t\t\t<input type=\"text\" value=\"\"\n\t\t\t\t\t\t\t\t\tname=\"exterior_color\"\/>\n\t\t\t\t\t\t\t<\/div>\n\t\t\t\t\t\t<\/div>\n\t\t\t\t\t\t<div class=\"col-md-4 col-sm-4\">\n\t\t\t\t\t\t\t<div class=\"form-group\">\n\t\t\t\t\t\t\t\t<div class=\"contact-us-label\">Interior color<\/div>\n\t\t\t\t\t\t\t\t<input type=\"text\" value=\"\"\n\t\t\t\t\t\t\t\t\tname=\"interior_color\"\/>\n\t\t\t\t\t\t\t<\/div>\n\t\t\t\t\t\t<\/div>\n\t\t\t\t\t\t<div class=\"col-md-4 col-sm-4\">\n\t\t\t\t\t\t\t<div class=\"form-group\">\n\t\t\t\t\t\t\t\t<div class=\"contact-us-label\">Owner<\/div>\n\t\t\t\t\t\t\t\t<input type=\"text\" value=\"\" name=\"owner\"\/>\n\t\t\t\t\t\t\t<\/div>\n\t\t\t\t\t\t<\/div>\n\t\t\t\t\t<\/div>\n\n\t\t\t\t\t<a href=\"#\" class=\"button sell-a-car-proceed\" data-step=\"2\">\n\t\t\t\t\t\tSave and continue\t\t\t\t\t<\/a>\n\t\t\t\t<\/div>\n\n\t\t\t\t<!-- STEP TWO -->\n\t\t\t\t<div class=\"form-content-unit\" id=\"step-two\">\n\t\t\t\t\t<div class=\"vehicle-condition\">\n\t\t\t\t\t\t<div class=\"vehicle-condition-unit\">\n\t\t\t\t\t\t\t<div class=\"icon\"><i class=\"stm-icon-car-relic\"><\/i><\/div>\n\t\t\t\t\t\t\t<div class=\"title h5\">What is the Exterior Condition?<\/div>\n\t\t\t\t\t\t\t<label>\n\t\t\t\t\t\t\t\t<input type=\"radio\" name=\"exterior_condition\"\n\t\t\t\t\t\t\t\t\tvalue=\"Extra clean\" checked>\n\t\t\t\t\t\t\t\tExtra clean\t\t\t\t\t\t\t<\/label>\n\t\t\t\t\t\t\t<label>\n\t\t\t\t\t\t\t\t<input type=\"radio\" name=\"exterior_condition\"\n\t\t\t\t\t\t\t\t\tvalue=\"Clean\"\/>\n\t\t\t\t\t\t\t\tClean\t\t\t\t\t\t\t<\/label>\n\t\t\t\t\t\t\t<label>\n\t\t\t\t\t\t\t\t<input type=\"radio\" name=\"exterior_condition\"\n\t\t\t\t\t\t\t\t\tvalue=\"Average\"\/>\n\t\t\t\t\t\t\t\tAverage\t\t\t\t\t\t\t<\/label>\n\t\t\t\t\t\t\t<label>\n\t\t\t\t\t\t\t\t<input type=\"radio\" name=\"exterior_condition\"\n\t\t\t\t\t\t\t\t\tvalue=\"Below Average\"\/>\n\t\t\t\t\t\t\t\tBelow Average\t\t\t\t\t\t\t<\/label>\n\t\t\t\t\t\t\t<label>\n\t\t\t\t\t\t\t\t<input type=\"radio\" name=\"exterior_condition\"\n\t\t\t\t\t\t\t\t\tvalue=\"I don&#039;t know\"\/>\n\t\t\t\t\t\t\t\tI don&#039;t know\t\t\t\t\t\t\t<\/label>\n\t\t\t\t\t\t<\/div>\n\t\t\t\t\t\t<div class=\"vehicle-condition-unit\">\n\t\t\t\t\t\t\t<div class=\"icon buoy\"><i class=\"stm-icon-buoy\"><\/i><\/div>\n\t\t\t\t\t\t\t<div class=\"title h5\">What is the Interior Condition?<\/div>\n\t\t\t\t\t\t\t<label>\n\t\t\t\t\t\t\t\t<input type=\"radio\" name=\"interior_condition\"\n\t\t\t\t\t\t\t\t\tvalue=\"Extra clean\" checked>\n\t\t\t\t\t\t\t\tExtra clean\t\t\t\t\t\t\t<\/label>\n\t\t\t\t\t\t\t<label>\n\t\t\t\t\t\t\t\t<input type=\"radio\" name=\"interior_condition\"\n\t\t\t\t\t\t\t\t\tvalue=\"Clean\"\/>\n\t\t\t\t\t\t\t\tClean\t\t\t\t\t\t\t<\/label>\n\t\t\t\t\t\t\t<label>\n\t\t\t\t\t\t\t\t<input type=\"radio\" name=\"interior_condition\"\n\t\t\t\t\t\t\t\t\tvalue=\"Average\"\/>\n\t\t\t\t\t\t\t\tAverage\t\t\t\t\t\t\t<\/label>\n\t\t\t\t\t\t\t<label>\n\t\t\t\t\t\t\t\t<input type=\"radio\" name=\"interior_condition\"\n\t\t\t\t\t\t\t\t\tvalue=\"Below Average\"\/>\n\t\t\t\t\t\t\t\tBelow Average\t\t\t\t\t\t\t<\/label>\n\t\t\t\t\t\t\t<label>\n\t\t\t\t\t\t\t\t<input type=\"radio\" name=\"interior_condition\"\n\t\t\t\t\t\t\t\t\tvalue=\"I don&#039;t know\"\/>\n\t\t\t\t\t\t\t\tI don&#039;t know\t\t\t\t\t\t\t<\/label>\n\t\t\t\t\t\t<\/div>\n\t\t\t\t\t\t<div class=\"vehicle-condition-unit\">\n\t\t\t\t\t\t\t<div class=\"icon buoy-2\"><i class=\"stm-icon-buoy-2\"><\/i><\/div>\n\t\t\t\t\t\t\t<div class=\"title h5\">Has vehicle been in accident<\/div>\n\t\t\t\t\t\t\t<label>\n\t\t\t\t\t\t\t\t<input type=\"radio\" name=\"accident\" value=\"Yes\"\/>\n\t\t\t\t\t\t\t\tYes\t\t\t\t\t\t\t<\/label>\n\t\t\t\t\t\t\t<label>\n\t\t\t\t\t\t\t\t<input type=\"radio\" name=\"accident\" value=\"No\"\n\t\t\t\t\t\t\t\t\tchecked>\n\t\t\t\t\t\t\t\tNo\t\t\t\t\t\t\t<\/label>\n\t\t\t\t\t\t\t<label>\n\t\t\t\t\t\t\t\t<input type=\"radio\" name=\"accident\"\n\t\t\t\t\t\t\t\t\tvalue=\"I don&#039;t know\"\/>\n\t\t\t\t\t\t\t\tI don&#039;t know\t\t\t\t\t\t\t<\/label>\n\t\t\t\t\t\t<\/div>\n\t\t\t\t\t<\/div>\n\t\t\t\t\t<a href=\"#\" class=\"button sell-a-car-proceed\" data-step=\"3\">\n\t\t\t\t\t\tSave and continue\t\t\t\t\t<\/a>\n\t\t\t\t<\/div>\n\n\t\t\t\t<!-- STEP THREE -->\n\t\t\t\t<div class=\"form-content-unit\" id=\"step-three\">\n\t\t\t\t\t<div class=\"contact-details\">\n\t\t\t\t\t\t\t\t\t\t\t\t<div class=\"row\">\n\t\t\t\t\t\t\t<div class=\"col-md-6 col-sm-6\">\n\t\t\t\t\t\t\t\t<div class=\"form-group\">\n\t\t\t\t\t\t\t\t\t<div class=\"contact-us-label\">First name*<\/div>\n\t\t\t\t\t\t\t\t\t<input type=\"text\" value=\"\"\n\t\t\t\t\t\t\t\t\t\tname=\"first_name\"\/>\n\t\t\t\t\t\t\t\t<\/div>\n\t\t\t\t\t\t\t<\/div>\n\t\t\t\t\t\t\t<div class=\"col-md-6 col-sm-6\">\n\t\t\t\t\t\t\t\t<div class=\"form-group\">\n\t\t\t\t\t\t\t\t\t<div class=\"contact-us-label\">Last name*<\/div>\n\t\t\t\t\t\t\t\t\t<input type=\"text\" value=\"\"\n\t\t\t\t\t\t\t\t\t\tname=\"last_name\"\/>\n\t\t\t\t\t\t\t\t<\/div>\n\t\t\t\t\t\t\t<\/div>\n\t\t\t\t\t\t\t<div class=\"col-md-6 col-sm-6\">\n\t\t\t\t\t\t\t\t<div class=\"form-group\">\n\t\t\t\t\t\t\t\t\t<div class=\"contact-us-label\">Email Address*\n\t\t\t\t\t\t\t\t\t<\/div>\n\t\t\t\t\t\t\t\t\t<input type=\"text\" value=\"\"\n\t\t\t\t\t\t\t\t\t\tname=\"email\"\/>\n\t\t\t\t\t\t\t\t<\/div>\n\t\t\t\t\t\t\t<\/div>\n\t\t\t\t\t\t\t<div class=\"col-md-6 col-sm-6\">\n\t\t\t\t\t\t\t\t<div class=\"form-group\">\n\t\t\t\t\t\t\t\t\t<div class=\"contact-us-label\">Phone number*\n\t\t\t\t\t\t\t\t\t<\/div>\n\t\t\t\t\t\t\t\t\t<input type=\"text\" value=\"\"\n\t\t\t\t\t\t\t\t\t\tname=\"phone\"\/>\n\t\t\t\t\t\t\t\t<\/div>\n\t\t\t\t\t\t\t<\/div>\n\t\t\t\t\t\t\t<div class=\"col-md-12 col-sm-12\">\n\t\t\t\t\t\t\t\t<div class=\"form-group\">\n\t\t\t\t\t\t\t\t\t<div class=\"contact-us-label\">Comments<\/div>\n\t\t\t\t\t\t\t\t\t<textarea name=\"comments\"><\/textarea>\n\t\t\t\t\t\t\t\t<\/div>\n\t\t\t\t\t\t\t<\/div>\n\t\t\t\t\t\t<\/div>\n\t\t\t\t\t<\/div>\n\t\t\t\t\t<div class=\"clearfix\">\n\t\t\t\t\t\t<div class=\"pull-left\">\n\t\t\t\t\t\t\t\t\t\t\t\t\t\t<input type=\"submit\" value=\"Save and finish\"\/>\n\t\t\t\t\t\t\t\t\t\t\t\t\t<\/div>\n\t\t\t\t\t\t<div class=\"disclaimer\">\n\t\t\t\t\t\t\tBy submitting this form, you will be requesting trade-in value at no obligation and will be contacted within 48 hours by a sales representative.\t\t\t\t\t\t<\/div>\n\t\t\t\t\t<\/div>\n\t\t\t\t<\/div>\n\t\t\t<input type=\"hidden\" name=\"trp-form-language\" value=\"en\"\/><\/form>\n\t\t<\/div>\n\t<\/div>\n\n\t<div class=\"stm-sell-a-car-loader\">\n\t\t<div class=\"stm-loader\">\n\t\t\t<div class=\"stm-loader-inner\">\n\t\t\t\t<div class=\"stm-loader circle\">\n\t\t\t\t\t<div><\/div>\n\t\t\t\t\t<div><\/div>\n\t\t\t\t\t<div><\/div>\n\t\t\t\t<\/div>\n\t\t\t<\/div>\n\t\t<\/div>\n\t<\/div>\n\n\t<div class=\"wpcf7-response-output wpcf7-mail-sent-ok hidden\" id=\"error-fields\">\n\t\tMail successfully sent\t<\/div>\n\n\t<div class=\"wpcf7-response-output wpcf7-validation-errors hidden\" id=\"error-fields\">\n\t<\/div>\n\n\t\t\t\t<\/div>\n\t\t\t\t<\/div>\n\t\t\t\t\t<\/div>\n\t\t<\/div>\n\t\t\t\t\t<\/div>\n\t\t<\/section>\n\t\t\t\t<\/div>\n\t\t\n    <div class=\"xs_social_share_widget xs_share_url after_content \t\tmain_content  wslu-style-1 wslu-share-box-shaped wslu-fill-colored wslu-none wslu-share-horizontal wslu-theme-font-no wslu-main_content\">\n\n\t\t\n        <ul>\n\t\t\t        <\/ul>\n    <\/div>","protected":false},"excerpt":{"rendered":"<p>VENDEZ VOTRE MACHINE Vous souhaitez reprendre votre machine actuel ? Il serait sans doute judicieux d&rsquo;en estimer la valeur au pr\u00e9alable. Apr\u00e8s tout, reprendre une machine est bien plus simple que de le vendre soi-m\u00eame. De plus, vous pouvez souvent r\u00e9duire vos mensualit\u00e9s en le reprenant. Gagnant-gagnant ! Nous sommes l\u00e0 pour vous aider \u00e0&#8230;<\/p>","protected":false},"author":1,"featured_media":0,"parent":0,"menu_order":0,"comment_status":"closed","ping_status":"closed","template":"","meta":{"postBodyCss":"","postBodyMargin":[],"postBodyPadding":[],"postBodyBackground":{"backgroundType":"classic","gradient":""},"footnotes":""},"class_list":["post-3289","page","type-page","status-publish","hentry"],"_hostinger_reach_plugin_has_subscription_block":false,"_hostinger_reach_plugin_is_elementor":false,"_links":{"self":[{"href":"https:\/\/samaterielagricole.com\/en\/wp-json\/wp\/v2\/pages\/3289","targetHints":{"allow":["GET"]}}],"collection":[{"href":"https:\/\/samaterielagricole.com\/en\/wp-json\/wp\/v2\/pages"}],"about":[{"href":"https:\/\/samaterielagricole.com\/en\/wp-json\/wp\/v2\/types\/page"}],"author":[{"embeddable":true,"href":"https:\/\/samaterielagricole.com\/en\/wp-json\/wp\/v2\/users\/1"}],"replies":[{"embeddable":true,"href":"https:\/\/samaterielagricole.com\/en\/wp-json\/wp\/v2\/comments?post=3289"}],"version-history":[{"count":5,"href":"https:\/\/samaterielagricole.com\/en\/wp-json\/wp\/v2\/pages\/3289\/revisions"}],"predecessor-version":[{"id":5237,"href":"https:\/\/samaterielagricole.com\/en\/wp-json\/wp\/v2\/pages\/3289\/revisions\/5237"}],"wp:attachment":[{"href":"https:\/\/samaterielagricole.com\/en\/wp-json\/wp\/v2\/media?parent=3289"}],"curies":[{"name":"wp","href":"https:\/\/api.w.org\/{rel}","templated":true}]}}