{"id":15,"date":"2025-09-18T13:08:13","date_gmt":"2025-09-18T11:08:13","guid":{"rendered":"https:\/\/antiquewhite-alligator-594470.hostingersite.com\/?page_id=15"},"modified":"2025-09-20T16:33:21","modified_gmt":"2025-09-20T14:33:21","slug":"charte-de-politique-de-retour-et-paiement","status":"publish","type":"page","link":"https:\/\/samaterielagricole.com\/en\/charte-de-politique-de-retour-et-paiement\/","title":{"rendered":"Charte de politique de retour et paiement"},"content":{"rendered":"<div data-elementor-type=\"wp-page\" data-elementor-id=\"15\" class=\"elementor elementor-15\" data-elementor-post-type=\"page\">\n\t\t\t\t\t\t<section class=\"elementor-section elementor-top-section elementor-element elementor-element-12510682 elementor-section-boxed elementor-section-height-default elementor-section-height-default\" data-id=\"12510682\" data-element_type=\"section\" data-e-type=\"section\">\n\t\t\t\t\t\t<div class=\"elementor-container elementor-column-gap-default\">\n\t\t\t\t\t<div class=\"elementor-column elementor-col-100 elementor-top-column elementor-element elementor-element-761760d9\" data-id=\"761760d9\" data-element_type=\"column\" data-e-type=\"column\">\n\t\t\t<div class=\"elementor-widget-wrap elementor-element-populated\">\n\t\t\t\t\t\t<div class=\"elementor-element elementor-element-37339b49 elementor-widget elementor-widget-text-editor\" data-id=\"37339b49\" data-element_type=\"widget\" data-e-type=\"widget\" data-widget_type=\"text-editor.default\">\n\t\t\t\t\t\t\t\t\t<div id=\"wrapper\"><div id=\"main\"><div class=\"container\"><div class=\"vc_row wpb_row vc_row-fluid\"><div class=\"wpb_column vc_column_container vc_col-sm-12\"><div class=\"vc_column-inner\"><div class=\"wpb_wrapper\"><div class=\"wpb_text_column wpb_content_element\"><div class=\"wpb_wrapper\"><h1><strong>Politique de retour et droit de r\u00e9tractation<\/strong><\/h1><p>Chez <strong>SA MATERIEL<\/strong>, votre satisfaction est notre priorit\u00e9. Si vous n\u2019\u00eates pas enti\u00e8rement satisfait de votre commande, vous avez la possibilit\u00e9 de nous retourner les articles, \u00e0 condition que ceux-ci soient dans leur \u00e9tat d\u2019origine et que l\u2019emballage soit intact.<\/p><h3><strong>1 \u2013 Contact pour les retours<\/strong><\/h3><p>Avant tout retour, veuillez nous contacter par e-mail \u00e0 l\u2019adresse suivante :<br \/><img decoding=\"async\" class=\"emoji\" role=\"img\" draggable=\"false\" src=\"https:\/\/s.w.org\/images\/core\/emoji\/16.0.1\/svg\/1f4e7.svg\" alt=\"\ud83d\udce7\" \/> info@samaterielagricole.com<\/p><p><img decoding=\"async\" class=\"emoji\" role=\"img\" draggable=\"false\" src=\"https:\/\/s.w.org\/images\/core\/emoji\/16.0.1\/svg\/1f4e6.svg\" alt=\"\ud83d\udce6\" \/> RUE DE LA LIBERTE 14210 THUE ET MUE, France<\/p><h3><strong>2 \u2013\u00a0 D\u00e9lai de r\u00e9tractation<\/strong><\/h3><p>Conform\u00e9ment \u00e0 la l\u00e9gislation en vigueur, vous disposez d\u2019un d\u00e9lai de 14 jours calendaires \u00e0 compter de la r\u00e9ception de votre commande pour exercer votre droit de r\u00e9tractation.<\/p><p>Le remboursement sera effectu\u00e9 sur votre compte bancaire dans un d\u00e9lai de 14 jours suivant la r\u00e9ception et la v\u00e9rification de l\u2019article retourn\u00e9.<\/p><h3><strong>3 \u2013 Conditions de retour<\/strong><\/h3><p>\u2013 Chaque article doit \u00eatre retourn\u00e9 dans le m\u00eame \u00e9tat que lors de la livraison .<br \/>\u2013 Le droit de r\u00e9tractation s\u2019exerce par\u00a0 notification par e-mail , suivie de l\u2019exp\u00e9dition du ou des articles concern\u00e9s dans un d\u00e9lai maximum de 14 jours apr\u00e8s r\u00e9ception.<\/p><h3><strong>4 \u2013 Frais de retour<\/strong><\/h3><p>\u2013 Les frais de retour sont \u00e0 notre charge uniquement dans les cas suivants :<br \/>\u2013 Erreur de pr\u00e9paration de commande<br \/>\u2013 Produit endommag\u00e9 ou d\u00e9fectueux \u00e0 la r\u00e9ception<br \/>\u2013 Dans tous les autres cas, les frais de retour restent \u00e0 votre charge.<\/p><h3><strong>5 \u2013 Remboursement<\/strong><\/h3><p>Apr\u00e8s v\u00e9rification de l\u2019\u00e9tat des articles retourn\u00e9s, nous proc\u00e9derons au remboursement du prix d\u2019achat, dans un d\u00e9lai de 15 jours maximum apr\u00e8s r\u00e9ception.<\/p><p>Si le produit retourn\u00e9 est indisponible, <strong>SA MATERIEL<\/strong> s\u2019engage \u00e0 vous rembourser l\u2019int\u00e9gralit\u00e9 des sommes vers\u00e9es, dans un d\u00e9lai de 30 jours maximum.<\/p><p><img decoding=\"async\" class=\"emoji\" role=\"img\" draggable=\"false\" src=\"https:\/\/s.w.org\/images\/core\/emoji\/16.0.1\/svg\/26a0.svg\" alt=\"\u26a0\ufe0f\" \/> Aucun retour ne sera accept\u00e9 au-del\u00e0 de 30 jours suivant la date de livraison.<\/p><\/div><\/div><\/div><\/div><\/div><\/div><\/div><\/div><\/div><p><!-- \/wp:paragraph --><\/p>\t\t\t\t\t\t\t\t<\/div>\n\t\t\t\t\t<\/div>\n\t\t<\/div>\n\t\t\t\t\t<\/div>\n\t\t<\/section>\n\t\t\t\t<\/div>\n\t\t\n    <div class=\"xs_social_share_widget xs_share_url after_content \t\tmain_content  wslu-style-1 wslu-share-box-shaped wslu-fill-colored wslu-none wslu-share-horizontal wslu-theme-font-no wslu-main_content\">\n\n\t\t\n        <ul>\n\t\t\t        <\/ul>\n    <\/div>","protected":false},"excerpt":{"rendered":"<p>Politique de retour et droit de r\u00e9tractation Chez SA MATERIEL, votre satisfaction est notre priorit\u00e9. Si vous n\u2019\u00eates pas enti\u00e8rement satisfait de votre commande, vous avez la possibilit\u00e9 de nous retourner les articles, \u00e0 condition que ceux-ci soient dans leur \u00e9tat d\u2019origine et que l\u2019emballage soit intact. 1 \u2013 Contact pour les retours Avant tout&#8230;<\/p>","protected":false},"author":1,"featured_media":0,"parent":0,"menu_order":0,"comment_status":"closed","ping_status":"closed","template":"","meta":{"postBodyCss":"","postBodyMargin":[],"postBodyPadding":[],"postBodyBackground":{"backgroundType":"classic","gradient":""},"footnotes":""},"class_list":["post-15","page","type-page","status-publish","hentry"],"_hostinger_reach_plugin_has_subscription_block":false,"_hostinger_reach_plugin_is_elementor":false,"_links":{"self":[{"href":"https:\/\/samaterielagricole.com\/en\/wp-json\/wp\/v2\/pages\/15","targetHints":{"allow":["GET"]}}],"collection":[{"href":"https:\/\/samaterielagricole.com\/en\/wp-json\/wp\/v2\/pages"}],"about":[{"href":"https:\/\/samaterielagricole.com\/en\/wp-json\/wp\/v2\/types\/page"}],"author":[{"embeddable":true,"href":"https:\/\/samaterielagricole.com\/en\/wp-json\/wp\/v2\/users\/1"}],"replies":[{"embeddable":true,"href":"https:\/\/samaterielagricole.com\/en\/wp-json\/wp\/v2\/comments?post=15"}],"version-history":[{"count":14,"href":"https:\/\/samaterielagricole.com\/en\/wp-json\/wp\/v2\/pages\/15\/revisions"}],"predecessor-version":[{"id":5151,"href":"https:\/\/samaterielagricole.com\/en\/wp-json\/wp\/v2\/pages\/15\/revisions\/5151"}],"wp:attachment":[{"href":"https:\/\/samaterielagricole.com\/en\/wp-json\/wp\/v2\/media?parent=15"}],"curies":[{"name":"wp","href":"https:\/\/api.w.org\/{rel}","templated":true}]}}